{"id":37820,"date":"2025-08-01T10:54:29","date_gmt":"2025-08-01T10:54:29","guid":{"rendered":"https:\/\/purama.lt\/produktas\/ohgood-baltymu-milteliai-vaniles-skonio\/"},"modified":"2026-01-08T11:32:23","modified_gmt":"2026-01-08T09:32:23","slug":"ohgood-proteina-pulveris-vanilas-garsas","status":"publish","type":"product","link":"https:\/\/purama.lt\/lv\/produktas\/ohgood-baltymu-milteliai-vaniles-skonio\/","title":{"rendered":"OH!GOOD Prote\u012bna pulveris vani\u013cas gar\u0161as"},"content":{"rendered":"","protected":false},"excerpt":{"rendered":"<p>Maigais un univers\u0101lais vani\u013cas arom\u0101ts labi sader gan ar koktei\u013ciem, gan ar konditorejas izstr\u0101d\u0101jumiem. \"Oh!Good Protein Powder\" pal\u012bdz papildin\u0101t uzturu ar augstas kvalit\u0101tes olbaltumviel\u0101m musku\u013cu uztur\u0113\u0161anai, atjauno\u0161anai un visp\u0101r\u0113jai ener\u0123ijai.<\/p>\n<p><strong>K\u0101p\u0113c izv\u0113l\u0113ties:<\/strong><br \/>\n\u2714 Maiga vani\u013cas gar\u0161a - piem\u0113rota ar da\u017e\u0101d\u0101m sast\u0101vda\u013c\u0101m<br \/>\n\u2714 Viegli lietojams koktei\u013cos, putr\u0101s vai maizes izstr\u0101d\u0101jumos<br \/>\n\u2714 Augstas kvalit\u0101tes olbaltumvielu avots<br \/>\n\u2714 Bez pievienot\u0101 cukura<br \/>\n\u2714 Piem\u0113rots tiem, kas vingro un vesel\u012bgi \u0113d<\/p>","protected":false},"featured_media":37833,"comment_status":"open","ping_status":"closed","template":"","meta":{"_acf_changed":true},"product_brand":[447],"product_cat":[60,296,298],"product_tag":[],"class_list":{"0":"post-37820","1":"product","2":"type-product","3":"status-publish","4":"has-post-thumbnail","6":"product_brand-ohgood","7":"product_cat-mitybai","8":"product_cat-baltyminiai-kokteiliai","9":"product_cat-sveikas-maistas","11":"first","12":"instock","13":"shipping-taxable","14":"purchasable","15":"product-type-simple"},"acf":[],"tiered_pricing_type":"fixed","tiered_pricing_fixed_rules":[],"tiered_pricing_product_settings":{"layout":"default","base_unit_name":{"singular":null,"plural":null},"default_variation":null},"tiered_pricing_minimum_quantity":null,"tiered_pricing_roles_data":[],"tiered_pricing_percentage_rules":[],"_links":{"self":[{"href":"https:\/\/purama.lt\/lv\/wp-json\/wp\/v2\/product\/37820","targetHints":{"allow":["GET"]}}],"collection":[{"href":"https:\/\/purama.lt\/lv\/wp-json\/wp\/v2\/product"}],"about":[{"href":"https:\/\/purama.lt\/lv\/wp-json\/wp\/v2\/types\/product"}],"replies":[{"embeddable":true,"href":"https:\/\/purama.lt\/lv\/wp-json\/wp\/v2\/comments?post=37820"}],"wp:featuredmedia":[{"embeddable":true,"href":"https:\/\/purama.lt\/lv\/wp-json\/wp\/v2\/media\/37833"}],"wp:attachment":[{"href":"https:\/\/purama.lt\/lv\/wp-json\/wp\/v2\/media?parent=37820"}],"wp:term":[{"taxonomy":"product_brand","embeddable":true,"href":"https:\/\/purama.lt\/lv\/wp-json\/wp\/v2\/product_brand?post=37820"},{"taxonomy":"product_cat","embeddable":true,"href":"https:\/\/purama.lt\/lv\/wp-json\/wp\/v2\/product_cat?post=37820"},{"taxonomy":"product_tag","embeddable":true,"href":"https:\/\/purama.lt\/lv\/wp-json\/wp\/v2\/product_tag?post=37820"}],"curies":[{"name":"wp","href":"https:\/\/api.w.org\/{rel}","templated":true}]}}