{"id":37819,"date":"2025-08-01T10:54:29","date_gmt":"2025-08-01T10:54:29","guid":{"rendered":"https:\/\/purama.lt\/produktas\/ohgood-baltymu-batonelis-avieciu-ir-sokolado-skonio\/"},"modified":"2026-04-08T16:30:59","modified_gmt":"2026-04-08T14:30:59","slug":"ohgood-olbaltumvielu-batonins-avenu-un-sokolades-garsas","status":"publish","type":"product","link":"https:\/\/purama.lt\/lv\/produktas\/ohgood-baltymu-batonelis-avieciu-ir-sokolado-skonio\/","title":{"rendered":"OH!GOOD Prote\u012bna batoni\u0146\u0161 Ave\u0146u un \u0161okol\u0101des gar\u0161a"},"content":{"rendered":"","protected":false},"excerpt":{"rendered":"<p>Gar\u0161\u012bgs un barojo\u0161s alternat\u012bva ierastajiem saldumiem - Oh!Good batoni\u0146\u0161 ar ave\u0146u un \u0161okol\u0101des gar\u0161u ir ne tikai s\u0101t\u012bgs, bet ar\u012b nodro\u0161ina nepiecie\u0161am\u0101s olbaltumvielas, kad t\u0101s visvair\u0101k nepiecie\u0161amas. Piem\u0113rots akt\u012bviem cilv\u0113kiem, k\u0101 uzkoda p\u0113c treni\u0146a vai starp \u0113dienreiz\u0113m.<\/p>\n<p><strong>K\u0101p\u0113c izv\u0113l\u0113ties:<\/strong><br \/>\n\u2714 Lielisks olbaltumvielu avots ce\u013c\u0101, darb\u0101 vai p\u0113c sporto\u0161anas<br \/>\n\u2714 Zems cukura l\u012bmenis - vair\u0101k labv\u0113l\u012bgu vielu<br \/>\n\u2714 Gar\u0161\u012bga kombin\u0101cija: svaigas avenes un bag\u0101t\u012bga \u0161okol\u0101de<br \/>\n\u2714 Viegli iek\u013caujas kabat\u0101 vai sporta som\u0101<br \/>\n\u2714 Bez lipek\u013ca un palmu e\u013c\u013cas<\/p>","protected":false},"featured_media":37827,"comment_status":"open","ping_status":"closed","template":"","meta":{"_acf_changed":true},"product_brand":[447],"product_cat":[60,297,298],"product_tag":[],"class_list":{"0":"post-37819","1":"product","2":"type-product","3":"status-publish","4":"has-post-thumbnail","6":"product_brand-ohgood","7":"product_cat-mitybai","8":"product_cat-baltyminiai-batoneliai","9":"product_cat-sveikas-maistas","11":"first","12":"instock","13":"shipping-taxable","14":"purchasable","15":"product-type-simple"},"acf":[],"tiered_pricing_type":"fixed","tiered_pricing_fixed_rules":[],"tiered_pricing_product_settings":{"layout":"default","base_unit_name":{"singular":null,"plural":null},"default_variation":null},"tiered_pricing_minimum_quantity":null,"tiered_pricing_roles_data":[],"tiered_pricing_percentage_rules":[],"_links":{"self":[{"href":"https:\/\/purama.lt\/lv\/wp-json\/wp\/v2\/product\/37819","targetHints":{"allow":["GET"]}}],"collection":[{"href":"https:\/\/purama.lt\/lv\/wp-json\/wp\/v2\/product"}],"about":[{"href":"https:\/\/purama.lt\/lv\/wp-json\/wp\/v2\/types\/product"}],"replies":[{"embeddable":true,"href":"https:\/\/purama.lt\/lv\/wp-json\/wp\/v2\/comments?post=37819"}],"wp:featuredmedia":[{"embeddable":true,"href":"https:\/\/purama.lt\/lv\/wp-json\/wp\/v2\/media\/37827"}],"wp:attachment":[{"href":"https:\/\/purama.lt\/lv\/wp-json\/wp\/v2\/media?parent=37819"}],"wp:term":[{"taxonomy":"product_brand","embeddable":true,"href":"https:\/\/purama.lt\/lv\/wp-json\/wp\/v2\/product_brand?post=37819"},{"taxonomy":"product_cat","embeddable":true,"href":"https:\/\/purama.lt\/lv\/wp-json\/wp\/v2\/product_cat?post=37819"},{"taxonomy":"product_tag","embeddable":true,"href":"https:\/\/purama.lt\/lv\/wp-json\/wp\/v2\/product_tag?post=37819"}],"curies":[{"name":"wp","href":"https:\/\/api.w.org\/{rel}","templated":true}]}}