{"id":37815,"date":"2025-08-01T10:54:28","date_gmt":"2025-08-01T10:54:28","guid":{"rendered":"https:\/\/purama.lt\/produktas\/d-lab-moteru-ciklo-balanso-maisto-papildas\/"},"modified":"2026-03-31T10:47:45","modified_gmt":"2026-03-31T08:47:45","slug":"d-lab-sieviesu-cikla-lidzsvars-uztura-bagatinatajs","status":"publish","type":"product","link":"https:\/\/purama.lt\/lv\/produktas\/d-lab-moteru-ciklo-balanso-maisto-papildas\/","title":{"rendered":"D-LAB Women's Cycle Balance uztura bag\u0101tin\u0101t\u0101js sieviet\u0113m"},"content":{"rendered":"","protected":false},"excerpt":{"rendered":"<p>L\u012bdzsvarota formula sieviet\u0113m ar hormon\u0101l\u0101m sv\u0101rst\u012bb\u0101m, PMS vai cikla trauc\u0113jumiem. Satur viteksa, cinka, B6 vitam\u012bna un magnija kompleksus.<\/p>\n<p><strong>K\u0101p\u0113c izv\u0113l\u0113ties:<\/strong><br \/>\n\u2713 mazina PMS simptomus un emocion\u0101l\u0101s sv\u0101rst\u012bbas<br \/>\n\u2713 Atbalsta norm\u0101lu menstru\u0101lo ciklu<br \/>\n\u2713 Sekm\u0113 hormonu regul\u0113\u0161anu<br \/>\n\u2713 Uzlabo emocion\u0101lo l\u012bdzsvaru un miegu<br \/>\n\u2713 Dabisks risin\u0101jums bez hormoniem<\/p>","protected":false},"featured_media":37792,"comment_status":"open","ping_status":"closed","template":"","meta":{"_acf_changed":false},"product_brand":[419],"product_cat":[123,278,276],"product_tag":[],"class_list":{"0":"post-37815","1":"product","2":"type-product","3":"status-publish","4":"has-post-thumbnail","6":"product_brand-d-lab","7":"product_cat-papildai-ilgaamziskumui","8":"product_cat-moterims","9":"product_cat-seksualinei-sveikatai","11":"first","12":"instock","13":"shipping-taxable","14":"purchasable","15":"product-type-simple"},"acf":[],"tiered_pricing_type":"fixed","tiered_pricing_fixed_rules":[],"tiered_pricing_product_settings":{"layout":"default","base_unit_name":{"singular":null,"plural":null},"default_variation":null},"tiered_pricing_minimum_quantity":null,"tiered_pricing_roles_data":[],"tiered_pricing_percentage_rules":[],"_links":{"self":[{"href":"https:\/\/purama.lt\/lv\/wp-json\/wp\/v2\/product\/37815","targetHints":{"allow":["GET"]}}],"collection":[{"href":"https:\/\/purama.lt\/lv\/wp-json\/wp\/v2\/product"}],"about":[{"href":"https:\/\/purama.lt\/lv\/wp-json\/wp\/v2\/types\/product"}],"replies":[{"embeddable":true,"href":"https:\/\/purama.lt\/lv\/wp-json\/wp\/v2\/comments?post=37815"}],"wp:featuredmedia":[{"embeddable":true,"href":"https:\/\/purama.lt\/lv\/wp-json\/wp\/v2\/media\/37792"}],"wp:attachment":[{"href":"https:\/\/purama.lt\/lv\/wp-json\/wp\/v2\/media?parent=37815"}],"wp:term":[{"taxonomy":"product_brand","embeddable":true,"href":"https:\/\/purama.lt\/lv\/wp-json\/wp\/v2\/product_brand?post=37815"},{"taxonomy":"product_cat","embeddable":true,"href":"https:\/\/purama.lt\/lv\/wp-json\/wp\/v2\/product_cat?post=37815"},{"taxonomy":"product_tag","embeddable":true,"href":"https:\/\/purama.lt\/lv\/wp-json\/wp\/v2\/product_tag?post=37815"}],"curies":[{"name":"wp","href":"https:\/\/api.w.org\/{rel}","templated":true}]}}