{"id":37814,"date":"2025-08-01T10:54:28","date_gmt":"2025-08-01T10:54:28","guid":{"rendered":"https:\/\/purama.lt\/produktas\/d-lab-kompleksas-tobulai-odai\/"},"modified":"2026-01-29T12:16:01","modified_gmt":"2026-01-29T10:16:01","slug":"d-lab-komplekss-perfektai-adai","status":"publish","type":"product","link":"https:\/\/purama.lt\/lv\/produktas\/d-lab-kompleksas-tobulai-odai\/","title":{"rendered":"D-LAB komplekss ide\u0101lai \u0101dai"},"content":{"rendered":"","protected":false},"excerpt":{"rendered":"<p>Integr\u0113ta 3 posmu sist\u0113ma: detoksik\u0101cija, mikrocirkul\u0101cija un \u0101das re\u0123ener\u0101cija. Risina \u0101das probl\u0113mas no iek\u0161puses, nodro\u0161inot visaptvero\u0161u iedarb\u012bbu.<\/p>\n<p><strong>K\u0101p\u0113c izv\u0113l\u0113ties:<\/strong><br \/>\n\u2713 Kompleksa ietekme - no c\u0113lo\u0146a l\u012bdz sek\u0101m<br \/>\n\u2713 att\u012bra organismu no toks\u012bniem<br \/>\n\u2713 Stimul\u0113 \u0101das re\u0123ener\u0101ciju un mikrocirkul\u0101ciju<br \/>\n\u2713 Redzamas izmai\u0146as da\u017eu ned\u0113\u013cu laik\u0101<br \/>\n\u2713 Ide\u0101la izv\u0113le problem\u0101tiskai vai noguru\u0161ai \u0101dai<\/p>","protected":false},"featured_media":37801,"comment_status":"open","ping_status":"closed","template":"","meta":{"_acf_changed":true},"product_brand":[419],"product_cat":[123,273,274],"product_tag":[],"class_list":{"0":"post-37814","1":"product","2":"type-product","3":"status-publish","4":"has-post-thumbnail","6":"product_brand-d-lab","7":"product_cat-papildai-ilgaamziskumui","8":"product_cat-odai-plaukams-nagams","9":"product_cat-odos-jaunyste","11":"first","12":"outofstock","13":"shipping-taxable","14":"purchasable","15":"product-type-simple"},"acf":[],"tiered_pricing_type":"fixed","tiered_pricing_fixed_rules":[],"tiered_pricing_product_settings":{"layout":"default","base_unit_name":{"singular":null,"plural":null},"default_variation":null},"tiered_pricing_minimum_quantity":null,"tiered_pricing_roles_data":[],"tiered_pricing_percentage_rules":[],"_links":{"self":[{"href":"https:\/\/purama.lt\/lv\/wp-json\/wp\/v2\/product\/37814","targetHints":{"allow":["GET"]}}],"collection":[{"href":"https:\/\/purama.lt\/lv\/wp-json\/wp\/v2\/product"}],"about":[{"href":"https:\/\/purama.lt\/lv\/wp-json\/wp\/v2\/types\/product"}],"replies":[{"embeddable":true,"href":"https:\/\/purama.lt\/lv\/wp-json\/wp\/v2\/comments?post=37814"}],"wp:featuredmedia":[{"embeddable":true,"href":"https:\/\/purama.lt\/lv\/wp-json\/wp\/v2\/media\/37801"}],"wp:attachment":[{"href":"https:\/\/purama.lt\/lv\/wp-json\/wp\/v2\/media?parent=37814"}],"wp:term":[{"taxonomy":"product_brand","embeddable":true,"href":"https:\/\/purama.lt\/lv\/wp-json\/wp\/v2\/product_brand?post=37814"},{"taxonomy":"product_cat","embeddable":true,"href":"https:\/\/purama.lt\/lv\/wp-json\/wp\/v2\/product_cat?post=37814"},{"taxonomy":"product_tag","embeddable":true,"href":"https:\/\/purama.lt\/lv\/wp-json\/wp\/v2\/product_tag?post=37814"}],"curies":[{"name":"wp","href":"https:\/\/api.w.org\/{rel}","templated":true}]}}