{"id":37813,"date":"2025-08-01T10:54:28","date_gmt":"2025-08-01T10:54:28","guid":{"rendered":"https:\/\/purama.lt\/produktas\/d-lab-jaunystes-kompleksas-odos-stangrumui-ir-spindesiui\/"},"modified":"2026-01-29T12:16:24","modified_gmt":"2026-01-29T10:16:24","slug":"d-lab-jaunibas-komplekss-tvirtai-un-starojosai-adai","status":"publish","type":"product","link":"https:\/\/purama.lt\/lv\/produktas\/d-lab-jaunystes-kompleksas-odos-stangrumui-ir-spindesiui\/","title":{"rendered":"D-LAB jaun\u012bbas komplekss tvirt\u0101kai un starojo\u0161ai \u0101dai"},"content":{"rendered":"","protected":false},"excerpt":{"rendered":"<p>Anti-age formula ar kolag\u0113nu, resveratrolu, E vitam\u012bnu un hialuronsk\u0101bi nobriedu\u0161ai \u0101dai - atjauno elast\u012bbu un mirdzumu.<\/p>\n<p><strong>K\u0101p\u0113c izv\u0113l\u0113ties:<\/strong><br \/>\n\u2713 c\u012bn\u0101s pret noveco\u0161an\u0101s paz\u012bm\u0113m no iek\u0161ienes<br \/>\n\u2713 Uzlabo \u0101das tekst\u016bru un elast\u012bbu<br \/>\n\u2713 ir sp\u0113c\u012bga antioksidanta iedarb\u012bba<br \/>\n\u2713 Pal\u012bdz saglab\u0101t jaun\u012bbas izskatu<br \/>\n\u2713 Ilgtermi\u0146a \u0101das st\u0101vok\u013ca uztur\u0113\u0161anai<\/p>","protected":false},"featured_media":37803,"comment_status":"open","ping_status":"closed","template":"","meta":{"_acf_changed":true},"product_brand":[419],"product_cat":[123,273,274],"product_tag":[],"class_list":{"0":"post-37813","1":"product","2":"type-product","3":"status-publish","4":"has-post-thumbnail","6":"product_brand-d-lab","7":"product_cat-papildai-ilgaamziskumui","8":"product_cat-odai-plaukams-nagams","9":"product_cat-odos-jaunyste","11":"first","12":"outofstock","13":"shipping-taxable","14":"purchasable","15":"product-type-simple"},"acf":[],"tiered_pricing_type":"fixed","tiered_pricing_fixed_rules":[],"tiered_pricing_product_settings":{"layout":"default","base_unit_name":{"singular":null,"plural":null},"default_variation":null},"tiered_pricing_minimum_quantity":null,"tiered_pricing_roles_data":[],"tiered_pricing_percentage_rules":[],"_links":{"self":[{"href":"https:\/\/purama.lt\/lv\/wp-json\/wp\/v2\/product\/37813","targetHints":{"allow":["GET"]}}],"collection":[{"href":"https:\/\/purama.lt\/lv\/wp-json\/wp\/v2\/product"}],"about":[{"href":"https:\/\/purama.lt\/lv\/wp-json\/wp\/v2\/types\/product"}],"replies":[{"embeddable":true,"href":"https:\/\/purama.lt\/lv\/wp-json\/wp\/v2\/comments?post=37813"}],"wp:featuredmedia":[{"embeddable":true,"href":"https:\/\/purama.lt\/lv\/wp-json\/wp\/v2\/media\/37803"}],"wp:attachment":[{"href":"https:\/\/purama.lt\/lv\/wp-json\/wp\/v2\/media?parent=37813"}],"wp:term":[{"taxonomy":"product_brand","embeddable":true,"href":"https:\/\/purama.lt\/lv\/wp-json\/wp\/v2\/product_brand?post=37813"},{"taxonomy":"product_cat","embeddable":true,"href":"https:\/\/purama.lt\/lv\/wp-json\/wp\/v2\/product_cat?post=37813"},{"taxonomy":"product_tag","embeddable":true,"href":"https:\/\/purama.lt\/lv\/wp-json\/wp\/v2\/product_tag?post=37813"}],"curies":[{"name":"wp","href":"https:\/\/api.w.org\/{rel}","templated":true}]}}