{"id":37812,"date":"2025-08-01T10:54:28","date_gmt":"2025-08-01T10:54:28","guid":{"rendered":"https:\/\/purama.lt\/produktas\/d-lab-maisto-papildas-omega-3\/"},"modified":"2026-03-31T10:47:40","modified_gmt":"2026-03-31T08:47:40","slug":"d-lab-uztura-bagatinatajs-omega-3","status":"publish","type":"product","link":"https:\/\/purama.lt\/lv\/produktas\/d-lab-maisto-papildas-omega-3\/","title":{"rendered":"D-LAB uztura bag\u0101tin\u0101t\u0101js Omega 3"},"content":{"rendered":"","protected":false},"excerpt":{"rendered":"<p>Koncentr\u0113ta omega-3 no zivju e\u013c\u013cas, kas bag\u0101ta ar EPA un DHA sk\u0101b\u0113m, veicina sirds darb\u012bbu, kognit\u012bv\u0101s funkcijas un \u0101das elast\u012bbu.<\/p>\n<p><strong>K\u0101p\u0113c izv\u0113l\u0113ties:<\/strong><br \/>\n\u2713 Atbalsta sirds un asinsvadu vesel\u012bbu<br \/>\n\u2713 Veicina smadze\u0146u darb\u012bbu un garast\u0101vokli<br \/>\n\u2713 mazina iekaisuma procesus<br \/>\n\u2713 Nostiprina \u0101das barjeras funkciju<br \/>\n\u2713 Augsta t\u012br\u012bba - nav smago met\u0101lu<\/p>","protected":false},"featured_media":37800,"comment_status":"open","ping_status":"closed","template":"","meta":{"_acf_changed":false},"product_brand":[419],"product_cat":[123,260,263,262],"product_tag":[],"class_list":{"0":"post-37812","1":"product","2":"type-product","3":"status-publish","4":"has-post-thumbnail","6":"product_brand-d-lab","7":"product_cat-papildai-ilgaamziskumui","8":"product_cat-energijai-ir-apykaitai","9":"product_cat-fizine-istverme","10":"product_cat-medziagu-apykaita","12":"first","13":"instock","14":"shipping-taxable","15":"purchasable","16":"product-type-simple"},"acf":[],"tiered_pricing_type":"fixed","tiered_pricing_fixed_rules":[],"tiered_pricing_product_settings":{"layout":"default","base_unit_name":{"singular":null,"plural":null},"default_variation":null},"tiered_pricing_minimum_quantity":null,"tiered_pricing_roles_data":[],"tiered_pricing_percentage_rules":[],"_links":{"self":[{"href":"https:\/\/purama.lt\/lv\/wp-json\/wp\/v2\/product\/37812","targetHints":{"allow":["GET"]}}],"collection":[{"href":"https:\/\/purama.lt\/lv\/wp-json\/wp\/v2\/product"}],"about":[{"href":"https:\/\/purama.lt\/lv\/wp-json\/wp\/v2\/types\/product"}],"replies":[{"embeddable":true,"href":"https:\/\/purama.lt\/lv\/wp-json\/wp\/v2\/comments?post=37812"}],"wp:featuredmedia":[{"embeddable":true,"href":"https:\/\/purama.lt\/lv\/wp-json\/wp\/v2\/media\/37800"}],"wp:attachment":[{"href":"https:\/\/purama.lt\/lv\/wp-json\/wp\/v2\/media?parent=37812"}],"wp:term":[{"taxonomy":"product_brand","embeddable":true,"href":"https:\/\/purama.lt\/lv\/wp-json\/wp\/v2\/product_brand?post=37812"},{"taxonomy":"product_cat","embeddable":true,"href":"https:\/\/purama.lt\/lv\/wp-json\/wp\/v2\/product_cat?post=37812"},{"taxonomy":"product_tag","embeddable":true,"href":"https:\/\/purama.lt\/lv\/wp-json\/wp\/v2\/product_tag?post=37812"}],"curies":[{"name":"wp","href":"https:\/\/api.w.org\/{rel}","templated":true}]}}