{"id":37811,"date":"2025-08-01T10:54:28","date_gmt":"2025-08-01T10:54:28","guid":{"rendered":"https:\/\/purama.lt\/produktas\/d-lab-metabolizmo-aktyvatorius-medziagu-apykaitai-ir-lieknejimui\/"},"modified":"2026-03-31T10:47:34","modified_gmt":"2026-03-31T08:47:34","slug":"d-laboratorijas-vielmainas-aktivators-vielmainai-un-novajesanai","status":"publish","type":"product","link":"https:\/\/purama.lt\/lv\/produktas\/d-lab-metabolizmo-aktyvatorius-medziagu-apykaitai-ir-lieknejimui\/","title":{"rendered":"D-LAB vielmai\u0146as aktivators vielmai\u0146ai un nov\u0101j\u0113\u0161anai"},"content":{"rendered":"","protected":false},"excerpt":{"rendered":"<p>Papildin\u0101jums, kas aktiviz\u0113 vielmai\u0146u, pateicoties augu ekstraktiem (jods, za\u013c\u0101 t\u0113ja, guarana), un veicina tauku dedzin\u0101\u0161anu un ener\u0123ijas ra\u017eo\u0161anu.<\/p>\n<p><strong>K\u0101p\u0113c izv\u0113l\u0113ties:<\/strong><br \/>\n\u2713 Stimul\u0113 dabisko termo\u0123en\u0113zi un tauku dedzin\u0101\u0161anu<br \/>\n\u2713 Atbalsta vairogdziedzera funkciju (pateicoties jodam)<br \/>\n\u2713 Pal\u012bdz samazin\u0101t nogurumu di\u0113tas laik\u0101<br \/>\n\u2713 Uzlabo vielmai\u0146u<br \/>\n\u2713 Piem\u0113rots kombin\u0101cijai ar fizisk\u0101m aktivit\u0101t\u0113m<\/p>","protected":false},"featured_media":37802,"comment_status":"open","ping_status":"closed","template":"","meta":{"_acf_changed":false},"product_brand":[419],"product_cat":[123,260,262],"product_tag":[],"class_list":{"0":"post-37811","1":"product","2":"type-product","3":"status-publish","4":"has-post-thumbnail","6":"product_brand-d-lab","7":"product_cat-papildai-ilgaamziskumui","8":"product_cat-energijai-ir-apykaitai","9":"product_cat-medziagu-apykaita","11":"first","12":"instock","13":"shipping-taxable","14":"purchasable","15":"product-type-simple"},"acf":[],"tiered_pricing_type":"fixed","tiered_pricing_fixed_rules":[],"tiered_pricing_product_settings":{"layout":"default","base_unit_name":{"singular":null,"plural":null},"default_variation":null},"tiered_pricing_minimum_quantity":null,"tiered_pricing_roles_data":[],"tiered_pricing_percentage_rules":[],"_links":{"self":[{"href":"https:\/\/purama.lt\/lv\/wp-json\/wp\/v2\/product\/37811","targetHints":{"allow":["GET"]}}],"collection":[{"href":"https:\/\/purama.lt\/lv\/wp-json\/wp\/v2\/product"}],"about":[{"href":"https:\/\/purama.lt\/lv\/wp-json\/wp\/v2\/types\/product"}],"replies":[{"embeddable":true,"href":"https:\/\/purama.lt\/lv\/wp-json\/wp\/v2\/comments?post=37811"}],"wp:featuredmedia":[{"embeddable":true,"href":"https:\/\/purama.lt\/lv\/wp-json\/wp\/v2\/media\/37802"}],"wp:attachment":[{"href":"https:\/\/purama.lt\/lv\/wp-json\/wp\/v2\/media?parent=37811"}],"wp:term":[{"taxonomy":"product_brand","embeddable":true,"href":"https:\/\/purama.lt\/lv\/wp-json\/wp\/v2\/product_brand?post=37811"},{"taxonomy":"product_cat","embeddable":true,"href":"https:\/\/purama.lt\/lv\/wp-json\/wp\/v2\/product_cat?post=37811"},{"taxonomy":"product_tag","embeddable":true,"href":"https:\/\/purama.lt\/lv\/wp-json\/wp\/v2\/product_tag?post=37811"}],"curies":[{"name":"wp","href":"https:\/\/api.w.org\/{rel}","templated":true}]}}