{"id":37810,"date":"2025-08-01T10:54:28","date_gmt":"2025-08-01T10:54:28","guid":{"rendered":"https:\/\/purama.lt\/produktas\/d-lab-cinko-maisto-papildas-odai-imunitetui-ir-hormonu-balansui\/"},"modified":"2026-03-31T10:47:28","modified_gmt":"2026-03-31T08:47:28","slug":"d-lab-cinka-uztura-bagatinatajs-adas-imunitatei-un-hormonu-lidzsvaram","status":"publish","type":"product","link":"https:\/\/purama.lt\/lv\/produktas\/d-lab-cinko-maisto-papildas-odai-imunitetui-ir-hormonu-balansui\/","title":{"rendered":"D-LAB Cinka uztura bag\u0101tin\u0101t\u0101js \u0101dai, imunit\u0101tei un hormonu l\u012bdzsvaram"},"content":{"rendered":"","protected":false},"excerpt":{"rendered":"<p>Biolo\u0123iski akt\u012bvais cinks kop\u0101 ar B6 vitam\u012bnu pal\u012bdz uztur\u0113t norm\u0101lu hormon\u0101lo darb\u012bbu, stiprina im\u016bnsist\u0113mu un pal\u012bdz c\u012bn\u012bties ar \u0101das nepiln\u012bb\u0101m.<\/p>\n<p><strong>K\u0101p\u0113c izv\u0113l\u0113ties:<\/strong><br \/>\n\u2713 Atbalsta hormonu l\u012bdzsvaru (\u012bpa\u0161i svar\u012bgi sieviet\u0113m)<br \/>\n\u2713 Pal\u012bdz c\u012bn\u012bties ar p\u016bt\u012bt\u0113m un taukainas \u0101das probl\u0113m\u0101m<br \/>\n\u2713 Veicina br\u016b\u010du dz\u012b\u0161anu un \u0101das re\u0123ener\u0101ciju<br \/>\n\u2713 Nostiprina im\u016bnsist\u0113mu<br \/>\n\u2713 Piem\u0113rots ikdienas profilaktiskai lieto\u0161anai<\/p>","protected":false},"featured_media":37791,"comment_status":"open","ping_status":"closed","template":"","meta":{"_acf_changed":false},"product_brand":[419],"product_cat":[123,253,252,273,274],"product_tag":[],"class_list":{"0":"post-37810","1":"product","2":"type-product","3":"status-publish","4":"has-post-thumbnail","6":"product_brand-d-lab","7":"product_cat-papildai-ilgaamziskumui","8":"product_cat-imuniteto-palaikymas","9":"product_cat-imunitetui","10":"product_cat-odai-plaukams-nagams","11":"product_cat-odos-jaunyste","13":"first","14":"instock","15":"shipping-taxable","16":"purchasable","17":"product-type-simple"},"acf":[],"tiered_pricing_type":"fixed","tiered_pricing_fixed_rules":[],"tiered_pricing_product_settings":{"layout":"default","base_unit_name":{"singular":null,"plural":null},"default_variation":null},"tiered_pricing_minimum_quantity":null,"tiered_pricing_roles_data":[],"tiered_pricing_percentage_rules":[],"_links":{"self":[{"href":"https:\/\/purama.lt\/lv\/wp-json\/wp\/v2\/product\/37810","targetHints":{"allow":["GET"]}}],"collection":[{"href":"https:\/\/purama.lt\/lv\/wp-json\/wp\/v2\/product"}],"about":[{"href":"https:\/\/purama.lt\/lv\/wp-json\/wp\/v2\/types\/product"}],"replies":[{"embeddable":true,"href":"https:\/\/purama.lt\/lv\/wp-json\/wp\/v2\/comments?post=37810"}],"wp:featuredmedia":[{"embeddable":true,"href":"https:\/\/purama.lt\/lv\/wp-json\/wp\/v2\/media\/37791"}],"wp:attachment":[{"href":"https:\/\/purama.lt\/lv\/wp-json\/wp\/v2\/media?parent=37810"}],"wp:term":[{"taxonomy":"product_brand","embeddable":true,"href":"https:\/\/purama.lt\/lv\/wp-json\/wp\/v2\/product_brand?post=37810"},{"taxonomy":"product_cat","embeddable":true,"href":"https:\/\/purama.lt\/lv\/wp-json\/wp\/v2\/product_cat?post=37810"},{"taxonomy":"product_tag","embeddable":true,"href":"https:\/\/purama.lt\/lv\/wp-json\/wp\/v2\/product_tag?post=37810"}],"curies":[{"name":"wp","href":"https:\/\/api.w.org\/{rel}","templated":true}]}}