{"id":37808,"date":"2025-08-01T10:54:27","date_gmt":"2025-08-01T10:54:27","guid":{"rendered":"https:\/\/purama.lt\/produktas\/d-lab-kolageno-maisto-papildas-odos-plauku-ir-sanariu-buklei\/"},"modified":"2026-04-08T09:11:01","modified_gmt":"2026-04-08T07:11:01","slug":"d-laboratorijas-kolagena-uztura-bagatinatajs-matu-un-adas-stavoklim","status":"publish","type":"product","link":"https:\/\/purama.lt\/lv\/produktas\/d-lab-kolageno-maisto-papildas-odos-plauku-ir-sanariu-buklei\/","title":{"rendered":"D-LAB Kolag\u0113na uztura bag\u0101tin\u0101t\u0101js \u0101dai, matiem un loc\u012btav\u0101m"},"content":{"rendered":"<p>Vair\u0101k par kolag\u0113nu lasiet m\u016bsu <a href=\"\/lv\/kolagena-celvedis\/\">kolag\u0113na gids<\/a>.<\/p>","protected":false},"excerpt":{"rendered":"<p>Tas ir pilnas iedarb\u012bbas kolag\u0113na, hialuronsk\u0101bes, C vitam\u012bna un cinka mais\u012bjums, kas veicina \u0101das tvirtumu, matu iztur\u012bbu un loc\u012btavu elast\u012bbu.<\/p>\n<p><strong>K\u0101p\u0113c izv\u0113l\u0113ties:<\/strong><br \/>\n\u2713 Hidroliz\u0113ts kolag\u0113ns labai absorbcijai<br \/>\n\u2713 Atbalsta \u0101du, matus un nagus<br \/>\n\u2713 Veicina loc\u012btavu vesel\u012bbu<br \/>\n\u2713 Satur \u0101dai nepiecie\u0161amo C vitam\u012bnu<br \/>\n\u2713 Piem\u0113rots gan v\u012brie\u0161iem, gan sieviet\u0113m<\/p>","protected":false},"featured_media":37794,"comment_status":"open","ping_status":"closed","template":"","meta":{"_acf_changed":false},"product_brand":[419],"product_cat":[123,279,280,273,274],"product_tag":[],"class_list":{"0":"post-37808","1":"product","2":"type-product","3":"status-publish","4":"has-post-thumbnail","6":"product_brand-d-lab","7":"product_cat-papildai-ilgaamziskumui","8":"product_cat-kaulams-ir-sanariams","9":"product_cat-kaulu-stiprinimas","10":"product_cat-odai-plaukams-nagams","11":"product_cat-odos-jaunyste","13":"first","14":"instock","15":"shipping-taxable","16":"purchasable","17":"product-type-simple"},"acf":[],"tiered_pricing_type":"fixed","tiered_pricing_fixed_rules":[],"tiered_pricing_product_settings":{"layout":"default","base_unit_name":{"singular":null,"plural":null},"default_variation":null},"tiered_pricing_minimum_quantity":null,"tiered_pricing_roles_data":[],"tiered_pricing_percentage_rules":[],"_links":{"self":[{"href":"https:\/\/purama.lt\/lv\/wp-json\/wp\/v2\/product\/37808","targetHints":{"allow":["GET"]}}],"collection":[{"href":"https:\/\/purama.lt\/lv\/wp-json\/wp\/v2\/product"}],"about":[{"href":"https:\/\/purama.lt\/lv\/wp-json\/wp\/v2\/types\/product"}],"replies":[{"embeddable":true,"href":"https:\/\/purama.lt\/lv\/wp-json\/wp\/v2\/comments?post=37808"}],"wp:featuredmedia":[{"embeddable":true,"href":"https:\/\/purama.lt\/lv\/wp-json\/wp\/v2\/media\/37794"}],"wp:attachment":[{"href":"https:\/\/purama.lt\/lv\/wp-json\/wp\/v2\/media?parent=37808"}],"wp:term":[{"taxonomy":"product_brand","embeddable":true,"href":"https:\/\/purama.lt\/lv\/wp-json\/wp\/v2\/product_brand?post=37808"},{"taxonomy":"product_cat","embeddable":true,"href":"https:\/\/purama.lt\/lv\/wp-json\/wp\/v2\/product_cat?post=37808"},{"taxonomy":"product_tag","embeddable":true,"href":"https:\/\/purama.lt\/lv\/wp-json\/wp\/v2\/product_tag?post=37808"}],"curies":[{"name":"wp","href":"https:\/\/api.w.org\/{rel}","templated":true}]}}