{"id":37807,"date":"2025-08-01T10:54:27","date_gmt":"2025-08-01T10:54:27","guid":{"rendered":"https:\/\/purama.lt\/produktas\/d-lab-hialurono-rugsties-maisto-papildas-giliai-odos-dregmei\/"},"modified":"2026-03-31T10:48:26","modified_gmt":"2026-03-31T08:48:26","slug":"d-lab-hialuronskabes-uztura-bagatinatajs-dzilam-adas-mitrinasanai","status":"publish","type":"product","link":"https:\/\/purama.lt\/lv\/produktas\/d-lab-hialurono-rugsties-maisto-papildas-giliai-odos-dregmei\/","title":{"rendered":"D-LAB hialuronsk\u0101bes uztura bag\u0101tin\u0101t\u0101js dzi\u013cas \u0101das mitrin\u0101\u0161anas nodro\u0161in\u0101\u0161anai"},"content":{"rendered":"","protected":false},"excerpt":{"rendered":"<p>Intens\u012bvi mitrino\u0161s komplekss ar hialuronsk\u0101bi, kas pal\u012bdz atjaunot \u0101das mitruma l\u012bdzsvaru, mazina sausumu, samazina sprogas un uzlabo \u0101das elast\u012bbu.<\/p>\n<p><strong>K\u0101p\u0113c izv\u0113l\u0113ties:<\/strong><br \/>\n\u2713 Mitrina \u0101du no iek\u0161puses - pat visdzi\u013c\u0101kajos sl\u0101\u0146os.<br \/>\n\u2713 Samazina smalk\u0101s l\u012bnijas un grumbas un stiep\u0161an\u0101s saj\u016btu<br \/>\n\u2713 Pal\u012bdz atjaunot vesel\u012bgu \u0101das barjeru<br \/>\n\u2713 Piem\u0113rots sausai, jut\u012bgai, nobriedu\u0161ai \u0101dai<br \/>\n\u2713 Ide\u0101ls pamats jaun\u012bbas izskats<\/p>","protected":false},"featured_media":37797,"comment_status":"open","ping_status":"closed","template":"","meta":{"_acf_changed":false},"product_brand":[419],"product_cat":[123,273,274],"product_tag":[],"class_list":{"0":"post-37807","1":"product","2":"type-product","3":"status-publish","4":"has-post-thumbnail","6":"product_brand-d-lab","7":"product_cat-papildai-ilgaamziskumui","8":"product_cat-odai-plaukams-nagams","9":"product_cat-odos-jaunyste","11":"first","12":"instock","13":"shipping-taxable","14":"purchasable","15":"product-type-simple"},"acf":[],"tiered_pricing_type":"fixed","tiered_pricing_fixed_rules":[],"tiered_pricing_product_settings":{"layout":"default","base_unit_name":{"singular":null,"plural":null},"default_variation":null},"tiered_pricing_minimum_quantity":null,"tiered_pricing_roles_data":[],"tiered_pricing_percentage_rules":[],"_links":{"self":[{"href":"https:\/\/purama.lt\/lv\/wp-json\/wp\/v2\/product\/37807","targetHints":{"allow":["GET"]}}],"collection":[{"href":"https:\/\/purama.lt\/lv\/wp-json\/wp\/v2\/product"}],"about":[{"href":"https:\/\/purama.lt\/lv\/wp-json\/wp\/v2\/types\/product"}],"replies":[{"embeddable":true,"href":"https:\/\/purama.lt\/lv\/wp-json\/wp\/v2\/comments?post=37807"}],"wp:featuredmedia":[{"embeddable":true,"href":"https:\/\/purama.lt\/lv\/wp-json\/wp\/v2\/media\/37797"}],"wp:attachment":[{"href":"https:\/\/purama.lt\/lv\/wp-json\/wp\/v2\/media?parent=37807"}],"wp:term":[{"taxonomy":"product_brand","embeddable":true,"href":"https:\/\/purama.lt\/lv\/wp-json\/wp\/v2\/product_brand?post=37807"},{"taxonomy":"product_cat","embeddable":true,"href":"https:\/\/purama.lt\/lv\/wp-json\/wp\/v2\/product_cat?post=37807"},{"taxonomy":"product_tag","embeddable":true,"href":"https:\/\/purama.lt\/lv\/wp-json\/wp\/v2\/product_tag?post=37807"}],"curies":[{"name":"wp","href":"https:\/\/api.w.org\/{rel}","templated":true}]}}