{"id":37806,"date":"2025-08-01T10:54:27","date_gmt":"2025-08-01T10:54:27","guid":{"rendered":"https:\/\/purama.lt\/produktas\/d-lab-nopalio-ekstrakto-maisto-papildas-svorio-kontrolei-ir-sotumui\/"},"modified":"2026-03-31T10:48:19","modified_gmt":"2026-03-31T08:48:19","slug":"d-lab-nopala-ekstrakta-uztura-bagatinatajs-svara-kontrolei-un-sata-sajutai","status":"publish","type":"product","link":"https:\/\/purama.lt\/lv\/produktas\/d-lab-nopalio-ekstrakto-maisto-papildas-svorio-kontrolei-ir-sotumui\/","title":{"rendered":"D-LAB Nopal ekstrakta uztura bag\u0101tin\u0101t\u0101js svara kontrolei un s\u0101ta saj\u016btai"},"content":{"rendered":"","protected":false},"excerpt":{"rendered":"<p>\u0160is augu papildin\u0101jums pal\u012bdz uztur\u0113t s\u0101ta saj\u016btu, regul\u0113t apet\u012bti un mazin\u0101t tieksmi p\u0113c saldumiem. Nop\u0101ls (indie\u0161u bumbieri) ir paz\u012bstams ar savu sp\u0113ju saist\u012bt taukus un pal\u0113nin\u0101t og\u013chidr\u0101tu uzs\u016bk\u0161anos.<\/p>\n<p><strong>K\u0101p\u0113c izv\u0113l\u0113ties:<\/strong><br \/>\n\u2713 Dabisks atbalsts apet\u012btes kontrolei<br \/>\n\u2713 Veicina s\u0101ta saj\u016btu<br \/>\n\u2713 Piem\u0113rots svara zaud\u0113\u0161anas programm\u0101m<br \/>\n\u2713 Pal\u012bdz regul\u0113t cukura l\u012bmeni asin\u012bs<br \/>\n\u2713 Nav stimulantu vai m\u0101ksl\u012bgo piedevu<\/p>","protected":false},"featured_media":37796,"comment_status":"open","ping_status":"closed","template":"","meta":{"_acf_changed":false},"product_brand":[419],"product_cat":[123,260,262],"product_tag":[],"class_list":{"0":"post-37806","1":"product","2":"type-product","3":"status-publish","4":"has-post-thumbnail","6":"product_brand-d-lab","7":"product_cat-papildai-ilgaamziskumui","8":"product_cat-energijai-ir-apykaitai","9":"product_cat-medziagu-apykaita","11":"first","12":"instock","13":"shipping-taxable","14":"purchasable","15":"product-type-simple"},"acf":[],"tiered_pricing_type":"fixed","tiered_pricing_fixed_rules":[],"tiered_pricing_product_settings":{"layout":"default","base_unit_name":{"singular":null,"plural":null},"default_variation":null},"tiered_pricing_minimum_quantity":null,"tiered_pricing_roles_data":[],"tiered_pricing_percentage_rules":[],"_links":{"self":[{"href":"https:\/\/purama.lt\/lv\/wp-json\/wp\/v2\/product\/37806","targetHints":{"allow":["GET"]}}],"collection":[{"href":"https:\/\/purama.lt\/lv\/wp-json\/wp\/v2\/product"}],"about":[{"href":"https:\/\/purama.lt\/lv\/wp-json\/wp\/v2\/types\/product"}],"replies":[{"embeddable":true,"href":"https:\/\/purama.lt\/lv\/wp-json\/wp\/v2\/comments?post=37806"}],"wp:featuredmedia":[{"embeddable":true,"href":"https:\/\/purama.lt\/lv\/wp-json\/wp\/v2\/media\/37796"}],"wp:attachment":[{"href":"https:\/\/purama.lt\/lv\/wp-json\/wp\/v2\/media?parent=37806"}],"wp:term":[{"taxonomy":"product_brand","embeddable":true,"href":"https:\/\/purama.lt\/lv\/wp-json\/wp\/v2\/product_brand?post=37806"},{"taxonomy":"product_cat","embeddable":true,"href":"https:\/\/purama.lt\/lv\/wp-json\/wp\/v2\/product_cat?post=37806"},{"taxonomy":"product_tag","embeddable":true,"href":"https:\/\/purama.lt\/lv\/wp-json\/wp\/v2\/product_tag?post=37806"}],"curies":[{"name":"wp","href":"https:\/\/api.w.org\/{rel}","templated":true}]}}