{"id":37805,"date":"2025-08-01T10:54:27","date_gmt":"2025-08-01T10:54:27","guid":{"rendered":"https:\/\/purama.lt\/produktas\/d-lab-melanino-aktyvatorius-naturaliam-odos-idegiui\/"},"modified":"2026-03-31T10:47:56","modified_gmt":"2026-03-31T08:47:56","slug":"d-lab-melanina-aktivators-dabigam-adas-iedegumam","status":"publish","type":"product","link":"https:\/\/purama.lt\/lv\/produktas\/d-lab-melanino-aktyvatorius-naturaliam-odos-idegiui\/","title":{"rendered":"D-LAB Melan\u012bna aktivators dabiskam iedegumam"},"content":{"rendered":"","protected":false},"excerpt":{"rendered":"<p>Papildin\u0101jums, kas stimul\u0113 melan\u012bna sint\u0113zi, lai pal\u012bdz\u0113tu ieg\u016bt \u0101tr\u0101ku, vienm\u0113r\u012bg\u0101ku un ilgnotur\u012bg\u0101ku iedegumu. Piem\u0113rots gan gatavojoties saules sezonai, gan saglab\u0101jot starojo\u0161u sejas kr\u0101su visa gada garum\u0101. Bag\u0101tin\u0101ts ar varu, tiroz\u012bnu un antioksidantiem, kas aizsarg\u0101 \u0101du pret oksidat\u012bvo stresu.<\/p>\n<p><strong>K\u0101p\u0113c izv\u0113l\u0113ties:<\/strong><br \/>\n\u2713 Veicina dabiska iedeguma veido\u0161anos<br \/>\n\u2713 Pal\u012bdz ilg\u0101k saglab\u0101t iedegumu<br \/>\n\u2713 Satur varu, kas veicina norm\u0101lu \u0101das pigment\u0101ciju<br \/>\n\u2713 Piem\u0113rots visiem \u0101das tipiem, \u012bpa\u0161i gai\u0161ai \u0101dai<br \/>\n\u2713 Var pal\u012bdz\u0113t samazin\u0101t foto noveco\u0161an\u0101s risku<\/p>","protected":false},"featured_media":37793,"comment_status":"open","ping_status":"closed","template":"","meta":{"_acf_changed":false},"product_brand":[419],"product_cat":[123,273,274],"product_tag":[],"class_list":{"0":"post-37805","1":"product","2":"type-product","3":"status-publish","4":"has-post-thumbnail","6":"product_brand-d-lab","7":"product_cat-papildai-ilgaamziskumui","8":"product_cat-odai-plaukams-nagams","9":"product_cat-odos-jaunyste","11":"first","12":"instock","13":"shipping-taxable","14":"purchasable","15":"product-type-simple"},"acf":[],"tiered_pricing_type":"fixed","tiered_pricing_fixed_rules":[],"tiered_pricing_product_settings":{"layout":"default","base_unit_name":{"singular":null,"plural":null},"default_variation":null},"tiered_pricing_minimum_quantity":null,"tiered_pricing_roles_data":[],"tiered_pricing_percentage_rules":[],"_links":{"self":[{"href":"https:\/\/purama.lt\/lv\/wp-json\/wp\/v2\/product\/37805","targetHints":{"allow":["GET"]}}],"collection":[{"href":"https:\/\/purama.lt\/lv\/wp-json\/wp\/v2\/product"}],"about":[{"href":"https:\/\/purama.lt\/lv\/wp-json\/wp\/v2\/types\/product"}],"replies":[{"embeddable":true,"href":"https:\/\/purama.lt\/lv\/wp-json\/wp\/v2\/comments?post=37805"}],"wp:featuredmedia":[{"embeddable":true,"href":"https:\/\/purama.lt\/lv\/wp-json\/wp\/v2\/media\/37793"}],"wp:attachment":[{"href":"https:\/\/purama.lt\/lv\/wp-json\/wp\/v2\/media?parent=37805"}],"wp:term":[{"taxonomy":"product_brand","embeddable":true,"href":"https:\/\/purama.lt\/lv\/wp-json\/wp\/v2\/product_brand?post=37805"},{"taxonomy":"product_cat","embeddable":true,"href":"https:\/\/purama.lt\/lv\/wp-json\/wp\/v2\/product_cat?post=37805"},{"taxonomy":"product_tag","embeddable":true,"href":"https:\/\/purama.lt\/lv\/wp-json\/wp\/v2\/product_tag?post=37805"}],"curies":[{"name":"wp","href":"https:\/\/api.w.org\/{rel}","templated":true}]}}