{"id":37655,"date":"2025-07-28T11:07:17","date_gmt":"2025-07-28T11:07:17","guid":{"rendered":"https:\/\/purama.lt\/?post_type=product&#038;p=37655"},"modified":"2026-04-13T16:38:19","modified_gmt":"2026-04-13T14:38:19","slug":"purama-vairakkart-lietojamas-sejas-tirisanas-sukli","status":"publish","type":"product","link":"https:\/\/purama.lt\/lv\/produktas\/purama-daugkartines-veido-valymo-kempineles\/","title":{"rendered":"PURAMA Vair\u0101kk\u0101rt lietojami sejas t\u012br\u012b\u0161anas s\u016bk\u013ci"},"content":{"rendered":"","protected":false},"excerpt":{"rendered":"<p>PURAMA Daudzreiz lietojamas sejas t\u012br\u012b\u0161anas s\u016bk\u013ci (2 gab.) - maiga un ilgtsp\u0113j\u012bga \u0101das kop\u0161ana. Atkl\u0101jiet gudru \u0101das kop\u0161anas risin\u0101jumu ar PURAMA daudzk\u0101rt lietojamiem sejas t\u012br\u012b\u0161anas s\u016bk\u013ciem. Izgatavotas no m\u012bkstas, bl\u012bvas mikro\u0161\u0137iedras, \u0161\u012bs s\u016bk\u013ci efekt\u012bvi no\u0146em kosm\u0113tiku, net\u012brumus un lieko e\u013c\u013cu - tikai ar \u016bdeni vai savu iecien\u012bt\u0101ko t\u012br\u012b\u0161anas l\u012bdzekli. Piem\u0113rotas visiem \u0101das tipiem, pat jut\u012bgai \u0101dai.<\/p>\n<p><strong>K\u0101p\u0113c izv\u0113l\u0113ties PURAMA:<\/strong><br \/>\n\u2714\ufe0f Maigi att\u012bra \u0101du - nesaskr\u0101p\u0113 un nesadr\u0101\u017eo.<br \/>\n\u2714\ufe0f Ide\u0101li piem\u0113rots ikdienas kosm\u0113tikas no\u0146em\u0161anai<br \/>\n\u2714\ufe0f Viegli mazg\u0101jams un \u0101tri \u017e\u016bst<br \/>\n\u2714\ufe0f Ekonomiska un videi draudz\u012bga izv\u0113le.<\/p>","protected":false},"featured_media":37656,"comment_status":"open","ping_status":"closed","template":"","meta":{"_acf_changed":false},"product_brand":[405],"product_cat":[92,57,288,283,59],"product_tag":[],"class_list":{"0":"post-37655","1":"product","2":"type-product","3":"status-publish","4":"has-post-thumbnail","6":"product_brand-purama","7":"product_cat-groziui","8":"product_cat-akcijos","9":"product_cat-grozio-ir-odos-prieziura","10":"product_cat-sveikatingumo-prietaisai","11":"product_cat-veidui","13":"first","14":"instock","15":"sale","16":"shipping-taxable","17":"purchasable","18":"product-type-simple"},"acf":[],"tiered_pricing_type":"fixed","tiered_pricing_fixed_rules":[],"tiered_pricing_product_settings":{"layout":"default","base_unit_name":{"singular":null,"plural":null},"default_variation":null},"tiered_pricing_minimum_quantity":null,"tiered_pricing_roles_data":[],"tiered_pricing_percentage_rules":[],"_links":{"self":[{"href":"https:\/\/purama.lt\/lv\/wp-json\/wp\/v2\/product\/37655","targetHints":{"allow":["GET"]}}],"collection":[{"href":"https:\/\/purama.lt\/lv\/wp-json\/wp\/v2\/product"}],"about":[{"href":"https:\/\/purama.lt\/lv\/wp-json\/wp\/v2\/types\/product"}],"replies":[{"embeddable":true,"href":"https:\/\/purama.lt\/lv\/wp-json\/wp\/v2\/comments?post=37655"}],"wp:featuredmedia":[{"embeddable":true,"href":"https:\/\/purama.lt\/lv\/wp-json\/wp\/v2\/media\/37656"}],"wp:attachment":[{"href":"https:\/\/purama.lt\/lv\/wp-json\/wp\/v2\/media?parent=37655"}],"wp:term":[{"taxonomy":"product_brand","embeddable":true,"href":"https:\/\/purama.lt\/lv\/wp-json\/wp\/v2\/product_brand?post=37655"},{"taxonomy":"product_cat","embeddable":true,"href":"https:\/\/purama.lt\/lv\/wp-json\/wp\/v2\/product_cat?post=37655"},{"taxonomy":"product_tag","embeddable":true,"href":"https:\/\/purama.lt\/lv\/wp-json\/wp\/v2\/product_tag?post=37655"}],"curies":[{"name":"wp","href":"https:\/\/api.w.org\/{rel}","templated":true}]}}