{"id":37415,"date":"2025-07-21T10:00:00","date_gmt":"2025-07-21T10:00:00","guid":{"rendered":"https:\/\/purama.lt\/produktas\/natures-ekologiski-kurkumos-milteliai\/"},"modified":"2026-04-10T08:08:38","modified_gmt":"2026-04-10T06:08:38","slug":"dabiskais-organiskais-kurkuma-pulveris","status":"publish","type":"product","link":"https:\/\/purama.lt\/lv\/produktas\/natures-ekologiski-kurkumos-milteliai\/","title":{"rendered":"Nature's Finest Organic Kurkuma pulveris"},"content":{"rendered":"<p>Vai mekl\u0113jat vair\u0101k? Apskatiet visu <a href=\"\/lv\/produktu-etiketes\/natures-finest\/\">Nature\u2019s Finest sortiments<\/a>.<\/p>","protected":false},"excerpt":{"rendered":"<p>Kurkuma (Curcuma longa) ir sp\u0113c\u012bgs dabisks antioksidants un pretiekaisuma l\u012bdzeklis. NATURE'S Organic Kurkuma pulveris ir izgatavots no augst\u0101k\u0101s kvalit\u0101tes sakn\u0113m, kas veicina gremo\u0161anu, aknu darb\u012bbu un im\u016bnsist\u0113mu.<\/p>\n<p><strong>K\u0101p\u0113c izv\u0113l\u0113ties:<\/strong><br \/>\n\u2714 100 % Biolo\u0123isk\u0101 kurkuma<br \/>\n\u2714 Nav piedevu vai konservantu<br \/>\n\u2714 Atbalsta gremo\u0161anas sist\u0113mu un aknu darb\u012bbu<br \/>\n\u2714 Piem\u0113rots izmanto\u0161anai dz\u0113rienos, p\u0101rtik\u0101 vai vesel\u012bgos mais\u012bjumos<br \/>\n\u2714 Dabiska pretiekaisuma iedarb\u012bba<\/p>","protected":false},"featured_media":37407,"comment_status":"open","ping_status":"closed","template":"","meta":{"_acf_changed":false},"product_brand":[441],"product_cat":[123,251,252,267,122,259,255,256,254,264],"product_tag":[],"class_list":{"0":"post-37415","1":"product","2":"type-product","3":"status-publish","4":"has-post-thumbnail","6":"product_brand-natures-finest","7":"product_cat-papildai-ilgaamziskumui","8":"product_cat-antioksidantai","9":"product_cat-imunitetui","10":"product_cat-kepenu-detoksas","11":"product_cat-lasteliu-jaunystei","12":"product_cat-nuotaika-ir-stresas","13":"product_cat-oksidacinio-streso-mazinimas","14":"product_cat-smegenims-ir-atminciai","15":"product_cat-uzdegimo-mazinimas","16":"product_cat-virskinimui-ir-detoksui","18":"first","19":"outofstock","20":"shipping-taxable","21":"purchasable","22":"product-type-simple"},"acf":[],"tiered_pricing_type":"fixed","tiered_pricing_fixed_rules":[],"tiered_pricing_product_settings":{"layout":"default","base_unit_name":{"singular":null,"plural":null},"default_variation":null},"tiered_pricing_minimum_quantity":null,"tiered_pricing_roles_data":[],"tiered_pricing_percentage_rules":[],"_links":{"self":[{"href":"https:\/\/purama.lt\/lv\/wp-json\/wp\/v2\/product\/37415","targetHints":{"allow":["GET"]}}],"collection":[{"href":"https:\/\/purama.lt\/lv\/wp-json\/wp\/v2\/product"}],"about":[{"href":"https:\/\/purama.lt\/lv\/wp-json\/wp\/v2\/types\/product"}],"replies":[{"embeddable":true,"href":"https:\/\/purama.lt\/lv\/wp-json\/wp\/v2\/comments?post=37415"}],"wp:featuredmedia":[{"embeddable":true,"href":"https:\/\/purama.lt\/lv\/wp-json\/wp\/v2\/media\/37407"}],"wp:attachment":[{"href":"https:\/\/purama.lt\/lv\/wp-json\/wp\/v2\/media?parent=37415"}],"wp:term":[{"taxonomy":"product_brand","embeddable":true,"href":"https:\/\/purama.lt\/lv\/wp-json\/wp\/v2\/product_brand?post=37415"},{"taxonomy":"product_cat","embeddable":true,"href":"https:\/\/purama.lt\/lv\/wp-json\/wp\/v2\/product_cat?post=37415"},{"taxonomy":"product_tag","embeddable":true,"href":"https:\/\/purama.lt\/lv\/wp-json\/wp\/v2\/product_tag?post=37415"}],"curies":[{"name":"wp","href":"https:\/\/api.w.org\/{rel}","templated":true}]}}