{"id":37414,"date":"2025-07-21T10:00:00","date_gmt":"2025-07-21T10:00:00","guid":{"rendered":"https:\/\/purama.lt\/produktas\/natures-kolagenas-jointcare-su-fortigeliu\/"},"modified":"2026-04-10T07:59:13","modified_gmt":"2026-04-10T05:59:13","slug":"natures-finest-jointcare-collagen","status":"publish","type":"product","link":"https:\/\/purama.lt\/lv\/produktas\/natures-kolagenas-jointcare-su-fortigeliu\/","title":{"rendered":"Nature's Finest Collagen JointCare ar fortigel"},"content":{"rendered":"<p>Vai mekl\u0113jat vair\u0101k? Apskatiet visu <a href=\"\/lv\/produktu-etiketes\/natures-finest\/\">Nature\u2019s Finest sortiments<\/a>.<\/p>","protected":false},"excerpt":{"rendered":"<p>\u0160is uztura bag\u0101tin\u0101t\u0101js, kas paredz\u0113ts loc\u012btavu vesel\u012bbas atbalstam, satur Fortigel\u00ae kolag\u0113nu, lai pal\u012bdz\u0113tu atjaunot skrim\u0161\u013ca audus, uztur\u0113tu loc\u012btavu elast\u012bbu un mazin\u0101tu loc\u012btavu st\u012bvumu. Ieteicams cilv\u0113kiem, kuri piekopj akt\u012bvu dz\u012bvesveidu, vai tiem, kuri izj\u016bt loc\u012btavu diskomfortu.<\/p>\n<p><strong>K\u0101p\u0113c izv\u0113l\u0113ties:<\/strong><br \/>\n\u2714 Ar patent\u0113tu Fortigel\u00ae kolag\u0113nu<br \/>\n\u2714 Loc\u012btavu un skrim\u0161\u013cu vesel\u012bbai<br \/>\n\u2714 Var pal\u012bdz\u0113t mazin\u0101t loc\u012btavu s\u0101pes un iekaisumu<br \/>\n\u2714 Piem\u0113rots sportam un vec\u0101kiem cilv\u0113kiem<br \/>\n\u2714 \u0112rta lieto\u0161anas forma<\/p>","protected":false},"featured_media":37405,"comment_status":"open","ping_status":"closed","template":"","meta":{"_acf_changed":false},"product_brand":[441],"product_cat":[260,122,123],"product_tag":[],"class_list":{"0":"post-37414","1":"product","2":"type-product","3":"status-publish","4":"has-post-thumbnail","6":"product_brand-natures-finest","7":"product_cat-energijai-ir-apykaitai","8":"product_cat-lasteliu-jaunystei","9":"product_cat-papildai-ilgaamziskumui","11":"first","12":"outofstock","13":"shipping-taxable","14":"purchasable","15":"product-type-simple"},"acf":[],"tiered_pricing_type":"fixed","tiered_pricing_fixed_rules":[],"tiered_pricing_product_settings":{"layout":"default","base_unit_name":{"singular":null,"plural":null},"default_variation":null},"tiered_pricing_minimum_quantity":null,"tiered_pricing_roles_data":[],"tiered_pricing_percentage_rules":[],"_links":{"self":[{"href":"https:\/\/purama.lt\/lv\/wp-json\/wp\/v2\/product\/37414","targetHints":{"allow":["GET"]}}],"collection":[{"href":"https:\/\/purama.lt\/lv\/wp-json\/wp\/v2\/product"}],"about":[{"href":"https:\/\/purama.lt\/lv\/wp-json\/wp\/v2\/types\/product"}],"replies":[{"embeddable":true,"href":"https:\/\/purama.lt\/lv\/wp-json\/wp\/v2\/comments?post=37414"}],"wp:featuredmedia":[{"embeddable":true,"href":"https:\/\/purama.lt\/lv\/wp-json\/wp\/v2\/media\/37405"}],"wp:attachment":[{"href":"https:\/\/purama.lt\/lv\/wp-json\/wp\/v2\/media?parent=37414"}],"wp:term":[{"taxonomy":"product_brand","embeddable":true,"href":"https:\/\/purama.lt\/lv\/wp-json\/wp\/v2\/product_brand?post=37414"},{"taxonomy":"product_cat","embeddable":true,"href":"https:\/\/purama.lt\/lv\/wp-json\/wp\/v2\/product_cat?post=37414"},{"taxonomy":"product_tag","embeddable":true,"href":"https:\/\/purama.lt\/lv\/wp-json\/wp\/v2\/product_tag?post=37414"}],"curies":[{"name":"wp","href":"https:\/\/api.w.org\/{rel}","templated":true}]}}