{"id":37413,"date":"2025-07-21T09:59:59","date_gmt":"2025-07-21T09:59:59","guid":{"rendered":"https:\/\/purama.lt\/produktas\/natures-kolagenas-odos-stangrinimui-skincare-su-natikoliu\/"},"modified":"2026-04-10T07:45:46","modified_gmt":"2026-04-10T05:45:46","slug":"natures-finest-skincare-collagen","status":"publish","type":"product","link":"https:\/\/purama.lt\/lv\/produktas\/natures-kolagenas-odos-stangrinimui-skincare-su-natikoliu\/","title":{"rendered":"Nature's Finest SkinCare nostiprino\u0161s kolag\u0113ns ar naticolu"},"content":{"rendered":"<p>Vai mekl\u0113jat vair\u0101k? Apskatiet visu <a href=\"\/lv\/produktu-etiketes\/natures-finest\/\">Nature\u2019s Finest sortiments<\/a>.<\/p>","protected":false},"excerpt":{"rendered":"<p>\u012apa\u0161i \u0101das skaistumam izstr\u0101d\u0101ts kolag\u0113na papildin\u0101jums ar patent\u0113tu Naticol\u00ae, j\u016bras kolag\u0113nu ar augstu biopieejam\u012bbu. Formula ir bag\u0101tin\u0101ta ar sast\u0101vda\u013c\u0101m, kas veicina \u0101das mitruma saglab\u0101\u0161anu, elast\u012bbu un jaunekl\u012bgu izskatu.<\/p>\n<p><strong>K\u0101p\u0113c izv\u0113l\u0113ties:<\/strong><br \/>\n\u2714 Ar Naticol\u00ae j\u016bras kolag\u0113nu<br \/>\n\u2714 Paredz\u0113ts \u0101das tvirtuma un elast\u012bbas uztur\u0113\u0161anai<br \/>\n\u2714 Viegli apg\u016bstama formula<br \/>\n\u2714 Ide\u0101li piem\u0113rots iek\u0161\u0113j\u0101m skaistumkop\u0161anas proced\u016br\u0101m<br \/>\n\u2714 Var pal\u012bdz\u0113t samazin\u0101t grumbas<\/p>","protected":false},"featured_media":37406,"comment_status":"open","ping_status":"closed","template":"","meta":{"_acf_changed":false},"product_brand":[441],"product_cat":[123,251,122,259,273,274,269,250],"product_tag":[],"class_list":{"0":"post-37413","1":"product","2":"type-product","3":"status-publish","4":"has-post-thumbnail","6":"product_brand-natures-finest","7":"product_cat-papildai-ilgaamziskumui","8":"product_cat-antioksidantai","9":"product_cat-lasteliu-jaunystei","10":"product_cat-nuotaika-ir-stresas","11":"product_cat-odai-plaukams-nagams","12":"product_cat-odos-jaunyste","13":"product_cat-stresui-ir-miegui","14":"product_cat-telomeru-ir-dnr-apsauga","16":"first","17":"outofstock","18":"shipping-taxable","19":"purchasable","20":"product-type-simple"},"acf":[],"tiered_pricing_type":"fixed","tiered_pricing_fixed_rules":[],"tiered_pricing_product_settings":{"layout":"default","base_unit_name":{"singular":null,"plural":null},"default_variation":null},"tiered_pricing_minimum_quantity":null,"tiered_pricing_roles_data":[],"tiered_pricing_percentage_rules":[],"_links":{"self":[{"href":"https:\/\/purama.lt\/lv\/wp-json\/wp\/v2\/product\/37413","targetHints":{"allow":["GET"]}}],"collection":[{"href":"https:\/\/purama.lt\/lv\/wp-json\/wp\/v2\/product"}],"about":[{"href":"https:\/\/purama.lt\/lv\/wp-json\/wp\/v2\/types\/product"}],"replies":[{"embeddable":true,"href":"https:\/\/purama.lt\/lv\/wp-json\/wp\/v2\/comments?post=37413"}],"wp:featuredmedia":[{"embeddable":true,"href":"https:\/\/purama.lt\/lv\/wp-json\/wp\/v2\/media\/37406"}],"wp:attachment":[{"href":"https:\/\/purama.lt\/lv\/wp-json\/wp\/v2\/media?parent=37413"}],"wp:term":[{"taxonomy":"product_brand","embeddable":true,"href":"https:\/\/purama.lt\/lv\/wp-json\/wp\/v2\/product_brand?post=37413"},{"taxonomy":"product_cat","embeddable":true,"href":"https:\/\/purama.lt\/lv\/wp-json\/wp\/v2\/product_cat?post=37413"},{"taxonomy":"product_tag","embeddable":true,"href":"https:\/\/purama.lt\/lv\/wp-json\/wp\/v2\/product_tag?post=37413"}],"curies":[{"name":"wp","href":"https:\/\/api.w.org\/{rel}","templated":true}]}}