{"id":37412,"date":"2025-07-21T09:59:59","date_gmt":"2025-07-21T09:59:59","guid":{"rendered":"https:\/\/purama.lt\/produktas\/natures-kolagenas-100\/"},"modified":"2026-04-13T16:33:05","modified_gmt":"2026-04-13T14:33:05","slug":"daba-kolagens-100","status":"publish","type":"product","link":"https:\/\/purama.lt\/lv\/produktas\/natures-kolagenas-100\/","title":{"rendered":"Nature's Finest kolag\u0113ns 100%"},"content":{"rendered":"<p>Vai mekl\u0113jat vair\u0101k? Apskatiet visu <a href=\"\/lv\/produktu-etiketes\/daba-finest\/\">Nature\u2019s Finest sortiments<\/a>.<\/p>\n\n\n\n<p>Daugiau apie kolagen\u0105 skaitykite m\u016bs\u0173 <a href=\"\/lv\/kolagena-celvedis\/\">kolageno gide<\/a>.<\/p>","protected":false},"excerpt":{"rendered":"<p>T\u012brs hidroliz\u0113ts kolag\u0113ns bez papildu piedev\u0101m ir lieliska izv\u0113le \u0101das, matu, nagu un loc\u012btavu kop\u0161anai. \u0160is kolag\u0113ns viegli uzs\u016bcas un ir piem\u0113rots ilgsto\u0161ai lieto\u0161anai, lai saglab\u0101tu \u0101das elast\u012bbu un loc\u012btavu elast\u012bbu. <strong>K\u0101p\u0113c izv\u0113l\u0113ties:<\/strong> \u2714 100 % grynas kolagenas \u2714 Be kvapikli\u0173, saldikli\u0173 ar da\u017eikli\u0173 \u2714 Skatina odos elastingum\u0105 ir stangrum\u0105 \u2714 Stiprina plaukus, nagus ir s\u0105narius \u2714 Tinka mai\u0161yti su maistu ar g\u0117rimais<\/p>","protected":false},"featured_media":37408,"comment_status":"open","ping_status":"closed","template":"","meta":{"_acf_changed":false},"product_brand":[441],"product_cat":[273,57,251,260,122,262,274,123,275],"product_tag":[],"class_list":{"0":"post-37412","1":"product","2":"type-product","3":"status-publish","4":"has-post-thumbnail","6":"product_brand-natures-finest","7":"product_cat-odai-plaukams-nagams","8":"product_cat-akcijos","9":"product_cat-antioksidantai","10":"product_cat-energijai-ir-apykaitai","11":"product_cat-lasteliu-jaunystei","12":"product_cat-medziagu-apykaita","13":"product_cat-odos-jaunyste","14":"product_cat-papildai-ilgaamziskumui","15":"product_cat-plauku-ir-nagu-prieziura","17":"first","18":"instock","19":"sale","20":"shipping-taxable","21":"purchasable","22":"product-type-simple"},"acf":[],"tiered_pricing_type":"fixed","tiered_pricing_fixed_rules":[],"tiered_pricing_product_settings":{"layout":"default","base_unit_name":{"singular":null,"plural":null},"default_variation":null},"tiered_pricing_minimum_quantity":null,"tiered_pricing_roles_data":[],"tiered_pricing_percentage_rules":[],"_links":{"self":[{"href":"https:\/\/purama.lt\/lv\/wp-json\/wp\/v2\/product\/37412","targetHints":{"allow":["GET"]}}],"collection":[{"href":"https:\/\/purama.lt\/lv\/wp-json\/wp\/v2\/product"}],"about":[{"href":"https:\/\/purama.lt\/lv\/wp-json\/wp\/v2\/types\/product"}],"replies":[{"embeddable":true,"href":"https:\/\/purama.lt\/lv\/wp-json\/wp\/v2\/comments?post=37412"}],"wp:featuredmedia":[{"embeddable":true,"href":"https:\/\/purama.lt\/lv\/wp-json\/wp\/v2\/media\/37408"}],"wp:attachment":[{"href":"https:\/\/purama.lt\/lv\/wp-json\/wp\/v2\/media?parent=37412"}],"wp:term":[{"taxonomy":"product_brand","embeddable":true,"href":"https:\/\/purama.lt\/lv\/wp-json\/wp\/v2\/product_brand?post=37412"},{"taxonomy":"product_cat","embeddable":true,"href":"https:\/\/purama.lt\/lv\/wp-json\/wp\/v2\/product_cat?post=37412"},{"taxonomy":"product_tag","embeddable":true,"href":"https:\/\/purama.lt\/lv\/wp-json\/wp\/v2\/product_tag?post=37412"}],"curies":[{"name":"wp","href":"https:\/\/api.w.org\/{rel}","templated":true}]}}