{"id":36932,"date":"2025-07-03T13:31:48","date_gmt":"2025-07-03T13:31:48","guid":{"rendered":"https:\/\/purama.lt\/produktas\/vitalharmony-apetito-kontrolei\/"},"modified":"2026-03-24T11:19:58","modified_gmt":"2026-03-24T09:19:58","slug":"vitalharmony-estgribas-kontrolei","status":"publish","type":"product","link":"https:\/\/purama.lt\/lv\/produktas\/vitalharmony-apetito-kontrolei\/","title":{"rendered":"VitalHarmony Apet\u012bta kontrolei"},"content":{"rendered":"<p><strong>Lieto\u0161ana:<\/strong> 2 kapsulas pirms galven\u0101s \u0113dienreizes.<br>Iepakojums: 60 kapsulas.<\/p>","protected":false},"excerpt":{"rendered":"<p>Uztura bag\u0101tin\u0101t\u0101js ar dab\u012bgiem ekstraktiem - Malabar Tamarind, \u0100frikas mango s\u0113kl\u0101m un himnemas lap\u0101m -, kas pal\u012bdz dabiski samazin\u0101t apet\u012bti, uztur\u0113t s\u0101ta saj\u016btu un atvieglot di\u0113tas iev\u0113ro\u0161anu.<\/p>\n<p><strong>K\u0101p\u0113c izv\u0113l\u0113ties:<br \/><\/strong> \u2714 Dabisks atbalsts apet\u012btes kontrolei<br \/>\u2714 Samazina tieksmi p\u0113c saldumiem<br \/>\u2714 Atbalsta kaloriju samazin\u0101\u0161anu bez stresa<br \/>\u2714 Lieliska izv\u0113le svara kontrolei<\/p>","protected":false},"featured_media":41724,"comment_status":"open","ping_status":"closed","template":"","meta":{"_acf_changed":false},"product_brand":[461],"product_cat":[123,260,262],"product_tag":[],"class_list":{"0":"post-36932","1":"product","2":"type-product","3":"status-publish","4":"has-post-thumbnail","6":"product_brand-vitalharmony","7":"product_cat-papildai-ilgaamziskumui","8":"product_cat-energijai-ir-apykaitai","9":"product_cat-medziagu-apykaita","11":"first","12":"instock","13":"shipping-taxable","14":"purchasable","15":"product-type-simple"},"acf":[],"tiered_pricing_type":"fixed","tiered_pricing_fixed_rules":[],"tiered_pricing_product_settings":{"layout":"default","base_unit_name":{"singular":null,"plural":null},"default_variation":null},"tiered_pricing_minimum_quantity":null,"tiered_pricing_roles_data":[],"tiered_pricing_percentage_rules":[],"_links":{"self":[{"href":"https:\/\/purama.lt\/lv\/wp-json\/wp\/v2\/product\/36932","targetHints":{"allow":["GET"]}}],"collection":[{"href":"https:\/\/purama.lt\/lv\/wp-json\/wp\/v2\/product"}],"about":[{"href":"https:\/\/purama.lt\/lv\/wp-json\/wp\/v2\/types\/product"}],"replies":[{"embeddable":true,"href":"https:\/\/purama.lt\/lv\/wp-json\/wp\/v2\/comments?post=36932"}],"wp:featuredmedia":[{"embeddable":true,"href":"https:\/\/purama.lt\/lv\/wp-json\/wp\/v2\/media\/41724"}],"wp:attachment":[{"href":"https:\/\/purama.lt\/lv\/wp-json\/wp\/v2\/media?parent=36932"}],"wp:term":[{"taxonomy":"product_brand","embeddable":true,"href":"https:\/\/purama.lt\/lv\/wp-json\/wp\/v2\/product_brand?post=36932"},{"taxonomy":"product_cat","embeddable":true,"href":"https:\/\/purama.lt\/lv\/wp-json\/wp\/v2\/product_cat?post=36932"},{"taxonomy":"product_tag","embeddable":true,"href":"https:\/\/purama.lt\/lv\/wp-json\/wp\/v2\/product_tag?post=36932"}],"curies":[{"name":"wp","href":"https:\/\/api.w.org\/{rel}","templated":true}]}}