{"id":36931,"date":"2025-07-03T13:31:48","date_gmt":"2025-07-03T13:31:48","guid":{"rendered":"https:\/\/purama.lt\/produktas\/vitalharmony-riebalu-degintojas-pluss\/"},"modified":"2026-04-14T07:59:27","modified_gmt":"2026-04-14T05:59:27","slug":"vitalharmony-tauku-deglis-plus","status":"publish","type":"product","link":"https:\/\/purama.lt\/lv\/produktas\/vitalharmony-riebalu-degintojas-pluss\/","title":{"rendered":"VitalHarmony Fat Burner Pluss"},"content":{"rendered":"<p><strong>Lieto\u0161ana:<\/strong> 2 kapsulas dien\u0101 - pirms treni\u0146a vai brokastu laik\u0101.<br>Iepakojums: 60 kapsulas.<\/p>","protected":false},"excerpt":{"rendered":"<p>Sp\u0113c\u012bgi formul\u0113ts termog\u0113nisks papildin\u0101jums ar Garcinia cambogia, za\u013c\u0101s t\u0113jas ekstraktu, kapsaic\u012bnu, kofe\u012bnu un siner\u0123isk\u0101m sast\u0101vda\u013c\u0101m. Pal\u012bdz stimul\u0113t vielmai\u0146u, paaugstina ener\u0123ijas l\u012bmeni un veicina efekt\u012bv\u0101ku tauku dedzin\u0101\u0161anu fizisk\u0101s aktivit\u0101tes laik\u0101. <\/p>\n<p><strong>K\u0101p\u0113c izv\u0113l\u0113ties:<br \/><\/strong> \u2714 Sp\u0113c\u012bga formula ar dab\u012bgiem ekstraktiem<br \/>\u2714 Stimul\u0113 vielmai\u0146u un ener\u0123ijas ra\u017eo\u0161anu<br \/>\u2714 Pal\u012bdz sadedzin\u0101t taukus treni\u0146u laik\u0101<br \/>\u2714 \u0112rti lietot - tikai 2 kapsulas dien\u0101<\/p>","protected":false},"featured_media":36940,"comment_status":"open","ping_status":"closed","template":"","meta":{"_acf_changed":false},"product_brand":[461],"product_cat":[123,260,262],"product_tag":[],"class_list":{"0":"post-36931","1":"product","2":"type-product","3":"status-publish","4":"has-post-thumbnail","6":"product_brand-vitalharmony","7":"product_cat-papildai-ilgaamziskumui","8":"product_cat-energijai-ir-apykaitai","9":"product_cat-medziagu-apykaita","11":"first","12":"instock","13":"shipping-taxable","14":"purchasable","15":"product-type-simple"},"acf":[],"tiered_pricing_type":"fixed","tiered_pricing_fixed_rules":[],"tiered_pricing_product_settings":{"layout":"default","base_unit_name":{"singular":null,"plural":null},"default_variation":null},"tiered_pricing_minimum_quantity":null,"tiered_pricing_roles_data":[],"tiered_pricing_percentage_rules":[],"_links":{"self":[{"href":"https:\/\/purama.lt\/lv\/wp-json\/wp\/v2\/product\/36931","targetHints":{"allow":["GET"]}}],"collection":[{"href":"https:\/\/purama.lt\/lv\/wp-json\/wp\/v2\/product"}],"about":[{"href":"https:\/\/purama.lt\/lv\/wp-json\/wp\/v2\/types\/product"}],"replies":[{"embeddable":true,"href":"https:\/\/purama.lt\/lv\/wp-json\/wp\/v2\/comments?post=36931"}],"wp:featuredmedia":[{"embeddable":true,"href":"https:\/\/purama.lt\/lv\/wp-json\/wp\/v2\/media\/36940"}],"wp:attachment":[{"href":"https:\/\/purama.lt\/lv\/wp-json\/wp\/v2\/media?parent=36931"}],"wp:term":[{"taxonomy":"product_brand","embeddable":true,"href":"https:\/\/purama.lt\/lv\/wp-json\/wp\/v2\/product_brand?post=36931"},{"taxonomy":"product_cat","embeddable":true,"href":"https:\/\/purama.lt\/lv\/wp-json\/wp\/v2\/product_cat?post=36931"},{"taxonomy":"product_tag","embeddable":true,"href":"https:\/\/purama.lt\/lv\/wp-json\/wp\/v2\/product_tag?post=36931"}],"curies":[{"name":"wp","href":"https:\/\/api.w.org\/{rel}","templated":true}]}}