{"id":36930,"date":"2025-07-03T13:31:48","date_gmt":"2025-07-03T13:31:48","guid":{"rendered":"https:\/\/purama.lt\/produktas\/vitalharmony-kreatino-monohidratas-tropiniu-vaisiu-skonio\/"},"modified":"2025-11-12T16:55:19","modified_gmt":"2025-11-12T14:55:19","slug":"vitalharmony-kreatina-monohidrats-tropisko-auglu-garsa","status":"publish","type":"product","link":"https:\/\/purama.lt\/lv\/produktas\/vitalharmony-kreatino-monohidratas-tropiniu-vaisiu-skonio\/","title":{"rendered":"VitalHarmony kreat\u012bna monohidr\u0101ts tropisko aug\u013cu gar\u0161a"},"content":{"rendered":"<p><strong>Lieto\u0161ana:<\/strong> Iz\u0161\u0137\u012bdiniet 5 g pulvera ~ 200 ml \u016bdens un lietojiet vienu reizi dien\u0101 pirms vai p\u0113c treni\u0146a.<br>Iepakojums: 200 g (aptuveni 40 porcijas).<\/p>","protected":false},"excerpt":{"rendered":"<p>T\u012brs mikroniz\u0113ts kreat\u012bna monohidr\u0101ts, bag\u0101tin\u0101ts ar svaigu tropisko aug\u013cu gar\u0161u, tiem, kas v\u0113las sasniegt maksim\u0101lu fizisko veiktsp\u0113ju, musku\u013cu sp\u0113ku un efekt\u012bv\u0101ku atjauno\u0161anos p\u0113c treni\u0146a. Kreat\u012bns pal\u012bdz palielin\u0101t musku\u013cu ener\u0123ijas kr\u0101jumus (ATP), veicina iztur\u012bbu un uzlabo visp\u0101r\u0113jo sportisko sniegumu. <strong>K\u0101p\u0113c izv\u0113l\u0113ties:<\/strong> \u2714 T\u012brs kreat\u012bna monohidr\u0101ts bez piemais\u012bjumiem \u2714 Tropisko aug\u013cu gar\u0161a \u2714 Pal\u012bdz veidot musku\u013cu masu un palielin\u0101t sp\u0113ku \u2714 Piem\u0113rots sportam un fiziski akt\u012bviem cilv\u0113kiem<\/p>","protected":false},"featured_media":36937,"comment_status":"open","ping_status":"closed","template":"","meta":{"_acf_changed":false},"product_brand":[461],"product_cat":[123,279,280,281],"product_tag":[],"class_list":{"0":"post-36930","1":"product","2":"type-product","3":"status-publish","4":"has-post-thumbnail","6":"product_brand-vitalharmony","7":"product_cat-papildai-ilgaamziskumui","8":"product_cat-kaulams-ir-sanariams","9":"product_cat-kaulu-stiprinimas","10":"product_cat-raumenu-palaikymas","12":"first","13":"outofstock","14":"shipping-taxable","15":"purchasable","16":"product-type-simple"},"acf":[],"tiered_pricing_type":"fixed","tiered_pricing_fixed_rules":[],"tiered_pricing_product_settings":{"layout":"default","base_unit_name":{"singular":null,"plural":null},"default_variation":null},"tiered_pricing_minimum_quantity":null,"tiered_pricing_roles_data":[],"tiered_pricing_percentage_rules":[],"_links":{"self":[{"href":"https:\/\/purama.lt\/lv\/wp-json\/wp\/v2\/product\/36930","targetHints":{"allow":["GET"]}}],"collection":[{"href":"https:\/\/purama.lt\/lv\/wp-json\/wp\/v2\/product"}],"about":[{"href":"https:\/\/purama.lt\/lv\/wp-json\/wp\/v2\/types\/product"}],"replies":[{"embeddable":true,"href":"https:\/\/purama.lt\/lv\/wp-json\/wp\/v2\/comments?post=36930"}],"wp:featuredmedia":[{"embeddable":true,"href":"https:\/\/purama.lt\/lv\/wp-json\/wp\/v2\/media\/36937"}],"wp:attachment":[{"href":"https:\/\/purama.lt\/lv\/wp-json\/wp\/v2\/media?parent=36930"}],"wp:term":[{"taxonomy":"product_brand","embeddable":true,"href":"https:\/\/purama.lt\/lv\/wp-json\/wp\/v2\/product_brand?post=36930"},{"taxonomy":"product_cat","embeddable":true,"href":"https:\/\/purama.lt\/lv\/wp-json\/wp\/v2\/product_cat?post=36930"},{"taxonomy":"product_tag","embeddable":true,"href":"https:\/\/purama.lt\/lv\/wp-json\/wp\/v2\/product_tag?post=36930"}],"curies":[{"name":"wp","href":"https:\/\/api.w.org\/{rel}","templated":true}]}}