{"id":36786,"date":"2025-06-30T09:24:44","date_gmt":"2025-06-30T09:24:44","guid":{"rendered":"https:\/\/purama.lt\/produktas\/kojines-wake-up-pink-sporcks\/"},"modified":"2026-04-03T10:17:46","modified_gmt":"2026-04-03T08:17:46","slug":"kojines-pamosties-roza-sporcks","status":"publish","type":"product","link":"https:\/\/purama.lt\/lv\/produktas\/kojines-wake-up-pink-sporcks\/","title":{"rendered":"SPORCKS Wake Up Pink sporta ze\u0137es"},"content":{"rendered":"<p>Vai mekl\u0113jat vair\u0101k? Apskatiet visu <a href=\"\/lv\/produktu-etiketes\/sporta-inventars\/\">Sporcks sortimentu<\/a>.<\/p>","protected":false},"excerpt":{"rendered":"<p><strong>SPORCKS Wake Up Pink:<\/strong> T\u0101 ir vitalit\u0101tes un komforta kombin\u0101cija. \u0160\u012bs hibr\u012bda ze\u0137es ne tikai lieliski izskat\u0101s, bet ar\u012b uztur k\u0101jas sausas un svaigas visas dienas garum\u0101. Piem\u0113rotas akt\u012bvai dienai biroj\u0101, treni\u0146am vai ilgai pastaigai \u2013 ar t\u0101m vienm\u0113r esi gatavs r\u012bkoties.<\/p>\n<p><strong>K\u0101p\u0113c izv\u0113l\u0113ties:<\/strong><br \/>\n\u2714\ufe0f Hibr\u012bda dizains: daudzpus\u012bba bez kompromisiem<br \/>\n\u2714\ufe0f Elpojo\u0161s audums: nodro\u0161ina komfortu visas dienas garum\u0101.<br \/>\n\u2714\ufe0f Spilgta kr\u0101sa: pozit\u012bvs akcents j\u016bsu stilam<br \/>\n\u2714\ufe0f \u0112rts piegulo\u0161ais izm\u0113rs: piem\u0113rots gar\u0101m stund\u0101m<br \/>\n\u2714\ufe0f Ra\u017eots Sp\u0101nij\u0101: uzticam\u012bba katr\u0101 sol\u012b<\/p>","protected":false},"featured_media":36770,"comment_status":"open","ping_status":"closed","template":"","meta":{"_acf_changed":false},"product_brand":[246],"product_cat":[102,57,98],"product_tag":[],"class_list":{"0":"post-36786","1":"product","2":"type-product","3":"status-publish","4":"has-post-thumbnail","6":"product_brand-sporcks","7":"product_cat-kojines","8":"product_cat-akcijos","9":"product_cat-sportui","11":"first","12":"instock","13":"sale","14":"shipping-taxable","15":"purchasable","16":"product-type-variable"},"acf":[],"tiered_pricing_type":"fixed","tiered_pricing_fixed_rules":[],"tiered_pricing_product_settings":{"layout":"default","base_unit_name":{"singular":null,"plural":null},"default_variation":null},"tiered_pricing_minimum_quantity":null,"tiered_pricing_roles_data":[],"tiered_pricing_percentage_rules":[],"_links":{"self":[{"href":"https:\/\/purama.lt\/lv\/wp-json\/wp\/v2\/product\/36786","targetHints":{"allow":["GET"]}}],"collection":[{"href":"https:\/\/purama.lt\/lv\/wp-json\/wp\/v2\/product"}],"about":[{"href":"https:\/\/purama.lt\/lv\/wp-json\/wp\/v2\/types\/product"}],"replies":[{"embeddable":true,"href":"https:\/\/purama.lt\/lv\/wp-json\/wp\/v2\/comments?post=36786"}],"wp:featuredmedia":[{"embeddable":true,"href":"https:\/\/purama.lt\/lv\/wp-json\/wp\/v2\/media\/36770"}],"wp:attachment":[{"href":"https:\/\/purama.lt\/lv\/wp-json\/wp\/v2\/media?parent=36786"}],"wp:term":[{"taxonomy":"product_brand","embeddable":true,"href":"https:\/\/purama.lt\/lv\/wp-json\/wp\/v2\/product_brand?post=36786"},{"taxonomy":"product_cat","embeddable":true,"href":"https:\/\/purama.lt\/lv\/wp-json\/wp\/v2\/product_cat?post=36786"},{"taxonomy":"product_tag","embeddable":true,"href":"https:\/\/purama.lt\/lv\/wp-json\/wp\/v2\/product_tag?post=36786"}],"curies":[{"name":"wp","href":"https:\/\/api.w.org\/{rel}","templated":true}]}}