{"id":36785,"date":"2025-06-30T09:24:44","date_gmt":"2025-06-30T09:24:44","guid":{"rendered":"https:\/\/purama.lt\/produktas\/kojines-kinetic-pink-sporcks\/"},"modified":"2026-04-03T10:17:21","modified_gmt":"2026-04-03T08:17:21","slug":"kojines-kinetic-roza-sporta-bikses","status":"publish","type":"product","link":"https:\/\/purama.lt\/lv\/produktas\/kojines-kinetic-pink-sporcks\/","title":{"rendered":"SPORCKS Kinetic Pink sporta ze\u0137es"},"content":{"rendered":"<p>Vai mekl\u0113jat vair\u0101k? Apskatiet visu <a href=\"\/lv\/produktu-etiketes\/sporta-inventars\/\">Sporcks sortimentu<\/a>.<\/p>","protected":false},"excerpt":{"rendered":"<p><strong>SPORCKS Kin\u0113tisk\u0101 roz\u0101:<\/strong> Ener\u0123iskas, motiv\u0113jo\u0161as un \u013coti funkcion\u0101las KINETIC PINK skrie\u0161anas ze\u0137es ir ide\u0101ls tehnisk\u0101s veiktsp\u0113jas un p\u0101rsteidzo\u0161a dizaina apvienojums. \u0160\u012bs ze\u0137es, kas paredz\u0113tas gar\u0101m distanc\u0113m un \u0101tram tempam, nodro\u0161ina stabilit\u0101ti, elpojam\u012bbu un komfortu jebkuros apst\u0101k\u013cos.<\/p>\n<p><strong>K\u0101p\u0113c izv\u0113l\u0113ties:<\/strong><br \/>\n\u2714\ufe0f Izstr\u0101d\u0101ts skr\u0113j\u0113jiem: vieglums un atbalsts skrie\u0161anas laik\u0101<br \/>\n\u2714\ufe0f Spilgti roz\u0101 dizains: izce\u013cas uz trases<br \/>\n\u2714\ufe0f Tehniskie audumi: mitruma p\u0101rvald\u012bba un ventil\u0101cija<br \/>\n\u2714\ufe0f Optim\u0101la piegu\u013cam\u012bba: nesl\u012bd, nespie\u017e, nesaspie\u017e<br \/>\n\u2714\ufe0f Izgatavots Sp\u0101nij\u0101: izstr\u0101d\u0101ts, lai dotos t\u0101l\u0101k<\/p>","protected":false},"featured_media":36768,"comment_status":"open","ping_status":"closed","template":"","meta":{"_acf_changed":false},"product_brand":[246],"product_cat":[102,57,98],"product_tag":[],"class_list":{"0":"post-36785","1":"product","2":"type-product","3":"status-publish","4":"has-post-thumbnail","6":"product_brand-sporcks","7":"product_cat-kojines","8":"product_cat-akcijos","9":"product_cat-sportui","11":"first","12":"instock","13":"sale","14":"shipping-taxable","15":"purchasable","16":"product-type-variable"},"acf":[],"tiered_pricing_type":"fixed","tiered_pricing_fixed_rules":[],"tiered_pricing_product_settings":{"layout":"default","base_unit_name":{"singular":null,"plural":null},"default_variation":null},"tiered_pricing_minimum_quantity":null,"tiered_pricing_roles_data":[],"tiered_pricing_percentage_rules":[],"_links":{"self":[{"href":"https:\/\/purama.lt\/lv\/wp-json\/wp\/v2\/product\/36785","targetHints":{"allow":["GET"]}}],"collection":[{"href":"https:\/\/purama.lt\/lv\/wp-json\/wp\/v2\/product"}],"about":[{"href":"https:\/\/purama.lt\/lv\/wp-json\/wp\/v2\/types\/product"}],"replies":[{"embeddable":true,"href":"https:\/\/purama.lt\/lv\/wp-json\/wp\/v2\/comments?post=36785"}],"wp:featuredmedia":[{"embeddable":true,"href":"https:\/\/purama.lt\/lv\/wp-json\/wp\/v2\/media\/36768"}],"wp:attachment":[{"href":"https:\/\/purama.lt\/lv\/wp-json\/wp\/v2\/media?parent=36785"}],"wp:term":[{"taxonomy":"product_brand","embeddable":true,"href":"https:\/\/purama.lt\/lv\/wp-json\/wp\/v2\/product_brand?post=36785"},{"taxonomy":"product_cat","embeddable":true,"href":"https:\/\/purama.lt\/lv\/wp-json\/wp\/v2\/product_cat?post=36785"},{"taxonomy":"product_tag","embeddable":true,"href":"https:\/\/purama.lt\/lv\/wp-json\/wp\/v2\/product_tag?post=36785"}],"curies":[{"name":"wp","href":"https:\/\/api.w.org\/{rel}","templated":true}]}}