{"id":36784,"date":"2025-06-30T09:24:44","date_gmt":"2025-06-30T09:24:44","guid":{"rendered":"https:\/\/purama.lt\/produktas\/kojines-run-mad-2025-sporcks\/"},"modified":"2026-04-03T10:17:14","modified_gmt":"2026-04-03T08:17:14","slug":"kojines-palaist-mad-2025-sporcks","status":"publish","type":"product","link":"https:\/\/purama.lt\/lv\/produktas\/kojines-run-mad-2025-sporcks\/","title":{"rendered":"SPORCKS Run Mad 2025 sporta ze\u0137es"},"content":{"rendered":"<p>Vai mekl\u0113jat vair\u0101k? Apskatiet visu <a href=\"\/lv\/produktu-etiketes\/sporcks\/\">Sporcks sortimentu<\/a>.<\/p>","protected":false},"excerpt":{"rendered":"<p><strong>SPORCKS Skr\u0113jiena trakums 2025:<\/strong> \u0160\u012bs ekskluz\u012bv\u0101s ze\u0137es ir rad\u012btas \u012bpa\u0161i skrie\u0161anas pas\u0101kumiem. T\u0101s ir ide\u0101li piem\u0113rotas gan \u012bs\u0101m, gan gar\u0101m distanc\u0113m, jo to progres\u012bv\u0101 konstrukcija mazina nogurumu, savuk\u0101rt spilgtais dizains iedvesmo skriet t\u0101l\u0101k. Skr\u0113j\u0113jiem, kuri v\u0113las b\u016bt \u0101tri, paman\u0101mi un p\u0101rliecin\u0101ti.<\/p>\n<p><strong>K\u0101p\u0113c izv\u0113l\u0113ties:<\/strong><br \/>\n\u2714\ufe0f Paredz\u0113ts skrie\u0161anai: maksim\u0101la efektivit\u0101te katram kilometram<br \/>\n\u2714\ufe0f Ierobe\u017eotas s\u0113rijas modelis: unikalit\u0101te garant\u0113ta<br \/>\n\u2714\ufe0f Ergonomisks dizains: intens\u012bvai satiksmei<br \/>\n\u2714\ufe0f Elpo\u0161anas zonas: v\u0113sas un sausas.<br \/>\n\u2714\ufe0f Ra\u017eots Sp\u0101nij\u0101: dizains + funkcija vien\u0101<\/p>","protected":false},"featured_media":36771,"comment_status":"open","ping_status":"closed","template":"","meta":{"_acf_changed":false},"product_brand":[246],"product_cat":[102,57,98],"product_tag":[],"class_list":{"0":"post-36784","1":"product","2":"type-product","3":"status-publish","4":"has-post-thumbnail","6":"product_brand-sporcks","7":"product_cat-kojines","8":"product_cat-akcijos","9":"product_cat-sportui","11":"first","12":"instock","13":"sale","14":"shipping-taxable","15":"purchasable","16":"product-type-variable"},"acf":[],"tiered_pricing_type":"fixed","tiered_pricing_fixed_rules":[],"tiered_pricing_product_settings":{"layout":"default","base_unit_name":{"singular":null,"plural":null},"default_variation":null},"tiered_pricing_minimum_quantity":null,"tiered_pricing_roles_data":[],"tiered_pricing_percentage_rules":[],"_links":{"self":[{"href":"https:\/\/purama.lt\/lv\/wp-json\/wp\/v2\/product\/36784","targetHints":{"allow":["GET"]}}],"collection":[{"href":"https:\/\/purama.lt\/lv\/wp-json\/wp\/v2\/product"}],"about":[{"href":"https:\/\/purama.lt\/lv\/wp-json\/wp\/v2\/types\/product"}],"replies":[{"embeddable":true,"href":"https:\/\/purama.lt\/lv\/wp-json\/wp\/v2\/comments?post=36784"}],"wp:featuredmedia":[{"embeddable":true,"href":"https:\/\/purama.lt\/lv\/wp-json\/wp\/v2\/media\/36771"}],"wp:attachment":[{"href":"https:\/\/purama.lt\/lv\/wp-json\/wp\/v2\/media?parent=36784"}],"wp:term":[{"taxonomy":"product_brand","embeddable":true,"href":"https:\/\/purama.lt\/lv\/wp-json\/wp\/v2\/product_brand?post=36784"},{"taxonomy":"product_cat","embeddable":true,"href":"https:\/\/purama.lt\/lv\/wp-json\/wp\/v2\/product_cat?post=36784"},{"taxonomy":"product_tag","embeddable":true,"href":"https:\/\/purama.lt\/lv\/wp-json\/wp\/v2\/product_tag?post=36784"}],"curies":[{"name":"wp","href":"https:\/\/api.w.org\/{rel}","templated":true}]}}