{"id":36781,"date":"2025-06-30T09:24:43","date_gmt":"2025-06-30T09:24:43","guid":{"rendered":"https:\/\/purama.lt\/produktas\/kojines-go-go-go-yellow-sporcks\/"},"modified":"2026-04-12T10:07:17","modified_gmt":"2026-04-12T08:07:17","slug":"kojines-go-go-go-go-dzeltenie-sporta-veidi","status":"publish","type":"product","link":"https:\/\/purama.lt\/lv\/produktas\/kojines-go-go-go-yellow-sporcks\/","title":{"rendered":"SPORCKS Go Go Go Dzelten\u0101s sporta ze\u0137es"},"content":{"rendered":"<p>Vai mekl\u0113jat vair\u0101k? Apskatiet visu <a href=\"\/lv\/produktu-etiketes\/sporcks\/\">Sporcks sortimentu<\/a>.<\/p>","protected":false},"excerpt":{"rendered":"<p><strong>SPORCKS Go Go Go Dzeltens<\/strong> tas optimizmas un ener\u0123ijas l\u0113ciens j\u016bsu k\u0101j\u0101m. \u0160\u012bs hibr\u012bda ze\u0137es ir ide\u0101li piem\u0113rotas kust\u012bbai pils\u0113t\u0101, treni\u0146iem vai vienk\u0101r\u0161i akt\u012bvam dz\u012bvesveidam. COOLMAX\u00ae audums pal\u012bdz uztur\u0113t k\u0101jas sausas, bet gai\u0161i dzeltens kr\u0101sojums padar\u012bs j\u016bs neiesp\u0113jamu nepaman\u012bt.<\/p>\n<p><strong>K\u0101p\u0113c izv\u0113l\u0113ties:<\/strong><br \/>\n\u2714\ufe0f Par kust\u012bbu bez ierobe\u017eojumiem: sports un atp\u016bta<br \/>\n\u2714\ufe0f COOLMAX\u00ae audums: elpojo\u0161s un \u0101tri \u017e\u016bsto\u0161s.<br \/>\n\u2714\ufe0f Anatomisks piegriezums: maksim\u0101ls komforts<br \/>\n\u2714\ufe0f Uzman\u012bbu piesaisto\u0161s dizains: izce\u013cas ar stilu<br \/>\n\u2714\ufe0f Ra\u017eots Sp\u0101nij\u0101: uzticam\u012bba katr\u0101 sol\u012b<\/p>","protected":false},"featured_media":36769,"comment_status":"open","ping_status":"closed","template":"","meta":{"_acf_changed":false},"product_brand":[246],"product_cat":[98,57,102],"product_tag":[],"class_list":{"0":"post-36781","1":"product","2":"type-product","3":"status-publish","4":"has-post-thumbnail","6":"product_brand-sporcks","7":"product_cat-sportui","8":"product_cat-akcijos","9":"product_cat-kojines","11":"first","12":"instock","13":"sale","14":"shipping-taxable","15":"purchasable","16":"product-type-variable"},"acf":[],"tiered_pricing_type":"fixed","tiered_pricing_fixed_rules":[],"tiered_pricing_product_settings":{"layout":"default","base_unit_name":{"singular":null,"plural":null},"default_variation":null},"tiered_pricing_minimum_quantity":null,"tiered_pricing_roles_data":[],"tiered_pricing_percentage_rules":[],"_links":{"self":[{"href":"https:\/\/purama.lt\/lv\/wp-json\/wp\/v2\/product\/36781","targetHints":{"allow":["GET"]}}],"collection":[{"href":"https:\/\/purama.lt\/lv\/wp-json\/wp\/v2\/product"}],"about":[{"href":"https:\/\/purama.lt\/lv\/wp-json\/wp\/v2\/types\/product"}],"replies":[{"embeddable":true,"href":"https:\/\/purama.lt\/lv\/wp-json\/wp\/v2\/comments?post=36781"}],"wp:featuredmedia":[{"embeddable":true,"href":"https:\/\/purama.lt\/lv\/wp-json\/wp\/v2\/media\/36769"}],"wp:attachment":[{"href":"https:\/\/purama.lt\/lv\/wp-json\/wp\/v2\/media?parent=36781"}],"wp:term":[{"taxonomy":"product_brand","embeddable":true,"href":"https:\/\/purama.lt\/lv\/wp-json\/wp\/v2\/product_brand?post=36781"},{"taxonomy":"product_cat","embeddable":true,"href":"https:\/\/purama.lt\/lv\/wp-json\/wp\/v2\/product_cat?post=36781"},{"taxonomy":"product_tag","embeddable":true,"href":"https:\/\/purama.lt\/lv\/wp-json\/wp\/v2\/product_tag?post=36781"}],"curies":[{"name":"wp","href":"https:\/\/api.w.org\/{rel}","templated":true}]}}