{"id":36780,"date":"2025-06-30T09:24:43","date_gmt":"2025-06-30T09:24:43","guid":{"rendered":"https:\/\/purama.lt\/produktas\/kojines-go-go-go-purple-sporcks\/"},"modified":"2026-04-11T10:34:28","modified_gmt":"2026-04-11T08:34:28","slug":"kojines-iet-iet-iet-iet-iet-iet-violeti-sporcks","status":"publish","type":"product","link":"https:\/\/purama.lt\/lv\/produktas\/kojines-go-go-go-purple-sporcks\/","title":{"rendered":"SPORCKS Go Go Go Purple sporta ze\u0137es"},"content":{"rendered":"<p>Vai mekl\u0113jat vair\u0101k? Apskatiet visu <a href=\"\/lv\/produktu-etiketes\/sporcks\/\">Sporcks sortimentu<\/a>.<\/p>","protected":false},"excerpt":{"rendered":"<p><strong>SPORCKS Go Go Go Violeta<\/strong> \u2013 hibrid\u0101s ze\u0137es ir rad\u012btas nep\u0101rtraukti kust\u012bgiem cilv\u0113kiem. Pateicoties anatomiski piel\u0101gotajam dizainam un elpojo\u0161ajam t\u012bkli\u0146am, t\u0101s lieliski piem\u0113rotas gan akt\u012bvam sportam, gan ikdienas valk\u0101\u0161anai. Violet\u0101 kr\u0101sa pie\u0161\u0137ir drosmi un ener\u0123iju \u2013 ikvienam, kas nebaid\u0101s izcelties.<\/p>\n<p><strong>K\u0101p\u0113c izv\u0113l\u0113ties:<\/strong><br \/>\n\u2714\ufe0f Hybrid: daudzpus\u012bba sportam un pils\u0113tai<br \/>\n\u2714\ufe0f Elpojo\u0161s audums: komfortu visas dienas garum\u0101<br \/>\n\u2714\ufe0f Elast\u012bg\u0101s zonas: perfekti piegu\u013c k\u0101jai<br \/>\n\u2714\ufe0f Bold dizains: akt\u012bv\u0101 stila akcents<br \/>\n\u2714\ufe0f Ra\u017eots Sp\u0101nij\u0101: augst\u0101k\u0101s kvalit\u0101tes garantija<\/p>","protected":false},"featured_media":36766,"comment_status":"open","ping_status":"closed","template":"","meta":{"_acf_changed":false},"product_brand":[246],"product_cat":[102,57,98],"product_tag":[],"class_list":{"0":"post-36780","1":"product","2":"type-product","3":"status-publish","4":"has-post-thumbnail","6":"product_brand-sporcks","7":"product_cat-kojines","8":"product_cat-akcijos","9":"product_cat-sportui","11":"first","12":"instock","13":"sale","14":"shipping-taxable","15":"purchasable","16":"product-type-variable"},"acf":[],"tiered_pricing_type":"fixed","tiered_pricing_fixed_rules":[],"tiered_pricing_product_settings":{"layout":"default","base_unit_name":{"singular":null,"plural":null},"default_variation":null},"tiered_pricing_minimum_quantity":null,"tiered_pricing_roles_data":[],"tiered_pricing_percentage_rules":[],"_links":{"self":[{"href":"https:\/\/purama.lt\/lv\/wp-json\/wp\/v2\/product\/36780","targetHints":{"allow":["GET"]}}],"collection":[{"href":"https:\/\/purama.lt\/lv\/wp-json\/wp\/v2\/product"}],"about":[{"href":"https:\/\/purama.lt\/lv\/wp-json\/wp\/v2\/types\/product"}],"replies":[{"embeddable":true,"href":"https:\/\/purama.lt\/lv\/wp-json\/wp\/v2\/comments?post=36780"}],"wp:featuredmedia":[{"embeddable":true,"href":"https:\/\/purama.lt\/lv\/wp-json\/wp\/v2\/media\/36766"}],"wp:attachment":[{"href":"https:\/\/purama.lt\/lv\/wp-json\/wp\/v2\/media?parent=36780"}],"wp:term":[{"taxonomy":"product_brand","embeddable":true,"href":"https:\/\/purama.lt\/lv\/wp-json\/wp\/v2\/product_brand?post=36780"},{"taxonomy":"product_cat","embeddable":true,"href":"https:\/\/purama.lt\/lv\/wp-json\/wp\/v2\/product_cat?post=36780"},{"taxonomy":"product_tag","embeddable":true,"href":"https:\/\/purama.lt\/lv\/wp-json\/wp\/v2\/product_tag?post=36780"}],"curies":[{"name":"wp","href":"https:\/\/api.w.org\/{rel}","templated":true}]}}