{"id":36778,"date":"2025-06-30T09:24:43","date_gmt":"2025-06-30T09:24:43","guid":{"rendered":"https:\/\/purama.lt\/produktas\/kojines-legend-white-sporcks\/"},"modified":"2026-04-03T10:17:55","modified_gmt":"2026-04-03T08:17:55","slug":"kojines-legenda-baltas-sporta-bikses","status":"publish","type":"product","link":"https:\/\/purama.lt\/lv\/produktas\/kojines-legend-white-sporcks\/","title":{"rendered":"SPORCKS Legend White sporta ze\u0137es"},"content":{"rendered":"<p>Vai mekl\u0113jat vair\u0101k? Apskatiet visu <a href=\"\/lv\/produktu-etiketes\/sporcks\/\">Sporcks sortimentu<\/a>.<\/p>","protected":false},"excerpt":{"rendered":"<p><strong>SPORCKS Le\u0123enda Balts<\/strong>\u00a0\u2013 klasiskas baltas skrie\u0161anas ze\u0137es, kas apvieno tehnisko efektivit\u0101ti un elegantu dizainu. \u0160\u012bs \u201eSPORCKS\u201c ze\u0137es ir izstr\u0101d\u0101tas intens\u012bviem sporta veidiem: t\u0101s pal\u012bdz saglab\u0101t k\u0101jas sausas, v\u0113sas un pasarg\u0101tas no berzes. Pastiprin\u0101t\u0101s zonas ap pap\u0113di un pirkstiem nodro\u0161ina iztur\u012bbu un komfortu pat vissmag\u0101kaj\u0101s treni\u0146u reiz\u0113s.<\/p>\n<p><strong>K\u0101p\u0113c izv\u0113l\u0113ties:<\/strong><br \/>\n\u2714\ufe0f Izstr\u0101d\u0101ts skrie\u0161anai: atbalsts, elpojam\u012bba un komforts kust\u012bb\u0101.<br \/>\n\u2714\ufe0f Tehniskie audumi: efekt\u012bva mitruma novad\u012b\u0161ana<br \/>\n\u2714\ufe0f Minim\u0101listisks dizains: stil\u012bgs uz jebkuras trases<br \/>\n\u2714\ufe0f Pastiprin\u0101tas zonas: papildu aizsardz\u012bba un iztur\u012bba<br \/>\n\u2714\ufe0f Piem\u0113rots gar\u0101m distanc\u0113m: bez tulzn\u0101m un diskomforta saj\u016btas<br \/>\n\u2714\ufe0f Ra\u017eots Sp\u0101nij\u0101: kvalit\u0101te, kurai varat uztic\u0113ties<\/p>","protected":false},"featured_media":36775,"comment_status":"open","ping_status":"closed","template":"","meta":{"_acf_changed":false},"product_brand":[246],"product_cat":[98,57,102],"product_tag":[],"class_list":{"0":"post-36778","1":"product","2":"type-product","3":"status-publish","4":"has-post-thumbnail","6":"product_brand-sporcks","7":"product_cat-sportui","8":"product_cat-akcijos","9":"product_cat-kojines","11":"first","12":"instock","13":"sale","14":"shipping-taxable","15":"purchasable","16":"product-type-variable"},"acf":[],"tiered_pricing_type":"fixed","tiered_pricing_fixed_rules":[],"tiered_pricing_product_settings":{"layout":"default","base_unit_name":{"singular":null,"plural":null},"default_variation":null},"tiered_pricing_minimum_quantity":null,"tiered_pricing_roles_data":[],"tiered_pricing_percentage_rules":[],"_links":{"self":[{"href":"https:\/\/purama.lt\/lv\/wp-json\/wp\/v2\/product\/36778","targetHints":{"allow":["GET"]}}],"collection":[{"href":"https:\/\/purama.lt\/lv\/wp-json\/wp\/v2\/product"}],"about":[{"href":"https:\/\/purama.lt\/lv\/wp-json\/wp\/v2\/types\/product"}],"replies":[{"embeddable":true,"href":"https:\/\/purama.lt\/lv\/wp-json\/wp\/v2\/comments?post=36778"}],"wp:featuredmedia":[{"embeddable":true,"href":"https:\/\/purama.lt\/lv\/wp-json\/wp\/v2\/media\/36775"}],"wp:attachment":[{"href":"https:\/\/purama.lt\/lv\/wp-json\/wp\/v2\/media?parent=36778"}],"wp:term":[{"taxonomy":"product_brand","embeddable":true,"href":"https:\/\/purama.lt\/lv\/wp-json\/wp\/v2\/product_brand?post=36778"},{"taxonomy":"product_cat","embeddable":true,"href":"https:\/\/purama.lt\/lv\/wp-json\/wp\/v2\/product_cat?post=36778"},{"taxonomy":"product_tag","embeddable":true,"href":"https:\/\/purama.lt\/lv\/wp-json\/wp\/v2\/product_tag?post=36778"}],"curies":[{"name":"wp","href":"https:\/\/api.w.org\/{rel}","templated":true}]}}