{"id":36777,"date":"2025-06-30T09:24:43","date_gmt":"2025-06-30T09:24:43","guid":{"rendered":"https:\/\/purama.lt\/produktas\/kojines-wake-up-blue-sporcks\/"},"modified":"2026-04-11T13:12:42","modified_gmt":"2026-04-11T11:12:42","slug":"kojines-pamodinat-zilas-sporcks","status":"publish","type":"product","link":"https:\/\/purama.lt\/lv\/produktas\/kojines-wake-up-blue-sporcks\/","title":{"rendered":"SPORCKS Wake Up Blue sporta ze\u0137es"},"content":{"rendered":"<p>Vai mekl\u0113jat vair\u0101k? Apskatiet visu <a href=\"\/lv\/produktu-etiketes\/sporcks\/\">Sporcks sortimentu<\/a>.<\/p>","protected":false},"excerpt":{"rendered":"<p><strong>SPORCKS Wake Up Blue<\/strong> \u2013 hibrida ze\u0137es rad\u012btas tiem, kas grib pasp\u0113t visu \u2013 gan akt\u012bvi kust\u0113ties, gan saglab\u0101t stil\u012bgu t\u0113lu. \u0160\u012bs \u201eSPORCKS\u201c ze\u0137es nodro\u0161ina komfortu da\u017e\u0101d\u0101s aktivit\u0101t\u0113s: no skrie\u0161anas l\u012bdz ikdienas valk\u0101\u0161anai. Integr\u0113tais kompresijas atbalsts pal\u012bdz samazin\u0101t nogurumu, bet elpojo\u0161ais sieti\u0146\u0161 uztur svaigumu visas dienas garum\u0101. Gaum\u012bgais zilais dizains ir spo\u017es akcents j\u016bsu kust\u012bbu ritmam.<\/p>\n<p><strong>K\u0101p\u0113c izv\u0113l\u0113ties:<\/strong><br \/>\n\u2714\ufe0f Hibr\u012bda modelis: piem\u0113rots gan sportam, gan ikdienai<br \/>\n\u2714\ufe0f Anatomisks atbalsts: komforts un stabilit\u0101te visu kust\u012bbu laik\u0101.<br \/>\n\u2714\ufe0f Elpojo\u0161s siets: saglab\u0101 p\u0113das svaigas<br \/>\n\u2714\ufe0f Stil\u012bgs dizains: moderns un at\u0161\u0137ir\u012bgs izskats<br \/>\n\u2714\ufe0f Izstr\u0101d\u0101ts akt\u012bviem cilv\u0113kiem: komforts bez kompromisiem<br \/>\n\u2714\ufe0f Ra\u017eots Sp\u0101nij\u0101: kvalit\u0101te, kurai varat uztic\u0113ties<\/p>","protected":false},"featured_media":36774,"comment_status":"open","ping_status":"closed","template":"","meta":{"_acf_changed":false},"product_brand":[246],"product_cat":[98,57,102],"product_tag":[],"class_list":{"0":"post-36777","1":"product","2":"type-product","3":"status-publish","4":"has-post-thumbnail","6":"product_brand-sporcks","7":"product_cat-sportui","8":"product_cat-akcijos","9":"product_cat-kojines","11":"first","12":"instock","13":"sale","14":"shipping-taxable","15":"purchasable","16":"product-type-variable"},"acf":[],"tiered_pricing_type":"fixed","tiered_pricing_fixed_rules":[],"tiered_pricing_product_settings":{"layout":"default","base_unit_name":{"singular":null,"plural":null},"default_variation":null},"tiered_pricing_minimum_quantity":null,"tiered_pricing_roles_data":[],"tiered_pricing_percentage_rules":[],"_links":{"self":[{"href":"https:\/\/purama.lt\/lv\/wp-json\/wp\/v2\/product\/36777","targetHints":{"allow":["GET"]}}],"collection":[{"href":"https:\/\/purama.lt\/lv\/wp-json\/wp\/v2\/product"}],"about":[{"href":"https:\/\/purama.lt\/lv\/wp-json\/wp\/v2\/types\/product"}],"replies":[{"embeddable":true,"href":"https:\/\/purama.lt\/lv\/wp-json\/wp\/v2\/comments?post=36777"}],"wp:featuredmedia":[{"embeddable":true,"href":"https:\/\/purama.lt\/lv\/wp-json\/wp\/v2\/media\/36774"}],"wp:attachment":[{"href":"https:\/\/purama.lt\/lv\/wp-json\/wp\/v2\/media?parent=36777"}],"wp:term":[{"taxonomy":"product_brand","embeddable":true,"href":"https:\/\/purama.lt\/lv\/wp-json\/wp\/v2\/product_brand?post=36777"},{"taxonomy":"product_cat","embeddable":true,"href":"https:\/\/purama.lt\/lv\/wp-json\/wp\/v2\/product_cat?post=36777"},{"taxonomy":"product_tag","embeddable":true,"href":"https:\/\/purama.lt\/lv\/wp-json\/wp\/v2\/product_tag?post=36777"}],"curies":[{"name":"wp","href":"https:\/\/api.w.org\/{rel}","templated":true}]}}