{"id":36652,"date":"2025-06-27T06:42:10","date_gmt":"2025-06-27T06:42:10","guid":{"rendered":"https:\/\/purama.lt\/produktas\/tempur-ypatingoji-apsikabinimu-pagalvele\/"},"modified":"2026-02-27T09:42:49","modified_gmt":"2026-02-27T07:42:49","slug":"tempur-ipass-apskaviens-spilvens","status":"publish","type":"product","link":"https:\/\/purama.lt\/lv\/produktas\/tempur-ypatingoji-apsikabinimu-pagalvele\/","title":{"rendered":"TEMPUR Special hug spilvens"},"content":{"rendered":"","protected":false},"excerpt":{"rendered":"<p>Unik\u0101lais TEMPUR HUG spilvens ir veidots t\u0101, lai atveidotu apsk\u0101viena saj\u016btu. Tas piel\u0101gojas \u0137erme\u0146a formai, \u013caujot jums justies dro\u0161i un mier\u012bgi. Ide\u0101li piem\u0113rots ne tikai miegam, bet ar\u012b atp\u016btai uz d\u012bv\u0101na vai medit\u0101cijai.<\/p>\n<p><strong>K\u0101p\u0113c izv\u0113l\u0113ties:<\/strong><br \/>\n\u2714 Apsk\u0101viena saj\u016bta - emocion\u0101ls komforts<br \/>\n\u2714 TEMPUR materi\u0101ls piel\u0101gojas \u0137ermenim<br \/>\n\u2714 Piem\u0113rots miegam, relaks\u0101cijai vai terapijai<br \/>\n\u2714 \u013boti m\u012bksts un m\u0101j\u012bgs<br \/>\n\u2714 Pal\u012bdz jums atp\u016bsties p\u0113c saspringtas dienas<\/p>","protected":false},"featured_media":36653,"comment_status":"open","ping_status":"closed","template":"","meta":{"_acf_changed":false},"product_brand":[459],"product_cat":[61],"product_tag":[],"class_list":{"0":"post-36652","1":"product","2":"type-product","3":"status-publish","4":"has-post-thumbnail","6":"product_brand-tempur","7":"product_cat-ramybei","9":"first","10":"instock","11":"shipping-taxable","12":"purchasable","13":"product-type-simple"},"acf":[],"tiered_pricing_type":"fixed","tiered_pricing_fixed_rules":[],"tiered_pricing_product_settings":{"layout":"default","base_unit_name":{"singular":null,"plural":null},"default_variation":null},"tiered_pricing_minimum_quantity":null,"tiered_pricing_roles_data":[],"tiered_pricing_percentage_rules":[],"_links":{"self":[{"href":"https:\/\/purama.lt\/lv\/wp-json\/wp\/v2\/product\/36652","targetHints":{"allow":["GET"]}}],"collection":[{"href":"https:\/\/purama.lt\/lv\/wp-json\/wp\/v2\/product"}],"about":[{"href":"https:\/\/purama.lt\/lv\/wp-json\/wp\/v2\/types\/product"}],"replies":[{"embeddable":true,"href":"https:\/\/purama.lt\/lv\/wp-json\/wp\/v2\/comments?post=36652"}],"wp:featuredmedia":[{"embeddable":true,"href":"https:\/\/purama.lt\/lv\/wp-json\/wp\/v2\/media\/36653"}],"wp:attachment":[{"href":"https:\/\/purama.lt\/lv\/wp-json\/wp\/v2\/media?parent=36652"}],"wp:term":[{"taxonomy":"product_brand","embeddable":true,"href":"https:\/\/purama.lt\/lv\/wp-json\/wp\/v2\/product_brand?post=36652"},{"taxonomy":"product_cat","embeddable":true,"href":"https:\/\/purama.lt\/lv\/wp-json\/wp\/v2\/product_cat?post=36652"},{"taxonomy":"product_tag","embeddable":true,"href":"https:\/\/purama.lt\/lv\/wp-json\/wp\/v2\/product_tag?post=36652"}],"curies":[{"name":"wp","href":"https:\/\/api.w.org\/{rel}","templated":true}]}}