{"id":36651,"date":"2025-06-27T06:42:10","date_gmt":"2025-06-27T06:42:10","guid":{"rendered":"https:\/\/purama.lt\/produktas\/tempur-comfort-pure-clean-pagalve\/"},"modified":"2026-03-18T13:55:50","modified_gmt":"2026-03-18T11:55:50","slug":"tempur-comfort-pure-clean-spilvens","status":"publish","type":"product","link":"https:\/\/purama.lt\/lv\/produktas\/tempur-comfort-pure-clean-pagalve\/","title":{"rendered":"TEMPUR Comfort Pure Clean spilvens"},"content":{"rendered":"","protected":false},"excerpt":{"rendered":"<p>TEMPUR Comfort Pure Clean ir komforts un higi\u0113na vien\u0101. Ikdienas lieto\u0161anai paredz\u0113ts spilvens, kas nodro\u0161ina komfortu un svaigumu. Mazg\u0101jamais p\u0101rvalks un TEMPUR materi\u0101ls \u013cauj izbaud\u012bt izcilu piel\u0101gojam\u012bbu un t\u012br\u012bbu.<\/p>\n<p><strong>K\u0101p\u0113c izv\u0113l\u0113ties:<\/strong><br \/>\n\u2714 Katru nakti j\u016btaties t\u012brs<br \/>\n\u2714 Mazg\u0101jams v\u0101ks - viegla kop\u0161ana<br \/>\n\u2714 TEMPUR materi\u0101ls komfortam<br \/>\n\u2714 Univers\u0101ls dizains vis\u0101m miega poz\u012bcij\u0101m<br \/>\n\u2714 Ilgsto\u0161a un \u0101tra forma<\/p>","protected":false},"featured_media":36654,"comment_status":"open","ping_status":"closed","template":"","meta":{"_acf_changed":false},"product_brand":[459],"product_cat":[61],"product_tag":[],"class_list":{"0":"post-36651","1":"product","2":"type-product","3":"status-publish","4":"has-post-thumbnail","6":"product_brand-tempur","7":"product_cat-ramybei","9":"first","10":"instock","11":"shipping-taxable","12":"purchasable","13":"product-type-variable"},"acf":[],"tiered_pricing_type":"fixed","tiered_pricing_fixed_rules":[],"tiered_pricing_product_settings":{"layout":"default","base_unit_name":{"singular":null,"plural":null},"default_variation":null},"tiered_pricing_minimum_quantity":null,"tiered_pricing_roles_data":[],"tiered_pricing_percentage_rules":[],"_links":{"self":[{"href":"https:\/\/purama.lt\/lv\/wp-json\/wp\/v2\/product\/36651","targetHints":{"allow":["GET"]}}],"collection":[{"href":"https:\/\/purama.lt\/lv\/wp-json\/wp\/v2\/product"}],"about":[{"href":"https:\/\/purama.lt\/lv\/wp-json\/wp\/v2\/types\/product"}],"replies":[{"embeddable":true,"href":"https:\/\/purama.lt\/lv\/wp-json\/wp\/v2\/comments?post=36651"}],"wp:featuredmedia":[{"embeddable":true,"href":"https:\/\/purama.lt\/lv\/wp-json\/wp\/v2\/media\/36654"}],"wp:attachment":[{"href":"https:\/\/purama.lt\/lv\/wp-json\/wp\/v2\/media?parent=36651"}],"wp:term":[{"taxonomy":"product_brand","embeddable":true,"href":"https:\/\/purama.lt\/lv\/wp-json\/wp\/v2\/product_brand?post=36651"},{"taxonomy":"product_cat","embeddable":true,"href":"https:\/\/purama.lt\/lv\/wp-json\/wp\/v2\/product_cat?post=36651"},{"taxonomy":"product_tag","embeddable":true,"href":"https:\/\/purama.lt\/lv\/wp-json\/wp\/v2\/product_tag?post=36651"}],"curies":[{"name":"wp","href":"https:\/\/api.w.org\/{rel}","templated":true}]}}