{"id":36650,"date":"2025-06-27T06:42:10","date_gmt":"2025-06-27T06:42:10","guid":{"rendered":"https:\/\/purama.lt\/produktas\/silko-pagalve-100\/"},"modified":"2025-06-27T12:35:19","modified_gmt":"2025-06-27T12:35:19","slug":"zida-spilvens-100","status":"publish","type":"product","link":"https:\/\/purama.lt\/lv\/produktas\/silko-pagalve-100\/","title":{"rendered":"Z\u012bda spilvens 100%"},"content":{"rendered":"","protected":false},"excerpt":{"rendered":"<p>Dab\u012bg\u0101 z\u012bda spilvens ir elegance, maigums un \u0101das kop\u0161ana vien\u0101. Hipoaler\u0123isks un elpojo\u0161s, tas ir ide\u0101li piem\u0113rots jut\u012bgai \u0101dai un pal\u012bdz nov\u0113rst matu l\u016b\u0161anu un grumbi\u0146as miega laik\u0101.<\/p>\n<p><strong>K\u0101p\u0113c izv\u0113l\u0113ties:<\/strong><br \/>\n\u2714 100% dabiskais z\u012bdkoka z\u012bds<br \/>\n\u2714 Gluda \u0101da un vesel\u012bgi mati<br \/>\n\u2714 Piem\u0113rots jut\u012bgas \u0101das tipiem un aler\u0123iskiem cilv\u0113kiem<br \/>\n\u2714 Grezns un iztur\u012bgs<br \/>\n\u2714 Dzes\u0113\u0161anas efekts karst\u0101s nakt\u012bs<\/p>","protected":false},"featured_media":36658,"comment_status":"open","ping_status":"closed","template":"","meta":{"_acf_changed":false},"product_brand":[],"product_cat":[61],"product_tag":[],"class_list":{"0":"post-36650","1":"product","2":"type-product","3":"status-publish","4":"has-post-thumbnail","6":"product_cat-ramybei","8":"first","9":"instock","10":"shipping-taxable","11":"purchasable","12":"product-type-simple"},"acf":[],"tiered_pricing_type":"fixed","tiered_pricing_fixed_rules":[],"tiered_pricing_product_settings":{"layout":"default","base_unit_name":{"singular":null,"plural":null},"default_variation":null},"tiered_pricing_minimum_quantity":null,"tiered_pricing_roles_data":[],"tiered_pricing_percentage_rules":[],"_links":{"self":[{"href":"https:\/\/purama.lt\/lv\/wp-json\/wp\/v2\/product\/36650","targetHints":{"allow":["GET"]}}],"collection":[{"href":"https:\/\/purama.lt\/lv\/wp-json\/wp\/v2\/product"}],"about":[{"href":"https:\/\/purama.lt\/lv\/wp-json\/wp\/v2\/types\/product"}],"replies":[{"embeddable":true,"href":"https:\/\/purama.lt\/lv\/wp-json\/wp\/v2\/comments?post=36650"}],"wp:featuredmedia":[{"embeddable":true,"href":"https:\/\/purama.lt\/lv\/wp-json\/wp\/v2\/media\/36658"}],"wp:attachment":[{"href":"https:\/\/purama.lt\/lv\/wp-json\/wp\/v2\/media?parent=36650"}],"wp:term":[{"taxonomy":"product_brand","embeddable":true,"href":"https:\/\/purama.lt\/lv\/wp-json\/wp\/v2\/product_brand?post=36650"},{"taxonomy":"product_cat","embeddable":true,"href":"https:\/\/purama.lt\/lv\/wp-json\/wp\/v2\/product_cat?post=36650"},{"taxonomy":"product_tag","embeddable":true,"href":"https:\/\/purama.lt\/lv\/wp-json\/wp\/v2\/product_tag?post=36650"}],"curies":[{"name":"wp","href":"https:\/\/api.w.org\/{rel}","templated":true}]}}