{"id":36649,"date":"2025-06-27T06:42:10","date_gmt":"2025-06-27T06:42:10","guid":{"rendered":"https:\/\/purama.lt\/produktas\/tempur-ergoplus-millenium-pagalve\/"},"modified":"2026-04-20T13:32:36","modified_gmt":"2026-04-20T11:32:36","slug":"tempur-ergoplus-millenium-spilvens","status":"publish","type":"product","link":"https:\/\/purama.lt\/lv\/produktas\/tempur-ergoplus-millenium-pagalve\/","title":{"rendered":"TEMPUR ErgoPlus Millenium spilvens"},"content":{"rendered":"","protected":false},"excerpt":{"rendered":"<p>\u0160\u012b spilvena ergonomiskais dizains un izliektais profils nodro\u0161ina ide\u0101lu atbalstu kaklam, \u012bpa\u0161i muguras vai s\u0101nu miega piekrit\u0113jiem. TEMPUR materi\u0101ls piel\u0101gojas galvas un kakla individu\u0101lajai formai, samazinot sasprindzin\u0101jumu un pal\u012bdzot saglab\u0101t pareizu mugurkaula st\u0101vokli.<\/p>\n<p><strong>K\u0101p\u0113c izv\u0113l\u0113ties:<\/strong><br \/>\n\u2714 Ergonomisks, izliekts dizains<br \/>\n\u2714 \u012apa\u0161i prec\u012bzs kakla un plecu atbalsts<br \/>\n\u2714 TEMPUR materi\u0101ls - spiediena mazin\u0101\u0161ana un komforts<br \/>\n\u2714 Ide\u0101li piem\u0113rots s\u0101nu un muguras gul\u0113t\u0101jiem<br \/>\n\u2714 Iztur\u012bgs, augstas kvalit\u0101tes v\u0101ks<\/p>","protected":false},"featured_media":36657,"comment_status":"open","ping_status":"closed","template":"","meta":{"_acf_changed":false},"product_brand":[459],"product_cat":[61],"product_tag":[],"class_list":{"0":"post-36649","1":"product","2":"type-product","3":"status-publish","4":"has-post-thumbnail","6":"product_brand-tempur","7":"product_cat-ramybei","9":"first","10":"outofstock","11":"shipping-taxable","12":"purchasable","13":"product-type-variable"},"acf":[],"tiered_pricing_type":"fixed","tiered_pricing_fixed_rules":[],"tiered_pricing_product_settings":{"layout":"default","base_unit_name":{"singular":null,"plural":null},"default_variation":null},"tiered_pricing_minimum_quantity":null,"tiered_pricing_roles_data":[],"tiered_pricing_percentage_rules":[],"_links":{"self":[{"href":"https:\/\/purama.lt\/lv\/wp-json\/wp\/v2\/product\/36649","targetHints":{"allow":["GET"]}}],"collection":[{"href":"https:\/\/purama.lt\/lv\/wp-json\/wp\/v2\/product"}],"about":[{"href":"https:\/\/purama.lt\/lv\/wp-json\/wp\/v2\/types\/product"}],"replies":[{"embeddable":true,"href":"https:\/\/purama.lt\/lv\/wp-json\/wp\/v2\/comments?post=36649"}],"wp:featuredmedia":[{"embeddable":true,"href":"https:\/\/purama.lt\/lv\/wp-json\/wp\/v2\/media\/36657"}],"wp:attachment":[{"href":"https:\/\/purama.lt\/lv\/wp-json\/wp\/v2\/media?parent=36649"}],"wp:term":[{"taxonomy":"product_brand","embeddable":true,"href":"https:\/\/purama.lt\/lv\/wp-json\/wp\/v2\/product_brand?post=36649"},{"taxonomy":"product_cat","embeddable":true,"href":"https:\/\/purama.lt\/lv\/wp-json\/wp\/v2\/product_cat?post=36649"},{"taxonomy":"product_tag","embeddable":true,"href":"https:\/\/purama.lt\/lv\/wp-json\/wp\/v2\/product_tag?post=36649"}],"curies":[{"name":"wp","href":"https:\/\/api.w.org\/{rel}","templated":true}]}}