{"id":36648,"date":"2025-06-27T06:42:09","date_gmt":"2025-06-27T06:42:09","guid":{"rendered":"https:\/\/purama.lt\/produktas\/tempur-comfort-smartcool-pagalve\/"},"modified":"2026-03-18T14:05:39","modified_gmt":"2026-03-18T12:05:39","slug":"tempur-comfort-smartcool-spilvens","status":"publish","type":"product","link":"https:\/\/purama.lt\/lv\/produktas\/tempur-comfort-smartcool-pagalve\/","title":{"rendered":"TEMPUR Comfort SmartCool spilvens"},"content":{"rendered":"","protected":false},"excerpt":{"rendered":"<p>\u0160is spilvens apvieno TEMPUR klasiku un progres\u012bvo SmartCool\u2122 tehnolo\u0123iju - t\u0101 p\u0101rvalks izvada siltumu, nodro\u0161inot v\u0113s\u0101ku un pat\u012bkam\u0101ku miegu. Iek\u0161pus\u0113 adapt\u012bvais TEMPUR materi\u0101ls nodro\u0161ina pareizu galvas, kakla un plecu atbalstu visas nakts garum\u0101.<\/p>\n<p><strong>K\u0101p\u0113c izv\u0113l\u0113ties:<\/strong><br \/>\n\u2714 SmartCool\u2122 tehnolo\u0123ija dzes\u0113\u0161anas komfortam<br \/>\n\u2714 Piel\u0101gojams TEMPUR materi\u0101ls<br \/>\n\u2714 Ide\u0101ls atbalsts jebkur\u0101 miega poz\u012bcij\u0101<br \/>\n\u2714 Piem\u0113rots jut\u012bgas \u0101das tipiem<br \/>\n\u2714 Viegli mazg\u0101jams v\u0101ks<\/p>","protected":false},"featured_media":36655,"comment_status":"open","ping_status":"closed","template":"","meta":{"_acf_changed":false},"product_brand":[459],"product_cat":[61],"product_tag":[],"class_list":{"0":"post-36648","1":"product","2":"type-product","3":"status-publish","4":"has-post-thumbnail","6":"product_brand-tempur","7":"product_cat-ramybei","9":"first","10":"outofstock","11":"shipping-taxable","12":"purchasable","13":"product-type-variable"},"acf":[],"tiered_pricing_type":"fixed","tiered_pricing_fixed_rules":[],"tiered_pricing_product_settings":{"layout":"default","base_unit_name":{"singular":null,"plural":null},"default_variation":null},"tiered_pricing_minimum_quantity":null,"tiered_pricing_roles_data":[],"tiered_pricing_percentage_rules":[],"_links":{"self":[{"href":"https:\/\/purama.lt\/lv\/wp-json\/wp\/v2\/product\/36648","targetHints":{"allow":["GET"]}}],"collection":[{"href":"https:\/\/purama.lt\/lv\/wp-json\/wp\/v2\/product"}],"about":[{"href":"https:\/\/purama.lt\/lv\/wp-json\/wp\/v2\/types\/product"}],"replies":[{"embeddable":true,"href":"https:\/\/purama.lt\/lv\/wp-json\/wp\/v2\/comments?post=36648"}],"wp:featuredmedia":[{"embeddable":true,"href":"https:\/\/purama.lt\/lv\/wp-json\/wp\/v2\/media\/36655"}],"wp:attachment":[{"href":"https:\/\/purama.lt\/lv\/wp-json\/wp\/v2\/media?parent=36648"}],"wp:term":[{"taxonomy":"product_brand","embeddable":true,"href":"https:\/\/purama.lt\/lv\/wp-json\/wp\/v2\/product_brand?post=36648"},{"taxonomy":"product_cat","embeddable":true,"href":"https:\/\/purama.lt\/lv\/wp-json\/wp\/v2\/product_cat?post=36648"},{"taxonomy":"product_tag","embeddable":true,"href":"https:\/\/purama.lt\/lv\/wp-json\/wp\/v2\/product_tag?post=36648"}],"curies":[{"name":"wp","href":"https:\/\/api.w.org\/{rel}","templated":true}]}}