{"id":36647,"date":"2025-06-27T06:42:09","date_gmt":"2025-06-27T06:42:09","guid":{"rendered":"https:\/\/purama.lt\/produktas\/tempur-pro-luxe-smartcool-30cm-ciuzinys\/"},"modified":"2026-02-27T09:44:56","modified_gmt":"2026-02-27T07:44:56","slug":"tempur-pro-luxe-smartcool-30cm-matracis","status":"publish","type":"product","link":"https:\/\/purama.lt\/lv\/produktas\/tempur-pro-luxe-smartcool-30cm-ciuzinys\/","title":{"rendered":"TEMPUR Pro Luxe SmartCool 30 cm matracis"},"content":{"rendered":"","protected":false},"excerpt":{"rendered":"<p>Izbaudiet visaugst\u0101k\u0101 l\u012bme\u0146a miega komfortu ar TEMPUR Pro Luxe SmartCool matraci. 30 cm bieza, tr\u012bsk\u0101r\u0161a komforta konstrukcija nodro\u0161ina nep\u0101rsp\u0113jamu spiediena mazin\u0101\u0161anu, \u0137erme\u0146a kontur\u0113\u0161anu un kust\u012bbu izol\u0101ciju. SmartCool\u2122 virs\u0113jais sl\u0101nis efekt\u012bvi izvada siltumu, nodro\u0161inot atv\u0113sino\u0161u efektu visas nakts garum\u0101, savuk\u0101rt TEMPUR Advanced materi\u0101ls nodro\u0161ina lielisku mugurkaula atbalstu un spriedzes mazin\u0101\u0161anu. T\u0101 ir grezna izv\u0113le tiem, kas v\u0113las kvalitat\u012bvu miegu.<\/p>\n<p><strong>K\u0101p\u0113c izv\u0113l\u0113ties:<\/strong><br \/>\n\u2714 30 cm biezi sl\u0101\u0146i izcilam komfortam<br \/>\n\u2714 SmartCool\u2122 tehnolo\u0123ija dzes\u0113\u0161anas efektam<br \/>\n\u2714 TEMPUR Advanced materi\u0101ls - vismodern\u0101kais spiediena samazin\u0101\u0161anas risin\u0101jums<br \/>\n\u2714 Piem\u0113rots da\u017e\u0101diem \u0137erme\u0146a tipiem un miega st\u0101vok\u013ciem<br \/>\n\u2714 No\u0146emams un mazg\u0101jams v\u0101ks<\/p>","protected":false},"featured_media":36656,"comment_status":"open","ping_status":"closed","template":"","meta":{"_acf_changed":false},"product_brand":[459],"product_cat":[61],"product_tag":[],"class_list":{"0":"post-36647","1":"product","2":"type-product","3":"status-publish","4":"has-post-thumbnail","6":"product_brand-tempur","7":"product_cat-ramybei","9":"first","10":"instock","11":"shipping-taxable","12":"purchasable","13":"product-type-variable"},"acf":[],"tiered_pricing_type":"fixed","tiered_pricing_fixed_rules":[],"tiered_pricing_product_settings":{"layout":"default","base_unit_name":{"singular":null,"plural":null},"default_variation":null},"tiered_pricing_minimum_quantity":null,"tiered_pricing_roles_data":[],"tiered_pricing_percentage_rules":[],"_links":{"self":[{"href":"https:\/\/purama.lt\/lv\/wp-json\/wp\/v2\/product\/36647","targetHints":{"allow":["GET"]}}],"collection":[{"href":"https:\/\/purama.lt\/lv\/wp-json\/wp\/v2\/product"}],"about":[{"href":"https:\/\/purama.lt\/lv\/wp-json\/wp\/v2\/types\/product"}],"replies":[{"embeddable":true,"href":"https:\/\/purama.lt\/lv\/wp-json\/wp\/v2\/comments?post=36647"}],"wp:featuredmedia":[{"embeddable":true,"href":"https:\/\/purama.lt\/lv\/wp-json\/wp\/v2\/media\/36656"}],"wp:attachment":[{"href":"https:\/\/purama.lt\/lv\/wp-json\/wp\/v2\/media?parent=36647"}],"wp:term":[{"taxonomy":"product_brand","embeddable":true,"href":"https:\/\/purama.lt\/lv\/wp-json\/wp\/v2\/product_brand?post=36647"},{"taxonomy":"product_cat","embeddable":true,"href":"https:\/\/purama.lt\/lv\/wp-json\/wp\/v2\/product_cat?post=36647"},{"taxonomy":"product_tag","embeddable":true,"href":"https:\/\/purama.lt\/lv\/wp-json\/wp\/v2\/product_tag?post=36647"}],"curies":[{"name":"wp","href":"https:\/\/api.w.org\/{rel}","templated":true}]}}