{"id":36637,"date":"2025-06-26T15:27:14","date_gmt":"2025-06-26T15:27:14","guid":{"rendered":"https:\/\/purama.lt\/produktas\/medicube-age-r-jauninantis-veido-serumas-su-glutationu\/"},"modified":"2026-04-10T13:03:31","modified_gmt":"2026-04-10T11:03:31","slug":"medicube-age-r-atjaunojoss-sejas-serums-ar-glutationu","status":"publish","type":"product","link":"https:\/\/purama.lt\/lv\/produktas\/medicube-age-r-jauninantis-veido-serumas-su-glutationu\/","title":{"rendered":"Medicube AGE-R Glutathione Glow Serum atsvaidzino\u0161s sejas serums"},"content":{"rendered":"","protected":false},"excerpt":{"rendered":"<p><strong>Medicube AGE-R Glutathione Glow Serum:<\/strong> \u013boti koncentr\u0113ts sejas serums ar glutationu, kas paz\u012bstams ar sav\u0101m sp\u0113c\u012bgaj\u0101m antioksidantu \u012bpa\u0161\u012bb\u0101m, pal\u012bdz pal\u0113nin\u0101t noveco\u0161an\u0101s paz\u012bmes, samazina grumbas un atjauno \u0101das dabisko mirdzumu. Papildin\u0101ts ar niacinam\u012bdu un pept\u012bdiem, serums uzlabo \u0101das elast\u012bbu, stiprina aizsargbarjeru un veicina re\u0123ener\u0101ciju. Viegl\u0101 tekst\u016bra \u0101tri ies\u016bcas un ir piem\u0113rota lieto\u0161anai gan no r\u012bta, gan vakar\u0101.<\/p>\n<p><strong>K\u0101p\u0113c izv\u0113l\u0113ties:<\/strong><br \/>\n\u2714\ufe0f Glutations c\u012bn\u0101s pret br\u012bvajiem radik\u0101\u013ciem un nov\u0113r\u0161 \u0101das noveco\u0161anos.<br \/>\n\u2714\ufe0f Niacinamide izl\u012bdzina \u0101das tonusu un stiprina aizsargbarjeru.<br \/>\n\u2714\ufe0f Peptidi veicina \u0101das atjauno\u0161anos un elast\u012bbu.<br \/>\n\u2714\ufe0f Piem\u0113rots visiem \u0101das tipiem, pat jut\u012bgai \u0101dai.<br \/>\n\u2714\ufe0f Labi kombin\u0113jas ar citiem \u0101das kop\u0161anas l\u012bdzek\u013ciem.<\/p>","protected":false},"featured_media":36629,"comment_status":"open","ping_status":"closed","template":"","meta":{"_acf_changed":false},"product_brand":[438],"product_cat":[92,500,56,59],"product_tag":[],"class_list":{"0":"post-36637","1":"product","2":"type-product","3":"status-publish","4":"has-post-thumbnail","6":"product_brand-medicube","7":"product_cat-groziui","8":"product_cat-outlet","9":"product_cat-veido-serumai","10":"product_cat-veidui","12":"first","13":"instock","14":"sale","15":"shipping-taxable","16":"purchasable","17":"product-type-simple"},"acf":[],"tiered_pricing_type":"fixed","tiered_pricing_fixed_rules":[],"tiered_pricing_product_settings":{"layout":"default","base_unit_name":{"singular":null,"plural":null},"default_variation":null},"tiered_pricing_minimum_quantity":null,"tiered_pricing_roles_data":[],"tiered_pricing_percentage_rules":[],"_links":{"self":[{"href":"https:\/\/purama.lt\/lv\/wp-json\/wp\/v2\/product\/36637","targetHints":{"allow":["GET"]}}],"collection":[{"href":"https:\/\/purama.lt\/lv\/wp-json\/wp\/v2\/product"}],"about":[{"href":"https:\/\/purama.lt\/lv\/wp-json\/wp\/v2\/types\/product"}],"replies":[{"embeddable":true,"href":"https:\/\/purama.lt\/lv\/wp-json\/wp\/v2\/comments?post=36637"}],"wp:featuredmedia":[{"embeddable":true,"href":"https:\/\/purama.lt\/lv\/wp-json\/wp\/v2\/media\/36629"}],"wp:attachment":[{"href":"https:\/\/purama.lt\/lv\/wp-json\/wp\/v2\/media?parent=36637"}],"wp:term":[{"taxonomy":"product_brand","embeddable":true,"href":"https:\/\/purama.lt\/lv\/wp-json\/wp\/v2\/product_brand?post=36637"},{"taxonomy":"product_cat","embeddable":true,"href":"https:\/\/purama.lt\/lv\/wp-json\/wp\/v2\/product_cat?post=36637"},{"taxonomy":"product_tag","embeddable":true,"href":"https:\/\/purama.lt\/lv\/wp-json\/wp\/v2\/product_tag?post=36637"}],"curies":[{"name":"wp","href":"https:\/\/api.w.org\/{rel}","templated":true}]}}