{"id":36636,"date":"2025-06-26T15:27:13","date_gmt":"2025-06-26T15:27:13","guid":{"rendered":"https:\/\/purama.lt\/produktas\/medicube-deep-vita-c-pad-skaistinamosios-veido-serveteles-su-vitaminu-c\/"},"modified":"2026-04-10T13:03:31","modified_gmt":"2026-04-10T11:03:31","slug":"medicube-deep-vita-c-attirosas-sejas-salvetes-ar-c-vitaminu","status":"publish","type":"product","link":"https:\/\/purama.lt\/lv\/produktas\/medicube-deep-vita-c-skaistinamosios-veido-serveteles-su-vitaminu-c\/","title":{"rendered":"Medicube Deep Vita C Pad kop\u0161anas salvetes sejai ar C vitam\u012bnu"},"content":{"rendered":"<p>Vai mekl\u0113jat vair\u0101k? Apskatiet visu <a href=\"\/lv\/produktu-etiketes\/medicube\/\">Medicube sortimentu<\/a>.<\/p>","protected":false},"excerpt":{"rendered":"<p><strong>Medicube Deep Vita C Pad:<\/strong> Izgaismojo\u0161ie sejas diski, kas bag\u0101tin\u0101ti ar stabiliz\u0113tu C vitam\u012bnu un mitrino\u0161\u0101m sast\u0101vda\u013c\u0101m, pal\u012bdz c\u012bn\u012bties ar piet\u016bkumu, pigmenta plankumiem un nevienm\u0113r\u012bgu tekst\u016bru. Tie ir \u012bpa\u0161i \u0113rti lieto\u0161anai, jo vien\u0101 sol\u012b maigi p\u012blings, mitrina un toniz\u0113. Regul\u0101ri lietojot, \u0101da izskat\u0101s gai\u0161\u0101ka, elast\u012bg\u0101ka un vienm\u0113r\u012bg\u0101k iekr\u0101sota. Piem\u0113rots visiem \u0101das tipiem, \u012bpa\u0161i noguru\u0161ai un \u0101dai, kurai tr\u016bkst vitalit\u0101tes.<\/p>\n<p><strong>K\u0101p\u0113c izv\u0113l\u0113ties:<\/strong><br \/>\n\u2714\ufe0f Stabiliz\u0113ts C vitam\u012bns izgaismo un izl\u012bdzina \u0101du<br \/>\n\u2714\ufe0f Dubult\u0101 iedarb\u012bba - maigs p\u012blings un mitrin\u0101\u0161ana vien\u0101.<br \/>\n\u2714\ufe0f \u0112rti vienreizlietojamie disketes disketi ikdienas lieto\u0161anai<br \/>\n\u2714\ufe0f Pal\u012bdz samazin\u0101t pigmenta plankumus un noguruma p\u0113das.<br \/>\n\u2714\ufe0f Piem\u0113rots lieto\u0161anai gan no r\u012bta, gan vakar\u0101.<\/p>","protected":false},"featured_media":36628,"comment_status":"open","ping_status":"closed","template":"","meta":{"_acf_changed":false},"product_brand":[438],"product_cat":[92,220,59],"product_tag":[],"class_list":{"0":"post-36636","1":"product","2":"type-product","3":"status-publish","4":"has-post-thumbnail","6":"product_brand-medicube","7":"product_cat-groziui","8":"product_cat-veido-tonikai","9":"product_cat-veidui","11":"first","12":"instock","13":"shipping-taxable","14":"purchasable","15":"product-type-simple"},"acf":[],"tiered_pricing_type":"fixed","tiered_pricing_fixed_rules":[],"tiered_pricing_product_settings":{"layout":"default","base_unit_name":{"singular":null,"plural":null},"default_variation":null},"tiered_pricing_minimum_quantity":null,"tiered_pricing_roles_data":[],"tiered_pricing_percentage_rules":[],"_links":{"self":[{"href":"https:\/\/purama.lt\/lv\/wp-json\/wp\/v2\/product\/36636","targetHints":{"allow":["GET"]}}],"collection":[{"href":"https:\/\/purama.lt\/lv\/wp-json\/wp\/v2\/product"}],"about":[{"href":"https:\/\/purama.lt\/lv\/wp-json\/wp\/v2\/types\/product"}],"replies":[{"embeddable":true,"href":"https:\/\/purama.lt\/lv\/wp-json\/wp\/v2\/comments?post=36636"}],"wp:featuredmedia":[{"embeddable":true,"href":"https:\/\/purama.lt\/lv\/wp-json\/wp\/v2\/media\/36628"}],"wp:attachment":[{"href":"https:\/\/purama.lt\/lv\/wp-json\/wp\/v2\/media?parent=36636"}],"wp:term":[{"taxonomy":"product_brand","embeddable":true,"href":"https:\/\/purama.lt\/lv\/wp-json\/wp\/v2\/product_brand?post=36636"},{"taxonomy":"product_cat","embeddable":true,"href":"https:\/\/purama.lt\/lv\/wp-json\/wp\/v2\/product_cat?post=36636"},{"taxonomy":"product_tag","embeddable":true,"href":"https:\/\/purama.lt\/lv\/wp-json\/wp\/v2\/product_tag?post=36636"}],"curies":[{"name":"wp","href":"https:\/\/api.w.org\/{rel}","templated":true}]}}