{"id":36342,"date":"2025-06-19T18:24:23","date_gmt":"2025-06-19T18:24:23","guid":{"rendered":"https:\/\/purama.lt\/?post_type=product&#038;p=36342"},"modified":"2025-06-20T07:45:50","modified_gmt":"2025-06-20T07:45:50","slug":"oura-ring-4-smart-ziede","status":"publish","type":"product","link":"https:\/\/purama.lt\/lv\/produktas\/oura-ring-4-ismanusis-ziedas\/","title":{"rendered":"Oura Ring 4 Smart Ring"},"content":{"rendered":"<p>Ilgs akumulatora darb\u012bbas laiks un \u016bdensiztur\u012bba. L\u012bdz 7 dien\u0101m bez uzl\u0101des un \u016bdensnecaurlaid\u012bgs - varat to n\u0113s\u0101t du\u0161\u0101, sporta z\u0101l\u0113 vai pat peldoties.<\/p>","protected":false},"excerpt":{"rendered":"<p>Oura Ring 4 ir n\u0101kam\u0101s paaudzes viedgredzens, kas paredz\u0113ts prec\u012bzai un diskr\u0113tai j\u016bsu vesel\u012bbas, fizisk\u0101s un emocion\u0101l\u0101s vesel\u012bbas r\u0101d\u012bt\u0101ju uzraudz\u012bbai visu diennakti. T\u0101 minim\u0101lisma dizains un modernie sensori padara \u0161o 9 izm\u0113ru zelta kr\u0101sas gredzenu ne tikai par elegantu aksesu\u0101ru, bet ar\u012b par gudr\u0101ko valk\u0101jamo vesel\u012bbas monitoringa ier\u012bci tirg\u016b.Ko dara Oura Ring 4?<br \/>\nMiega anal\u012bze - gredzens detaliz\u0113ti seko visiem miega cikliem - dzi\u013cajam, vieglajam un REM miegam - un sniedz miega kvalit\u0101tes nov\u0113rt\u0113jumu, k\u0101 ar\u012b ieteikumus par lab\u0101ko gul\u0113tie\u0161anas un cel\u0161an\u0101s laiku.  Sirds ritma monitorings -<br \/>\nTas visu diennakti re\u0123istr\u0113 j\u016bsu sirdsdarb\u012bbu miera st\u0101vokl\u012b, nakt\u012b un fizisk\u0101s slodzes laik\u0101. Nodro\u0161ina sirdsdarb\u012bbas frekvences main\u012bguma (HRV) r\u0101d\u012bjumus, lai pal\u012bdz\u0113tu nov\u0113rt\u0113t stresa l\u012bmeni un atvese\u013co\u0161an\u0101s veiktsp\u0113ju.  Elpo\u0161anas \u0101trums -<br \/>\nM\u0113r\u012bjumi miega laik\u0101 \u013cauj paman\u012bt jebk\u0101das izmai\u0146as vai elpo\u0161anas trauc\u0113jumus.  \u0136erme\u0146a temperat\u016bras sv\u0101rst\u012bbas - Oura Ring nosaka pat nelielas temperat\u016bras izmai\u0146as, kas var signaliz\u0113t par iekaisuma procesiem, slim\u012bbas s\u0101kumu vai pat ovul\u0101ciju. Aktivit\u0101tes izseko\u0161ana - tas seko j\u016bsu ikdienas aktivit\u0101tei, so\u013ciem, sadedzin\u0101taj\u0101m kalorij\u0101m, vingrin\u0101jumiem un sniedz personaliz\u0113tus m\u0113r\u0137us un ieteikumus, kad kust\u0113ties vai atp\u016bsties. Gatav\u012bbas r\u0101d\u012bt\u0101js - izmantojot datus par miegu, sirdsdarb\u012bbu, aktivit\u0101ti un temperat\u016bru, gredzens katru r\u012btu sniedz visp\u0101r\u0113ju nov\u0113rt\u0113jumu par j\u016bsu \u0137erme\u0146a gatav\u012bbu, pal\u012bdzot jums izlemt, vai ir v\u0113rts intens\u012bvi sportot vai piev\u0113rsties atp\u016btai. Stresa monitoringa un medit\u0101cijas funkcijas - integr\u0113tas elpo\u0161anas un apzin\u0101t\u012bbas sesijas pal\u012bdz samazin\u0101t ikdienas stresu un uzlabot emocion\u0101lo labsaj\u016btu.<\/p>\n<p><strong>K\u0101p\u0113c izv\u0113l\u0113ties Oura Ring 4?<\/strong><br \/>\n\u2714 Vied\u0101 visaptvero\u0161a vesel\u012bbas uzraudz\u012bba 24\/7<br \/>\n\u2714 \u0112rts, viegls un stil\u012bgs dizains<br \/>\n\u2714 Prec\u012bzi biometriskie dati ar personaliz\u0113tiem ieteikumiem<br \/>\n\u2714 Zelta modelis - eleganta izv\u0113le gan v\u012brie\u0161iem, gan sieviet\u0113m<br \/>\n\u2714 Sinhroniz\u0101cija ar Oura mobilo lietotni (iOS\/Android)<\/p>","protected":false},"featured_media":36341,"comment_status":"open","ping_status":"closed","template":"","meta":{"_acf_changed":false},"product_brand":[],"product_cat":[282,283],"product_tag":[],"class_list":{"0":"post-36342","1":"product","2":"type-product","3":"status-publish","4":"has-post-thumbnail","6":"product_cat-longevity-prietaisai","7":"product_cat-sveikatingumo-prietaisai","9":"first","10":"instock","11":"shipping-taxable","12":"purchasable","13":"product-type-variable"},"acf":[],"tiered_pricing_type":"fixed","tiered_pricing_fixed_rules":[],"tiered_pricing_product_settings":{"layout":"default","base_unit_name":{"singular":null,"plural":null},"default_variation":null},"tiered_pricing_minimum_quantity":null,"tiered_pricing_roles_data":[],"tiered_pricing_percentage_rules":[],"_links":{"self":[{"href":"https:\/\/purama.lt\/lv\/wp-json\/wp\/v2\/product\/36342","targetHints":{"allow":["GET"]}}],"collection":[{"href":"https:\/\/purama.lt\/lv\/wp-json\/wp\/v2\/product"}],"about":[{"href":"https:\/\/purama.lt\/lv\/wp-json\/wp\/v2\/types\/product"}],"replies":[{"embeddable":true,"href":"https:\/\/purama.lt\/lv\/wp-json\/wp\/v2\/comments?post=36342"}],"wp:featuredmedia":[{"embeddable":true,"href":"https:\/\/purama.lt\/lv\/wp-json\/wp\/v2\/media\/36341"}],"wp:attachment":[{"href":"https:\/\/purama.lt\/lv\/wp-json\/wp\/v2\/media?parent=36342"}],"wp:term":[{"taxonomy":"product_brand","embeddable":true,"href":"https:\/\/purama.lt\/lv\/wp-json\/wp\/v2\/product_brand?post=36342"},{"taxonomy":"product_cat","embeddable":true,"href":"https:\/\/purama.lt\/lv\/wp-json\/wp\/v2\/product_cat?post=36342"},{"taxonomy":"product_tag","embeddable":true,"href":"https:\/\/purama.lt\/lv\/wp-json\/wp\/v2\/product_tag?post=36342"}],"curies":[{"name":"wp","href":"https:\/\/api.w.org\/{rel}","templated":true}]}}