{"id":36232,"date":"2025-06-18T06:31:55","date_gmt":"2025-06-18T06:31:55","guid":{"rendered":"https:\/\/purama.lt\/produktas\/orgazmo-energija-moterims\/"},"modified":"2026-04-13T16:50:22","modified_gmt":"2026-04-13T14:50:22","slug":"orgasma-energija-sievietem","status":"publish","type":"product","link":"https:\/\/purama.lt\/lv\/produktas\/orgazmo-energija-moterims\/","title":{"rendered":"MEDICA GROUP Orgasm Power Orgazmo ener\u0123ija sieviet\u0113m"},"content":{"rendered":"<p><strong>Pat\u0113ri\u0146\u0161 (pamatojoties uz ra\u017eot\u0101ja sniegto inform\u0101ciju):<\/strong><\/p>\n\n\n\n<p>Lietojiet 1 porciju (10 ml) dien\u0101, v\u0113lams apm\u0113ram 30 min\u016btes pirms dzimumakta.<br>Pirms lieto\u0161anas labi sakratiet.<br>Nep\u0101rsniedziet ieteicamo dienas devu.<\/p>\n\n\n\n<p><strong>Svar\u012bgi:<\/strong><br>Nelietot b\u0113rniem, gr\u016btniec\u0113m un sieviet\u0113m lakt\u0101cijas period\u0101.<br>Cilv\u0113kiem, kuri lieto medikamentus (\u012bpa\u0161i diab\u0113ta gad\u012bjum\u0101), pirms lieto\u0161anas j\u0101konsult\u0113jas ar \u0101rstu.<br>Nav ieteicams lietot cilv\u0113kiem ar ku\u0146\u0123a vai divpadsmitpirkstu zarnas \u010d\u016blu un sirds un asinsvadu slim\u012bb\u0101m (tostarp arteri\u0101lo hipertensiju).<\/p>\n\n\n\n<p><strong>Sast\u0101vda\u013cas<\/strong>:<\/p>\n\n\n\n<p>\u016bdens, magnija citr\u0101ts, l-argin\u012bns, beta-alan\u012bns, sarkano bie\u0161u sulas koncentr\u0101ts, guaranas ekstrakts, standartiz\u0113ts l\u012bdz 10% kofe\u012bna, citronsk\u0101be, \u0137ir\u0161u arom\u0101ts, maca ekstrakts 16:1, \u017ee\u0146\u0161e\u0146a ekstrakts 16:1, cinka glikon\u0101ts, n\u0101trija sahar\u012bns, vitam\u012bns B3 (niac\u012bns), k\u0101lija sorb\u0101ts, n\u0101trija benzo\u0101ts, maltodekstr\u012bns, vitam\u012bns B6 (piridoks\u012bna hidrohlor\u012bds).<\/p>\n\n\n\n<p><\/p>","protected":false},"excerpt":{"rendered":"<p><strong>MEDICA GROUP Orgasms Power Orgasms ener\u0123ija sieviet\u0113m,<\/strong> 100% ir dab\u012bgs dz\u0113riens, kas \u012bpa\u0161i izstr\u0101d\u0101ts sieviet\u0113m, kuras v\u0113las uzlabot seksu\u0101lo iek\u0101ri un palielin\u0101t apmierin\u0101t\u012bbu. T\u0101 maig\u0101 formula \u0101tri uzs\u016bcas un pal\u012bdz pastiprin\u0101t kaisli, uzlabot saj\u016btas un veicin\u0101t emocion\u0101lo un fizisko baudu. Formulas sast\u0101v\u0101 eso\u0161\u0101s dab\u012bg\u0101s sast\u0101vda\u013cas pal\u012bdz Jums atsl\u0101bin\u0101ties un stiprin\u0101t saikni ar sevi un partneri. <strong>K\u0101p\u0113c izv\u0113l\u0113ties:<\/strong> \u2714\ufe0f Bez m\u0101ksl\u012bg\u0101m piedev\u0101m un kr\u0101sviel\u0101m \u2714\ufe0f Viegli un pat\u012bkami dzert - \u0101tri iedarbojas \u2714\ufe0f Dab\u012bgas sast\u0101vda\u013cas uzlabo libido un mazina stresu \u2714\ufe0f Kvalit\u0101te p\u0101rbaud\u012bta - dro\u0161i lietot katru dienu.<\/p>","protected":false},"featured_media":36189,"comment_status":"open","ping_status":"closed","template":"","meta":{"_acf_changed":false},"product_brand":[406],"product_cat":[276,57,278],"product_tag":[],"class_list":{"0":"post-36232","1":"product","2":"type-product","3":"status-publish","4":"has-post-thumbnail","6":"product_brand-medica-group","7":"product_cat-seksualinei-sveikatai","8":"product_cat-akcijos","9":"product_cat-moterims","11":"first","12":"instock","13":"sale","14":"shipping-taxable","15":"purchasable","16":"product-type-simple"},"acf":[],"tiered_pricing_type":"fixed","tiered_pricing_fixed_rules":[],"tiered_pricing_product_settings":{"layout":"default","base_unit_name":{"singular":null,"plural":null},"default_variation":null},"tiered_pricing_minimum_quantity":null,"tiered_pricing_roles_data":[],"tiered_pricing_percentage_rules":[],"_links":{"self":[{"href":"https:\/\/purama.lt\/lv\/wp-json\/wp\/v2\/product\/36232","targetHints":{"allow":["GET"]}}],"collection":[{"href":"https:\/\/purama.lt\/lv\/wp-json\/wp\/v2\/product"}],"about":[{"href":"https:\/\/purama.lt\/lv\/wp-json\/wp\/v2\/types\/product"}],"replies":[{"embeddable":true,"href":"https:\/\/purama.lt\/lv\/wp-json\/wp\/v2\/comments?post=36232"}],"wp:featuredmedia":[{"embeddable":true,"href":"https:\/\/purama.lt\/lv\/wp-json\/wp\/v2\/media\/36189"}],"wp:attachment":[{"href":"https:\/\/purama.lt\/lv\/wp-json\/wp\/v2\/media?parent=36232"}],"wp:term":[{"taxonomy":"product_brand","embeddable":true,"href":"https:\/\/purama.lt\/lv\/wp-json\/wp\/v2\/product_brand?post=36232"},{"taxonomy":"product_cat","embeddable":true,"href":"https:\/\/purama.lt\/lv\/wp-json\/wp\/v2\/product_cat?post=36232"},{"taxonomy":"product_tag","embeddable":true,"href":"https:\/\/purama.lt\/lv\/wp-json\/wp\/v2\/product_tag?post=36232"}],"curies":[{"name":"wp","href":"https:\/\/api.w.org\/{rel}","templated":true}]}}