{"id":36230,"date":"2025-06-18T06:31:54","date_gmt":"2025-06-18T06:31:54","guid":{"rendered":"https:\/\/purama.lt\/produktas\/sveikatos-bukles-testas\/"},"modified":"2025-06-18T12:18:30","modified_gmt":"2025-06-18T12:18:30","slug":"veselibas-stavokla-tests","status":"publish","type":"product","link":"https:\/\/purama.lt\/lv\/produktas\/sveikatos-bukles-testas\/","title":{"rendered":"Vesel\u012bbas st\u0101vok\u013ca tests"},"content":{"rendered":"","protected":false},"excerpt":{"rendered":"<p>TruHealth ir visaptvero\u0161s metabolomikas p\u0113t\u012bjums, kur\u0101 nov\u0113rt\u0113 vair\u0101k nek\u0101 110 biomar\u0137ieru, kas saist\u012bti ar \u0161\u016bnu vesel\u012bbu, vielmai\u0146u un ilgtermi\u0146a vesel\u012bbas uztur\u0113\u0161anu.<\/p>\n<p>P\u0113t\u012bjum\u0101 kvantitat\u012bvi analiz\u0113ti:<\/p>\n<p>B\u016btiski mikroelementi (vitam\u012bni, miner\u0101lvielas);<\/p>\n<p>Antioksidantu savienojumi;<\/p>\n<p>Omega tauksk\u0101bes;<\/p>\n<p>Aminosk\u0101bju profili;<\/p>\n<p>Vides toks\u012bni;<\/p>\n<p>Iekaisuma, oksidat\u012bv\u0101 stresa mar\u0137ieri;<\/p>\n<p>Neirokognit\u012bvie parametri.<\/p>\n<p>Izmantojot sist\u0113mu biolo\u0123ijas pieeju, TruHealth nov\u0113rt\u0113 \u0161\u016bnu funkciju k\u0101 savstarp\u0113ji saist\u012btu procesu kopumu, kas saist\u012bti ar ilgm\u016b\u017e\u012bbu, imunit\u0101ti, neirolo\u0123iskaj\u0101m funkcij\u0101m un metabolisma efektivit\u0101ti.<\/p>\n<p>Unikalit\u0101te:<br \/>\nP\u0113t\u012bjum\u0101 izmantota patent\u0113ta anal\u012btisk\u0101 metodolo\u0123ija, kas \u013cauj:<br \/>\n\u2714\ufe0f Prec\u012bzi identific\u0113t tr\u016bkumus un nel\u012bdzsvarot\u012bbu \u0161\u016bnu l\u012bmen\u012b;<br \/>\n\u2714\ufe0f Izstr\u0101d\u0101t individualiz\u0113tas intervences, pamatojoties uz konkr\u0113tu biomar\u0137ieru rezult\u0101tiem;<br \/>\n\u2714\ufe0f Optimiz\u0113 uzturu, samazina toks\u012bnu daudzumu, uzlabo miega re\u017e\u012bmu un regul\u0113 vielmai\u0146u.<\/p>\n<p>TruHealth ir risin\u0101jums tiem, kas mekl\u0113 sistem\u0101tisku, padzi\u013cin\u0101tu pieeju vesel\u012bbas optimiz\u0101cijai un ilgtermi\u0146a notur\u012bbas uztur\u0113\u0161anai. Nepiecie\u0161amais paraugs:<\/p>\n<p>\u017d\u0101v\u0113ts asins piliens<\/p>\n<p>Vid\u0113jais apstr\u0101des laiks:<\/p>\n<p>21 \u00b15 dienas<\/p>","protected":false},"featured_media":36176,"comment_status":"open","ping_status":"closed","template":"","meta":{"_acf_changed":false},"product_brand":[],"product_cat":[97,75],"product_tag":[],"class_list":{"0":"post-36230","1":"product","2":"type-product","3":"status-publish","4":"has-post-thumbnail","6":"product_cat-tyrimai","7":"product_cat-sveikatos-testai","9":"first","10":"instock","11":"shipping-taxable","12":"purchasable","13":"product-type-simple"},"acf":[],"tiered_pricing_type":"fixed","tiered_pricing_fixed_rules":[],"tiered_pricing_product_settings":{"layout":"default","base_unit_name":{"singular":null,"plural":null},"default_variation":null},"tiered_pricing_minimum_quantity":null,"tiered_pricing_roles_data":[],"tiered_pricing_percentage_rules":[],"_links":{"self":[{"href":"https:\/\/purama.lt\/lv\/wp-json\/wp\/v2\/product\/36230","targetHints":{"allow":["GET"]}}],"collection":[{"href":"https:\/\/purama.lt\/lv\/wp-json\/wp\/v2\/product"}],"about":[{"href":"https:\/\/purama.lt\/lv\/wp-json\/wp\/v2\/types\/product"}],"replies":[{"embeddable":true,"href":"https:\/\/purama.lt\/lv\/wp-json\/wp\/v2\/comments?post=36230"}],"wp:featuredmedia":[{"embeddable":true,"href":"https:\/\/purama.lt\/lv\/wp-json\/wp\/v2\/media\/36176"}],"wp:attachment":[{"href":"https:\/\/purama.lt\/lv\/wp-json\/wp\/v2\/media?parent=36230"}],"wp:term":[{"taxonomy":"product_brand","embeddable":true,"href":"https:\/\/purama.lt\/lv\/wp-json\/wp\/v2\/product_brand?post=36230"},{"taxonomy":"product_cat","embeddable":true,"href":"https:\/\/purama.lt\/lv\/wp-json\/wp\/v2\/product_cat?post=36230"},{"taxonomy":"product_tag","embeddable":true,"href":"https:\/\/purama.lt\/lv\/wp-json\/wp\/v2\/product_tag?post=36230"}],"curies":[{"name":"wp","href":"https:\/\/api.w.org\/{rel}","templated":true}]}}