{"id":36229,"date":"2025-06-18T06:31:54","date_gmt":"2025-06-18T06:31:54","guid":{"rendered":"https:\/\/purama.lt\/produktas\/tikrasis-biologinis-amzius\/"},"modified":"2025-06-18T12:24:34","modified_gmt":"2025-06-18T12:24:34","slug":"patiesais-biologiskais-vecums","status":"publish","type":"product","link":"https:\/\/purama.lt\/lv\/produktas\/tikrasis-biologinis-amzius\/","title":{"rendered":"Patiesais biolo\u0123iskais vecums"},"content":{"rendered":"<p>\u0160is tests pal\u012bdz atbild\u0113t uz galvenajiem jaut\u0101jumiem par biolo\u0123isko noveco\u0161anu:<br>Man\u0101 pas\u0113 ir rakst\u012bts, ka man ir _ gadu, bet cik vecs ir mans \u0137ermenis biolo\u0123isk\u0101 zi\u0146\u0101?<\/p>\n\n\n\n<p>K\u0101ds ir risks saslimt ar vecuma slim\u012bb\u0101m?<\/p>\n\n\n\n<p>Apl\u016bkojot veiktsp\u0113jas un fizisk\u0101s sagatavot\u012bbas biomar\u0137ierus - cik vecs es esmu fiziski?<\/p>\n\n\n\n<p>K\u0101da ir manu im\u016bno \u0161\u016bnu koncentr\u0101cija un k\u0101 t\u0101 ietekm\u0113 manu biolo\u0123isko vecumu?<\/p>\n\n\n\n<p>Cik gadu mans \u0137ermenis faktiski noveco vien\u0101 kalend\u0101raj\u0101 gad\u0101?<\/p>\n\n\n\n<p>K\u0101ds ir mans telom\u0113ru garums un ko tas liecina par \u0161\u016bnu noveco\u0161anos?<\/p>\n\n\n\n<p>K\u0101 alkohola lieto\u0161ana ietekm\u0113 manas DNS izpausmes un noveco\u0161an\u0101s procesus?<\/p>\n\n\n\n<p>Vai mana epi\u0123en\u0113tisk\u0101 izpausme \u013cauj prognoz\u0113t pan\u0101kumus svara samazin\u0101\u0161an\u0101, samazinot uz\u0146emto kaloriju daudzumu?<\/p>\n\n\n\n<p>K\u0101 sm\u0113\u0137\u0113\u0161anas ietekme uz manu g\u0113nu ekspresiju un noveco\u0161an\u0101s trajektoriju?<\/p>\n\n\n\n<p>Ko es varu dar\u012bt, lai uzlabotu biolo\u0123iskos noveco\u0161an\u0101s r\u0101d\u012bt\u0101jus?<\/p>","protected":false},"excerpt":{"rendered":"<p>TruAge Complete Collection ir vispla\u0161\u0101k\u0101 pieejam\u0101 epigen\u0113tisk\u0101 noveco\u0161anas anal\u012bze, kas pied\u0101v\u0101 pla\u0161u noveco\u0161anas algoritmu un biomar\u0137ieru anal\u012b\u017eu kl\u0101stu. Tests nodro\u0161ina padzi\u013cin\u0101tu, daudzl\u012bme\u0146u biolo\u0123isk\u0101s noveco\u0161an\u0101s nov\u0113rt\u0113jumu, pamatojoties uz vair\u0101k nek\u0101 75 epi\u0123en\u0113tiskajiem un molekul\u0101rajiem mar\u0137ieriem.<\/p>\n<p>P\u0113t\u012bjum\u0101 izmantots uzlabots OMICm Age algoritms, kas izstr\u0101d\u0101ts sadarb\u012bb\u0101 ar H\u0101rvarda Medic\u012bnas skolas Brigham and Women's Hospital p\u0113tniekiem. \u0160is algoritms analiz\u0113 miljoniem DNS metil\u0101cijas vietu, lai noteiktu prec\u012bzu biolo\u0123isko vecumu un nov\u0113rt\u0113tu ar vecumu saist\u012btu slim\u012bbu risku.<\/p>\n<p>\u0160is zi\u0146ojums ietver:<br \/>\nOMICm biolo\u0123iskais vecums<\/p>\n<p>Ar vecumu saist\u012btu slim\u012bbu un komplik\u0101ciju risks<\/p>\n<p>Prote\u012bnu, metabol\u012btu un kl\u012bnisko mar\u0137ieru (epi\u0123en\u0113tisko biomar\u0137ieru) metil\u0101cijas riska r\u0101d\u012bt\u0101ji.<\/p>\n<p>DunedinPACE noveco\u0161an\u0101s \u0101truma indekss<\/p>\n<p>Im\u016bnnoveco\u0161an\u0101s r\u0101d\u012bt\u0101ji un citi im\u016bn\u0101s funkcijas un hroniska iekaisuma parametri<\/p>\n<p>Telom\u0113ru garums<\/p>\n<p>2. tipa diab\u0113ta un iekaisuma slim\u012bbu epi\u0123en\u0113tiskais risks<\/p>\n<p>Mitotiskais pulkstenis cilmes \u0161\u016bnu dal\u012b\u0161an\u0101s intensit\u0101tes m\u0113r\u012b\u0161anai<\/p>\n<p>OMICm FitAge - epigen\u0113tiski apr\u0113\u0137in\u0101ts \"fiziskais vecums\"<\/p>\n<p>Epigen\u0113tiskie riski, kas saist\u012bti ar sm\u0113\u0137\u0113\u0161anu un alkohola lieto\u0161anu<\/p>\n<p>Epigen\u0113tisk\u0101 reakcija uz svara samazin\u0101\u0161anas strat\u0113\u0123ij\u0101m<\/p>\n<p>Iek\u0161\u0113jais un \u0101r\u0113jais vecums<\/p>\n<p>SYMPHONYAge - salikts vecuma r\u0101d\u012bt\u0101js, kas integr\u0113 da\u017e\u0101dus biomar\u0137ierus.<\/p>\n<p>Turkl\u0101t zi\u0146ojums \u013cauj model\u0113t, k\u0101 main\u012btos ar vecumu saist\u012bto slim\u012bbu risks, ja j\u016bsu biolo\u0123iskais vecums samazin\u0101tos vai palielin\u0101tos par vienu vai vair\u0101kiem gadiem.TruAge Complete ir ide\u0101la izv\u0113le tiem, kuri v\u0113las prec\u012bzi nov\u0113rt\u0113t savu pa\u0161reiz\u0113jo biolo\u0123isko noveco\u0161anu un ieg\u016bt visaptvero\u0161u ar vecumu saist\u012bto biomar\u0137ieru anal\u012bzi. Tests pal\u012bdz noteikt tos organisma procesus, kuriem nepiecie\u0161ams papildu atbalsts, un \u013cauj pie\u0146emt pamatotus l\u0113mumus par di\u0113tu, fiziskaj\u0101m aktivit\u0101t\u0113m vai cit\u0101m dz\u012bvesveida izmai\u0146\u0101m.<\/p>","protected":false},"featured_media":36171,"comment_status":"open","ping_status":"closed","template":"","meta":{"_acf_changed":false},"product_brand":[],"product_cat":[97,75],"product_tag":[],"class_list":{"0":"post-36229","1":"product","2":"type-product","3":"status-publish","4":"has-post-thumbnail","6":"product_cat-tyrimai","7":"product_cat-sveikatos-testai","9":"first","10":"instock","11":"shipping-taxable","12":"purchasable","13":"product-type-simple"},"acf":[],"tiered_pricing_type":"fixed","tiered_pricing_fixed_rules":[],"tiered_pricing_product_settings":{"layout":"default","base_unit_name":{"singular":null,"plural":null},"default_variation":null},"tiered_pricing_minimum_quantity":null,"tiered_pricing_roles_data":[],"tiered_pricing_percentage_rules":[],"_links":{"self":[{"href":"https:\/\/purama.lt\/lv\/wp-json\/wp\/v2\/product\/36229","targetHints":{"allow":["GET"]}}],"collection":[{"href":"https:\/\/purama.lt\/lv\/wp-json\/wp\/v2\/product"}],"about":[{"href":"https:\/\/purama.lt\/lv\/wp-json\/wp\/v2\/types\/product"}],"replies":[{"embeddable":true,"href":"https:\/\/purama.lt\/lv\/wp-json\/wp\/v2\/comments?post=36229"}],"wp:featuredmedia":[{"embeddable":true,"href":"https:\/\/purama.lt\/lv\/wp-json\/wp\/v2\/media\/36171"}],"wp:attachment":[{"href":"https:\/\/purama.lt\/lv\/wp-json\/wp\/v2\/media?parent=36229"}],"wp:term":[{"taxonomy":"product_brand","embeddable":true,"href":"https:\/\/purama.lt\/lv\/wp-json\/wp\/v2\/product_brand?post=36229"},{"taxonomy":"product_cat","embeddable":true,"href":"https:\/\/purama.lt\/lv\/wp-json\/wp\/v2\/product_cat?post=36229"},{"taxonomy":"product_tag","embeddable":true,"href":"https:\/\/purama.lt\/lv\/wp-json\/wp\/v2\/product_tag?post=36229"}],"curies":[{"name":"wp","href":"https:\/\/api.w.org\/{rel}","templated":true}]}}