{"id":36228,"date":"2025-06-18T06:31:54","date_gmt":"2025-06-18T06:31:54","guid":{"rendered":"https:\/\/purama.lt\/produktas\/dnr-odos-testas\/"},"modified":"2025-06-18T12:27:30","modified_gmt":"2025-06-18T12:27:30","slug":"dnr-adas-tests","status":"publish","type":"product","link":"https:\/\/purama.lt\/lv\/produktas\/dnr-odos-testas\/","title":{"rendered":"DNS \u0101das tests"},"content":{"rendered":"","protected":false},"excerpt":{"rendered":"<p>\u0100das kop\u0161anas n\u0101kotne ir saist\u012bta ar personaliz\u0113tu \u0101rst\u0113\u0161anas strat\u0113\u0123iju, kuras pamat\u0101 ir inform\u0101cija par j\u016bsu individu\u0101lo bio\u0137\u012bmiju un \u0123en\u0113tisko mantojumu. \"DNA Skin\" analiz\u0113 vari\u0101cijas 18 g\u0113nos, kas saist\u012bti ar \u0161\u0101d\u0101m galvenaj\u0101m \u0101das vesel\u012bbas un noveco\u0161an\u0101s jom\u0101m: kolag\u0113na veido\u0161anos, aizsardz\u012bbu pret saules un UV stariem, iekaisumu un aizsardz\u012bbu pret oksidat\u012bvo stresu. Pamatojoties uz DNS \u0101das testu datiem, var sniegt personaliz\u0113tus dz\u012bvesveida, di\u0113tas, uztura un kosm\u0113tikas ieteikumus, lai uzlabotu \u0101das kop\u0161anu un mazin\u0101tu redzam\u0101s noveco\u0161an\u0101s paz\u012bmes. Testa veids:<\/p>\n<p>DNS: g\u0113ns, \u0101da<\/p>\n<p>Ir nepiecie\u0161ams paraugs:<\/p>\n<p>DNALife asins pilienu karte<\/p>\n<p>Vid\u0113jais apstr\u0101des laiks:<\/p>\n<p>18.-21. diena<\/p>\n<p>Konfidencialit\u0101tes politika:<\/p>\n<p>DNS un ori\u0123in\u0101lais paraugs tiek izn\u012bcin\u0101ts p\u0113c 3 m\u0113ne\u0161iem, t\u0101p\u0113c uz paraugiem nav nek\u0101du v\u0101rdu vai citu identifikatoru. Paraugos tiek analiz\u0113ti tikai tie SNP, kas iek\u013cauti DNALife testos, un bez pacienta \u012bpa\u0161as at\u013caujas netiek veikti nek\u0101di citi testi vai anal\u012bzes. M\u0113s nesniedzam un nep\u0101rdodam rezult\u0101tus tre\u0161\u0101m person\u0101m.<\/p>","protected":false},"featured_media":36192,"comment_status":"open","ping_status":"closed","template":"","meta":{"_acf_changed":false},"product_brand":[],"product_cat":[97,75],"product_tag":[],"class_list":{"0":"post-36228","1":"product","2":"type-product","3":"status-publish","4":"has-post-thumbnail","6":"product_cat-tyrimai","7":"product_cat-sveikatos-testai","9":"first","10":"instock","11":"shipping-taxable","12":"purchasable","13":"product-type-simple"},"acf":[],"tiered_pricing_type":"fixed","tiered_pricing_fixed_rules":[],"tiered_pricing_product_settings":{"layout":"default","base_unit_name":{"singular":null,"plural":null},"default_variation":null},"tiered_pricing_minimum_quantity":null,"tiered_pricing_roles_data":[],"tiered_pricing_percentage_rules":[],"_links":{"self":[{"href":"https:\/\/purama.lt\/lv\/wp-json\/wp\/v2\/product\/36228","targetHints":{"allow":["GET"]}}],"collection":[{"href":"https:\/\/purama.lt\/lv\/wp-json\/wp\/v2\/product"}],"about":[{"href":"https:\/\/purama.lt\/lv\/wp-json\/wp\/v2\/types\/product"}],"replies":[{"embeddable":true,"href":"https:\/\/purama.lt\/lv\/wp-json\/wp\/v2\/comments?post=36228"}],"wp:featuredmedia":[{"embeddable":true,"href":"https:\/\/purama.lt\/lv\/wp-json\/wp\/v2\/media\/36192"}],"wp:attachment":[{"href":"https:\/\/purama.lt\/lv\/wp-json\/wp\/v2\/media?parent=36228"}],"wp:term":[{"taxonomy":"product_brand","embeddable":true,"href":"https:\/\/purama.lt\/lv\/wp-json\/wp\/v2\/product_brand?post=36228"},{"taxonomy":"product_cat","embeddable":true,"href":"https:\/\/purama.lt\/lv\/wp-json\/wp\/v2\/product_cat?post=36228"},{"taxonomy":"product_tag","embeddable":true,"href":"https:\/\/purama.lt\/lv\/wp-json\/wp\/v2\/product_tag?post=36228"}],"curies":[{"name":"wp","href":"https:\/\/api.w.org\/{rel}","templated":true}]}}