{"id":36227,"date":"2025-06-18T06:31:54","date_gmt":"2025-06-18T06:31:54","guid":{"rendered":"https:\/\/purama.lt\/produktas\/dnr-hormonu-testas\/"},"modified":"2025-06-18T12:26:43","modified_gmt":"2025-06-18T12:26:43","slug":"dnr-hormonu-tests","status":"publish","type":"product","link":"https:\/\/purama.lt\/lv\/produktas\/dnr-hormonu-testas\/","title":{"rendered":"DNS hormonu tests"},"content":{"rendered":"<p>Zi\u0146ojum\u0101 sniegti individu\u0101li ieteikumi, k\u0101 saglab\u0101t hormonu l\u012bdzsvaru un elast\u012bbu, lai sasniegtu optim\u0101lu vesel\u012bbu gan tagad, gan ilgtermi\u0146\u0101.<br>Testa veids:<\/p>\n\n\n\n<p>Tests ir piem\u0113rots tiem, kuri cie\u0161 no hormonu darb\u012bbas trauc\u0113jumiem, kuriem ir hormonu darb\u012bbas trauc\u0113jumi \u0123imen\u0113 vai kuriem ir simptomi, kas var\u0113tu b\u016bt saist\u012bti ar hormonu vielmai\u0146as trauc\u0113jumiem. Hormon\u0101lie trauc\u0113jumi ietver endometriozi un policistisko oln\u012bcu sindromu (PCOS), (ne)augl\u012bbu, agr\u012bnu menopauzi un pastiprin\u0101tus menopauzes simptomus, kaulu vesel\u012bbas trauc\u0113jumus, trombozi, k\u0101 ar\u012b kr\u016bts, oln\u012bcu un prostatas v\u0113zi.<br>Tests ir noder\u012bgs ar\u012b tiem, kuri lieto vai apsver hormon\u0101lo terapiju (kontracepciju vai aizst\u0101jterapiju), lai nov\u0113rt\u0113tu iesp\u0113jamo asins rec\u0113\u0161anas risku un nodro\u0161in\u0101tu optim\u0101lu detoksik\u0101cijas procesu atbalstu.<\/p>\n\n\n\n<p>Ir nepiecie\u0161ams paraugs:<\/p>\n\n\n\n<p>Asins piliens<\/p>\n\n\n\n<p>Vid\u0113jais apstr\u0101des laiks:<\/p>\n\n\n\n<p>18.-21. diena<\/p>\n\n\n\n<p>Konfidencialit\u0101tes politika:<\/p>\n\n\n\n<p>P\u0113c 3 m\u0113ne\u0161iem DNS un ori\u0123in\u0101lais parauga materi\u0101ls tiek izn\u012bcin\u0101ts, t\u0101p\u0113c uz paraugiem nav nek\u0101du v\u0101rdu vai citu identifikatoru. Paraugos tiek analiz\u0113ti tikai tie SNP, kas iek\u013cauti DNALife testos, un bez pacienta \u012bpa\u0161as at\u013caujas netiek veikti nek\u0101di citi testi vai anal\u012bzes. M\u0113s nesniedzam un nep\u0101rdodam rezult\u0101tus tre\u0161\u0101m person\u0101m.<\/p>","protected":false},"excerpt":{"rendered":"<p>DNS hormonu tests ir visaptvero\u0161s nutri\u0123en\u0113tiskais tests, kas analiz\u0113 g\u0113nu variantus, kuri saist\u012bti ar dzimumhormonu vielmai\u0146u un detoksik\u0101ciju. \u0160is tests pal\u012bdz nov\u0113rt\u0113t hormonu nel\u012bdzsvarot\u012bbas risku, kas var skart gan v\u012brie\u0161us, gan sievietes. T\u0101 ir uzlabota estrog\u0113nu DNS testa versija, kas aptver pla\u0161\u0101ku hormonu un to sadal\u012b\u0161an\u0101s procesu kl\u0101stu.<\/p>\n<p>Test\u0101 analiz\u0113 \u0123en\u0113tiskos mar\u0137ierus, kas ietekm\u0113 stero\u012bdu hormonu, piem\u0113ram, estrog\u0113na, progesterona un testosterona, ra\u017eo\u0161anu, p\u0101rveidi, darb\u012bbu un detoksik\u0101ciju. \u0160ie procesi ir cie\u0161i saist\u012bti ar daudzu vesel\u012bbas trauc\u0113jumu ra\u0161anos un progres\u0113\u0161anu.<\/p>\n<p>Kam ieteicams veikt \u0161o testu:<br \/>\n\u2714\ufe0f Cilv\u0113kiem, kas cie\u0161 no hormon\u0101l\u0101 disbalansa;<br \/>\n\u2714\ufe0f Tiem, kam \u0123imen\u0113 ir hormon\u0101l\u0101 nel\u012bdzsvarot\u012bba vai ar to saist\u012btas slim\u012bbas;<br \/>\n\u2714\ufe0f Tiem, kam rodas simptomi, kas var b\u016bt saist\u012bti ar hormonu darb\u012bbas trauc\u0113jumiem.<\/p>\n<p>Hormon\u0101l\u0101 nel\u012bdzsvarot\u012bba var ietekm\u0113t \u0161os apst\u0101k\u013cus:<br \/>\n- Endometrioze un policistisko oln\u012bcu sindroms (PCOS);<br \/>\n- (Ne)augl\u012bba, agr\u012bna menopauze, smagi menopauzes simptomi;<br \/>\n- Samazin\u0101ts kaulu bl\u012bvums un osteoporoze;<br \/>\n- Trombu veido\u0161an\u0101s;<br \/>\n- kr\u016bts, oln\u012bcu un prostatas v\u0113zis.<\/p>\n<p>Tests ir noder\u012bgs ar\u012b tiem, kuri:<br \/>\n- lietojat vai pl\u0101nojat lietot hormon\u0101lo terapiju (kontracepcijas l\u012bdzek\u013cus vai aizst\u0101j\u0113jterapiju);<br \/>\n- J\u016bs v\u0113laties nov\u0113rt\u0113t iesp\u0113jamo asins rec\u0113\u0161anas risku un hormonu detoksik\u0101cijas efektivit\u0101ti.<\/p>\n<p>K\u0101p\u0113c tas ir svar\u012bgi?<\/p>\n<p>Dz\u012bves ilguma palielin\u0101\u0161an\u0101s, vides iedarb\u012bba (paaugstin\u0101ts estrog\u0113nu l\u012bmenis, augst\u0101ks \u0137erme\u0146a masas indekss, kancerog\u0113ni, mazkust\u012bgs dz\u012bvesveids) un \u0123en\u0113tisk\u0101s vari\u0101cijas var izrais\u012bt hormonu vielmai\u0146as trauc\u0113jumus. Atkar\u012bb\u0101 no indiv\u012bda dz\u012bves posma un \u0123en\u0113tisk\u0101 fona organisms var \u201eizv\u0113l\u0113ties\u201c da\u017e\u0101dus hormonu sint\u0113zes un no\u0101rd\u012b\u0161an\u0101s ce\u013cus, kas da\u017ek\u0101rt k\u013c\u016bst maz\u0101k labv\u0113l\u012bgi vesel\u012bbai. Tas palielina ar hormoniem saist\u012btu slim\u012bbu risku.<\/p>\n<p>Zinot savus \u0123en\u0113tiskos faktorus, varat:<br \/>\n\u2714\ufe0f Lai prec\u012bz\u0101k noteiktu hormonu nel\u012bdzsvarot\u012bbu;<br \/>\n\u2714\ufe0f Izv\u0113lieties individualiz\u0113tus pas\u0101kumus - uztura, dz\u012bvesveida un hormon\u0101los;<br \/>\n\u2714\ufe0f Uzlabojiet savu labsaj\u016btu, samaziniet slim\u012bbu risku un pagariniet vesel\u012bgas dz\u012bves ilgumu.<\/p>","protected":false},"featured_media":36182,"comment_status":"open","ping_status":"closed","template":"","meta":{"_acf_changed":false},"product_brand":[],"product_cat":[97,75],"product_tag":[],"class_list":{"0":"post-36227","1":"product","2":"type-product","3":"status-publish","4":"has-post-thumbnail","6":"product_cat-tyrimai","7":"product_cat-sveikatos-testai","9":"first","10":"instock","11":"shipping-taxable","12":"purchasable","13":"product-type-simple"},"acf":[],"tiered_pricing_type":"fixed","tiered_pricing_fixed_rules":[],"tiered_pricing_product_settings":{"layout":"default","base_unit_name":{"singular":null,"plural":null},"default_variation":null},"tiered_pricing_minimum_quantity":null,"tiered_pricing_roles_data":[],"tiered_pricing_percentage_rules":[],"_links":{"self":[{"href":"https:\/\/purama.lt\/lv\/wp-json\/wp\/v2\/product\/36227","targetHints":{"allow":["GET"]}}],"collection":[{"href":"https:\/\/purama.lt\/lv\/wp-json\/wp\/v2\/product"}],"about":[{"href":"https:\/\/purama.lt\/lv\/wp-json\/wp\/v2\/types\/product"}],"replies":[{"embeddable":true,"href":"https:\/\/purama.lt\/lv\/wp-json\/wp\/v2\/comments?post=36227"}],"wp:featuredmedia":[{"embeddable":true,"href":"https:\/\/purama.lt\/lv\/wp-json\/wp\/v2\/media\/36182"}],"wp:attachment":[{"href":"https:\/\/purama.lt\/lv\/wp-json\/wp\/v2\/media?parent=36227"}],"wp:term":[{"taxonomy":"product_brand","embeddable":true,"href":"https:\/\/purama.lt\/lv\/wp-json\/wp\/v2\/product_brand?post=36227"},{"taxonomy":"product_cat","embeddable":true,"href":"https:\/\/purama.lt\/lv\/wp-json\/wp\/v2\/product_cat?post=36227"},{"taxonomy":"product_tag","embeddable":true,"href":"https:\/\/purama.lt\/lv\/wp-json\/wp\/v2\/product_tag?post=36227"}],"curies":[{"name":"wp","href":"https:\/\/api.w.org\/{rel}","templated":true}]}}