{"id":36226,"date":"2025-06-18T06:31:54","date_gmt":"2025-06-18T06:31:54","guid":{"rendered":"https:\/\/purama.lt\/produktas\/putojantis-veido-prausiklis\/"},"modified":"2026-04-15T08:02:05","modified_gmt":"2026-04-15T06:02:05","slug":"putojoss-sejas-tirisanas-lidzeklis","status":"publish","type":"product","link":"https:\/\/purama.lt\/lv\/produktas\/putojantis-veido-prausiklis\/","title":{"rendered":"Putojo\u0161s sejas mazg\u0101\u0161anas l\u012bdzeklis"},"content":{"rendered":"","protected":false},"excerpt":{"rendered":"<p>Bag\u0101t\u012bgs, putojo\u0161s sejas t\u012br\u012b\u0161anas l\u012bdzeklis, kas maigi, bet efekt\u012bvi no\u0146em net\u012brumus, lieko sebumu un \u0101das atlikumus no \u0101das virsmas. Bag\u0101tin\u0101ts ar mitrino\u0161\u0101m viel\u0101m, tas neboj\u0101 \u0101das aizsargbarjeru.<\/p>\n<p><strong>K\u0101p\u0113c izv\u0113l\u0113ties:<\/strong><br \/>\n\u2714\ufe0f Atsvaidzina un att\u012bra, neiz\u017e\u0101v\u0113jot.<br \/>\n\u2714\ufe0f Izveido m\u012bkstu un bl\u012bvu putu masu.<br \/>\n\u2714\ufe0f Piem\u0113rots ikdienas lieto\u0161anai<br \/>\n\u2714\ufe0f Lieliski no\u0146em pils\u0113tas pies\u0101r\u0146ojumu un kosm\u0113tikas atlikumus.<\/p>","protected":false},"featured_media":0,"comment_status":"open","ping_status":"closed","template":"","meta":{"_acf_changed":false},"product_brand":[],"product_cat":[92,150,59],"product_tag":[],"class_list":{"0":"post-36226","1":"product","2":"type-product","3":"status-publish","5":"product_cat-groziui","6":"product_cat-veido-prausikliai","7":"product_cat-veidui","9":"first","10":"instock","11":"shipping-taxable","12":"purchasable","13":"product-type-simple"},"acf":[],"tiered_pricing_type":"fixed","tiered_pricing_fixed_rules":[],"tiered_pricing_product_settings":{"layout":"default","base_unit_name":{"singular":null,"plural":null},"default_variation":null},"tiered_pricing_minimum_quantity":null,"tiered_pricing_roles_data":[],"tiered_pricing_percentage_rules":[],"_links":{"self":[{"href":"https:\/\/purama.lt\/lv\/wp-json\/wp\/v2\/product\/36226","targetHints":{"allow":["GET"]}}],"collection":[{"href":"https:\/\/purama.lt\/lv\/wp-json\/wp\/v2\/product"}],"about":[{"href":"https:\/\/purama.lt\/lv\/wp-json\/wp\/v2\/types\/product"}],"replies":[{"embeddable":true,"href":"https:\/\/purama.lt\/lv\/wp-json\/wp\/v2\/comments?post=36226"}],"wp:attachment":[{"href":"https:\/\/purama.lt\/lv\/wp-json\/wp\/v2\/media?parent=36226"}],"wp:term":[{"taxonomy":"product_brand","embeddable":true,"href":"https:\/\/purama.lt\/lv\/wp-json\/wp\/v2\/product_brand?post=36226"},{"taxonomy":"product_cat","embeddable":true,"href":"https:\/\/purama.lt\/lv\/wp-json\/wp\/v2\/product_cat?post=36226"},{"taxonomy":"product_tag","embeddable":true,"href":"https:\/\/purama.lt\/lv\/wp-json\/wp\/v2\/product_tag?post=36226"}],"curies":[{"name":"wp","href":"https:\/\/api.w.org\/{rel}","templated":true}]}}