{"id":36213,"date":"2025-06-18T06:31:51","date_gmt":"2025-06-18T06:31:51","guid":{"rendered":"https:\/\/purama.lt\/produktas\/skystasis-dilgeliu-ekstraktas-be-alkoholio\/"},"modified":"2026-03-24T16:56:07","modified_gmt":"2026-03-24T14:56:07","slug":"skidrais-aunazirnu-ekstrakts-bez-spirta","status":"publish","type":"product","link":"https:\/\/purama.lt\/lv\/produktas\/skystasis-dilgeliu-ekstraktas-be-alkoholio\/","title":{"rendered":"Vesel\u012bbas diena \u0160\u0137idrais piene\u0146u ekstrakts bez spirta"},"content":{"rendered":"","protected":false},"excerpt":{"rendered":"<p><strong>Sveiki \u0160\u0137idrais piene\u0146u ekstrakts bez spirta:<\/strong> N\u0101tres ir v\u0113rt\u012bgs mikroelementu avots, kas pal\u012bdz detoksik\u0113t organismu. \u0160\u0137idr\u0101 veid\u0101 bez spirta maksim\u0101lai uzs\u016bk\u0161anai.<\/p>\n<p><strong>K\u0101p\u0113c izv\u0113l\u0113ties:<\/strong><br \/>\n\u2714 Atbalsta ur\u012bna izdal\u012b\u0161anos un asins att\u012br\u012b\u0161anu<br \/>\n\u2714 Piem\u0113rots pavasara detoksam<br \/>\n\u2714 Veg\u0101niskas un dro\u0161as sast\u0101vda\u013cas<\/p>","protected":false},"featured_media":36183,"comment_status":"open","ping_status":"closed","template":"","meta":{"_acf_changed":false},"product_brand":[458],"product_cat":[123,251,252,267,122,264],"product_tag":[],"class_list":{"0":"post-36213","1":"product","2":"type-product","3":"status-publish","4":"has-post-thumbnail","6":"product_brand-sveikadienis","7":"product_cat-papildai-ilgaamziskumui","8":"product_cat-antioksidantai","9":"product_cat-imunitetui","10":"product_cat-kepenu-detoksas","11":"product_cat-lasteliu-jaunystei","12":"product_cat-virskinimui-ir-detoksui","14":"first","15":"instock","16":"shipping-taxable","17":"purchasable","18":"product-type-simple"},"acf":[],"tiered_pricing_type":"fixed","tiered_pricing_fixed_rules":[],"tiered_pricing_product_settings":{"layout":"default","base_unit_name":{"singular":null,"plural":null},"default_variation":null},"tiered_pricing_minimum_quantity":null,"tiered_pricing_roles_data":[],"tiered_pricing_percentage_rules":[],"_links":{"self":[{"href":"https:\/\/purama.lt\/lv\/wp-json\/wp\/v2\/product\/36213","targetHints":{"allow":["GET"]}}],"collection":[{"href":"https:\/\/purama.lt\/lv\/wp-json\/wp\/v2\/product"}],"about":[{"href":"https:\/\/purama.lt\/lv\/wp-json\/wp\/v2\/types\/product"}],"replies":[{"embeddable":true,"href":"https:\/\/purama.lt\/lv\/wp-json\/wp\/v2\/comments?post=36213"}],"wp:featuredmedia":[{"embeddable":true,"href":"https:\/\/purama.lt\/lv\/wp-json\/wp\/v2\/media\/36183"}],"wp:attachment":[{"href":"https:\/\/purama.lt\/lv\/wp-json\/wp\/v2\/media?parent=36213"}],"wp:term":[{"taxonomy":"product_brand","embeddable":true,"href":"https:\/\/purama.lt\/lv\/wp-json\/wp\/v2\/product_brand?post=36213"},{"taxonomy":"product_cat","embeddable":true,"href":"https:\/\/purama.lt\/lv\/wp-json\/wp\/v2\/product_cat?post=36213"},{"taxonomy":"product_tag","embeddable":true,"href":"https:\/\/purama.lt\/lv\/wp-json\/wp\/v2\/product_tag?post=36213"}],"curies":[{"name":"wp","href":"https:\/\/api.w.org\/{rel}","templated":true}]}}