{"id":36210,"date":"2025-06-18T06:31:51","date_gmt":"2025-06-18T06:31:51","guid":{"rendered":"https:\/\/purama.lt\/produktas\/skystasis-chaga-grybo-ekstraktas-be-alkoholio\/"},"modified":"2026-03-24T16:54:13","modified_gmt":"2026-03-24T14:54:13","slug":"cagas-senes-skidrais-ekstrakts-bez-spirta","status":"publish","type":"product","link":"https:\/\/purama.lt\/lv\/produktas\/skystasis-chaga-grybo-ekstraktas-be-alkoholio\/","title":{"rendered":"Sveiki \u0160\u0137idrais Chaga s\u0113\u0146u ekstrakts bez alkohola"},"content":{"rendered":"","protected":false},"excerpt":{"rendered":"<p><strong>Sveiki \u0160\u0137idrais Chaga s\u0113\u0146u ekstrakts bez alkohola:<\/strong> T\u012brs, koncentr\u0113ts \u010dagas ekstrakts - sp\u0113c\u012bgs antioksidants bez alkohola. Lieto\u0161anai ikdien\u0101 imunit\u0101tes atbalstam.<\/p>\n<p><strong>K\u0101p\u0113c izv\u0113l\u0113ties:<\/strong><br \/>\n\u2714 \u0160\u0137idruma forma - \u0101tr\u0101ka absorbcija<br \/>\n\u2714 Bez alkohola, piem\u0113rots visai \u0123imenei<br \/>\n\u2714 Bag\u0101ts ar betul\u012bnsk\u0101bi un antioksidantiem<\/p>","protected":false},"featured_media":36185,"comment_status":"open","ping_status":"closed","template":"","meta":{"_acf_changed":false},"product_brand":[458],"product_cat":[123,251,252,122,249],"product_tag":[],"class_list":{"0":"post-36210","1":"product","2":"type-product","3":"status-publish","4":"has-post-thumbnail","6":"product_brand-sveikadienis","7":"product_cat-papildai-ilgaamziskumui","8":"product_cat-antioksidantai","9":"product_cat-imunitetui","10":"product_cat-lasteliu-jaunystei","11":"product_cat-senolitikai","13":"first","14":"instock","15":"shipping-taxable","16":"purchasable","17":"product-type-simple"},"acf":[],"tiered_pricing_type":"fixed","tiered_pricing_fixed_rules":[],"tiered_pricing_product_settings":{"layout":"default","base_unit_name":{"singular":null,"plural":null},"default_variation":null},"tiered_pricing_minimum_quantity":null,"tiered_pricing_roles_data":[],"tiered_pricing_percentage_rules":[],"_links":{"self":[{"href":"https:\/\/purama.lt\/lv\/wp-json\/wp\/v2\/product\/36210","targetHints":{"allow":["GET"]}}],"collection":[{"href":"https:\/\/purama.lt\/lv\/wp-json\/wp\/v2\/product"}],"about":[{"href":"https:\/\/purama.lt\/lv\/wp-json\/wp\/v2\/types\/product"}],"replies":[{"embeddable":true,"href":"https:\/\/purama.lt\/lv\/wp-json\/wp\/v2\/comments?post=36210"}],"wp:featuredmedia":[{"embeddable":true,"href":"https:\/\/purama.lt\/lv\/wp-json\/wp\/v2\/media\/36185"}],"wp:attachment":[{"href":"https:\/\/purama.lt\/lv\/wp-json\/wp\/v2\/media?parent=36210"}],"wp:term":[{"taxonomy":"product_brand","embeddable":true,"href":"https:\/\/purama.lt\/lv\/wp-json\/wp\/v2\/product_brand?post=36210"},{"taxonomy":"product_cat","embeddable":true,"href":"https:\/\/purama.lt\/lv\/wp-json\/wp\/v2\/product_cat?post=36210"},{"taxonomy":"product_tag","embeddable":true,"href":"https:\/\/purama.lt\/lv\/wp-json\/wp\/v2\/product_tag?post=36210"}],"curies":[{"name":"wp","href":"https:\/\/api.w.org\/{rel}","templated":true}]}}