{"id":36205,"date":"2025-06-18T06:31:50","date_gmt":"2025-06-18T06:31:50","guid":{"rendered":"https:\/\/purama.lt\/produktas\/meskinis-cesnakas-veganiskosekapsulese\/"},"modified":"2026-03-24T16:58:59","modified_gmt":"2026-03-24T14:58:59","slug":"kiploki-veganu-kapsulas","status":"publish","type":"product","link":"https:\/\/purama.lt\/lv\/produktas\/meskinis-cesnakas-veganiskosekapsulese\/","title":{"rendered":"Vesel\u012bbas diena L\u0101\u010da \u0137iploki veg\u0101nos<br>kapsul\u0101s"},"content":{"rendered":"","protected":false},"excerpt":{"rendered":"<p><strong>Sveikadienis Me\u0161kinis \u010desnakas vegani\u0161kose kapsul\u0117se:<\/strong> L\u0101\u010da \u0137iploks ir dabisks detoksikants un antiseptisks l\u012bdzeklis, kas pal\u012bdz att\u012br\u012bt organismu un uztur\u0113t gremo\u0161anas sist\u0113mu.<\/p>\n<p><strong>K\u0101p\u0113c izv\u0113l\u0113ties:<\/strong><br \/>\n\u2714 Dabisks \u0137erme\u0146a att\u012br\u012b\u0161anas avots<br \/>\n\u2714 Labi gremo\u0161anai un im\u016bnsist\u0113mai<br \/>\n\u2714 Bez smar\u017eas kapsulu forma<\/p>","protected":false},"featured_media":36162,"comment_status":"open","ping_status":"closed","template":"","meta":{"_acf_changed":false},"product_brand":[458],"product_cat":[123,251,267,122,264],"product_tag":[],"class_list":{"0":"post-36205","1":"product","2":"type-product","3":"status-publish","4":"has-post-thumbnail","6":"product_brand-sveikadienis","7":"product_cat-papildai-ilgaamziskumui","8":"product_cat-antioksidantai","9":"product_cat-kepenu-detoksas","10":"product_cat-lasteliu-jaunystei","11":"product_cat-virskinimui-ir-detoksui","13":"first","14":"instock","15":"shipping-taxable","16":"purchasable","17":"product-type-simple"},"acf":[],"tiered_pricing_type":"fixed","tiered_pricing_fixed_rules":[],"tiered_pricing_product_settings":{"layout":"default","base_unit_name":{"singular":null,"plural":null},"default_variation":null},"tiered_pricing_minimum_quantity":null,"tiered_pricing_roles_data":[],"tiered_pricing_percentage_rules":[],"_links":{"self":[{"href":"https:\/\/purama.lt\/lv\/wp-json\/wp\/v2\/product\/36205","targetHints":{"allow":["GET"]}}],"collection":[{"href":"https:\/\/purama.lt\/lv\/wp-json\/wp\/v2\/product"}],"about":[{"href":"https:\/\/purama.lt\/lv\/wp-json\/wp\/v2\/types\/product"}],"replies":[{"embeddable":true,"href":"https:\/\/purama.lt\/lv\/wp-json\/wp\/v2\/comments?post=36205"}],"wp:featuredmedia":[{"embeddable":true,"href":"https:\/\/purama.lt\/lv\/wp-json\/wp\/v2\/media\/36162"}],"wp:attachment":[{"href":"https:\/\/purama.lt\/lv\/wp-json\/wp\/v2\/media?parent=36205"}],"wp:term":[{"taxonomy":"product_brand","embeddable":true,"href":"https:\/\/purama.lt\/lv\/wp-json\/wp\/v2\/product_brand?post=36205"},{"taxonomy":"product_cat","embeddable":true,"href":"https:\/\/purama.lt\/lv\/wp-json\/wp\/v2\/product_cat?post=36205"},{"taxonomy":"product_tag","embeddable":true,"href":"https:\/\/purama.lt\/lv\/wp-json\/wp\/v2\/product_tag?post=36205"}],"curies":[{"name":"wp","href":"https:\/\/api.w.org\/{rel}","templated":true}]}}