{"id":36204,"date":"2025-06-18T06:31:50","date_gmt":"2025-06-18T06:31:50","guid":{"rendered":"https:\/\/purama.lt\/produktas\/gudobeles-vaisiai-veganiskose-kapsulese\/"},"modified":"2026-03-24T16:58:16","modified_gmt":"2026-03-24T14:58:16","slug":"vilkabeles-augli-veganu-kapsulas","status":"publish","type":"product","link":"https:\/\/purama.lt\/lv\/produktas\/gudobeles-vaisiai-veganiskose-kapsulese\/","title":{"rendered":"Hello Hawthorn aug\u013ci veg\u0101nisk\u0101s kapsul\u0101s"},"content":{"rendered":"","protected":false},"excerpt":{"rendered":"<p><strong>Labdien, vilk\u0101beles aug\u013ci veg\u0101nisk\u0101s kapsul\u0101s:<\/strong> Vilk\u0101bele - paz\u012bstama k\u0101 sirds draugs, ko tradicion\u0101li izmanto sirds un asinsvadu sist\u0113mas atbalstam. T\u0101s ir bag\u0101tas ar flavono\u012bdiem un antioksidantiem.<\/p>\n<p><strong>K\u0101p\u0113c izv\u0113l\u0113ties:<\/strong><br \/>\n\u2714 Atbalsta sirds ritmu un asinsriti<br \/>\n\u2714 Antioksidanta iedarb\u012bba<br \/>\n\u2714 Veg\u0101nu kapsulas bez piedev\u0101m<\/p>","protected":false},"featured_media":36160,"comment_status":"open","ping_status":"closed","template":"","meta":{"_acf_changed":false},"product_brand":[458],"product_cat":[256,259,123,258],"product_tag":[],"class_list":{"0":"post-36204","1":"product","2":"type-product","3":"status-publish","4":"has-post-thumbnail","6":"product_brand-sveikadienis","7":"product_cat-smegenims-ir-atminciai","8":"product_cat-nuotaika-ir-stresas","9":"product_cat-papildai-ilgaamziskumui","10":"product_cat-smegenu-apsauga","12":"first","13":"instock","14":"shipping-taxable","15":"purchasable","16":"product-type-simple"},"acf":[],"tiered_pricing_type":"fixed","tiered_pricing_fixed_rules":[],"tiered_pricing_product_settings":{"layout":"default","base_unit_name":{"singular":null,"plural":null},"default_variation":null},"tiered_pricing_minimum_quantity":null,"tiered_pricing_roles_data":[],"tiered_pricing_percentage_rules":[],"_links":{"self":[{"href":"https:\/\/purama.lt\/lv\/wp-json\/wp\/v2\/product\/36204","targetHints":{"allow":["GET"]}}],"collection":[{"href":"https:\/\/purama.lt\/lv\/wp-json\/wp\/v2\/product"}],"about":[{"href":"https:\/\/purama.lt\/lv\/wp-json\/wp\/v2\/types\/product"}],"replies":[{"embeddable":true,"href":"https:\/\/purama.lt\/lv\/wp-json\/wp\/v2\/comments?post=36204"}],"wp:featuredmedia":[{"embeddable":true,"href":"https:\/\/purama.lt\/lv\/wp-json\/wp\/v2\/media\/36160"}],"wp:attachment":[{"href":"https:\/\/purama.lt\/lv\/wp-json\/wp\/v2\/media?parent=36204"}],"wp:term":[{"taxonomy":"product_brand","embeddable":true,"href":"https:\/\/purama.lt\/lv\/wp-json\/wp\/v2\/product_brand?post=36204"},{"taxonomy":"product_cat","embeddable":true,"href":"https:\/\/purama.lt\/lv\/wp-json\/wp\/v2\/product_cat?post=36204"},{"taxonomy":"product_tag","embeddable":true,"href":"https:\/\/purama.lt\/lv\/wp-json\/wp\/v2\/product_tag?post=36204"}],"curies":[{"name":"wp","href":"https:\/\/api.w.org\/{rel}","templated":true}]}}