{"id":36202,"date":"2025-06-18T06:31:50","date_gmt":"2025-06-18T06:31:50","guid":{"rendered":"https:\/\/purama.lt\/produktas\/voveraites-milteliai\/"},"modified":"2026-03-24T16:57:18","modified_gmt":"2026-03-24T14:57:18","slug":"voveraites-pulveris","status":"publish","type":"product","link":"https:\/\/purama.lt\/lv\/produktas\/voveraites-milteliai\/","title":{"rendered":"Sveiki, gailenes pulveris"},"content":{"rendered":"","protected":false},"excerpt":{"rendered":"<p><strong>Sveiki, gailenes pulveris:<\/strong> 100 % Smilts\u0113rk\u0161\u0137u pulveris - dabiska un arom\u0101tiska uztura piedeva. Piem\u0113rots gan vesel\u012bbai, gan kulin\u0101rijas vajadz\u012bb\u0101m. Var veicin\u0101t gremo\u0161anas sist\u0113mas uztur\u0113\u0161anu.<\/p>\n<p><strong>K\u0101p\u0113c izv\u0113l\u0113ties:<\/strong><br \/>\n\u2714 Nav konservantu vai aromatiz\u0113t\u0101ju<br \/>\n\u2714 Piem\u0113rots t\u0113jai, zup\u0101m, piedev\u0101m<br \/>\n\u2714 Dabisks, neapstr\u0101d\u0101ts produkts<\/p>","protected":false},"featured_media":36178,"comment_status":"open","ping_status":"closed","template":"","meta":{"_acf_changed":false},"product_brand":[458],"product_cat":[123,266,264,265],"product_tag":[],"class_list":{"0":"post-36202","1":"product","2":"type-product","3":"status-publish","4":"has-post-thumbnail","6":"product_brand-sveikadienis","7":"product_cat-papildai-ilgaamziskumui","8":"product_cat-fermentai-ir-virskinimas","9":"product_cat-virskinimui-ir-detoksui","10":"product_cat-zarnynas-ir-mikrobioma","12":"first","13":"instock","14":"shipping-taxable","15":"purchasable","16":"product-type-simple"},"acf":[],"tiered_pricing_type":"fixed","tiered_pricing_fixed_rules":[],"tiered_pricing_product_settings":{"layout":"default","base_unit_name":{"singular":null,"plural":null},"default_variation":null},"tiered_pricing_minimum_quantity":null,"tiered_pricing_roles_data":[],"tiered_pricing_percentage_rules":[],"_links":{"self":[{"href":"https:\/\/purama.lt\/lv\/wp-json\/wp\/v2\/product\/36202","targetHints":{"allow":["GET"]}}],"collection":[{"href":"https:\/\/purama.lt\/lv\/wp-json\/wp\/v2\/product"}],"about":[{"href":"https:\/\/purama.lt\/lv\/wp-json\/wp\/v2\/types\/product"}],"replies":[{"embeddable":true,"href":"https:\/\/purama.lt\/lv\/wp-json\/wp\/v2\/comments?post=36202"}],"wp:featuredmedia":[{"embeddable":true,"href":"https:\/\/purama.lt\/lv\/wp-json\/wp\/v2\/media\/36178"}],"wp:attachment":[{"href":"https:\/\/purama.lt\/lv\/wp-json\/wp\/v2\/media?parent=36202"}],"wp:term":[{"taxonomy":"product_brand","embeddable":true,"href":"https:\/\/purama.lt\/lv\/wp-json\/wp\/v2\/product_brand?post=36202"},{"taxonomy":"product_cat","embeddable":true,"href":"https:\/\/purama.lt\/lv\/wp-json\/wp\/v2\/product_cat?post=36202"},{"taxonomy":"product_tag","embeddable":true,"href":"https:\/\/purama.lt\/lv\/wp-json\/wp\/v2\/product_tag?post=36202"}],"curies":[{"name":"wp","href":"https:\/\/api.w.org\/{rel}","templated":true}]}}