{"id":36200,"date":"2025-06-18T06:31:49","date_gmt":"2025-06-18T06:31:49","guid":{"rendered":"https:\/\/purama.lt\/produktas\/spanguoles-veganiskose-kapsulese\/"},"modified":"2026-03-24T17:05:10","modified_gmt":"2026-03-24T15:05:10","slug":"dzervenes-veganu-kapsulas","status":"publish","type":"product","link":"https:\/\/purama.lt\/lv\/produktas\/spanguoles-veganiskose-kapsulese\/","title":{"rendered":"Dz\u0113rvenes veg\u0101nu kapsul\u0101s"},"content":{"rendered":"","protected":false},"excerpt":{"rendered":"<p><strong>Sveiki Priedes adatu pulveris:<\/strong> Dz\u0113rvenes ir dab\u012bgs antioksidantu un proantocianid\u012bnu avots, kas \u012bpa\u0161i nov\u0113rt\u0113ti, \u0146emot v\u0113r\u0101 to ietekmi uz ur\u012bnce\u013ciem. Inkapsul\u0113t\u0101 veid\u0101 \u013cauj \u0113rti lietot liel\u0101ku akt\u012bvo vielu koncentr\u0101ciju bez papildu cukura vai piedev\u0101m.<\/p>\n<p>K\u0101p\u0113c izv\u0113l\u0113ties:<br \/>\n\u2714 T\u012brs dz\u0113rve\u0146u ekstrakts kapsul\u0101s<br \/>\n\u2714 Atbalsta ur\u012bnce\u013cu vesel\u012bbu<br \/>\n\u2714 Piem\u0113rots ikdienas lieto\u0161anai<br \/>\n\u2714 Veg\u0101ns, bez cukura<\/p>","protected":false},"featured_media":36161,"comment_status":"open","ping_status":"closed","template":"","meta":{"_acf_changed":false},"product_brand":[458],"product_cat":[123,251,122,265],"product_tag":[],"class_list":{"0":"post-36200","1":"product","2":"type-product","3":"status-publish","4":"has-post-thumbnail","6":"product_brand-sveikadienis","7":"product_cat-papildai-ilgaamziskumui","8":"product_cat-antioksidantai","9":"product_cat-lasteliu-jaunystei","10":"product_cat-zarnynas-ir-mikrobioma","12":"first","13":"instock","14":"shipping-taxable","15":"purchasable","16":"product-type-simple"},"acf":[],"tiered_pricing_type":"fixed","tiered_pricing_fixed_rules":[],"tiered_pricing_product_settings":{"layout":"default","base_unit_name":{"singular":null,"plural":null},"default_variation":null},"tiered_pricing_minimum_quantity":null,"tiered_pricing_roles_data":[],"tiered_pricing_percentage_rules":[],"_links":{"self":[{"href":"https:\/\/purama.lt\/lv\/wp-json\/wp\/v2\/product\/36200","targetHints":{"allow":["GET"]}}],"collection":[{"href":"https:\/\/purama.lt\/lv\/wp-json\/wp\/v2\/product"}],"about":[{"href":"https:\/\/purama.lt\/lv\/wp-json\/wp\/v2\/types\/product"}],"replies":[{"embeddable":true,"href":"https:\/\/purama.lt\/lv\/wp-json\/wp\/v2\/comments?post=36200"}],"wp:featuredmedia":[{"embeddable":true,"href":"https:\/\/purama.lt\/lv\/wp-json\/wp\/v2\/media\/36161"}],"wp:attachment":[{"href":"https:\/\/purama.lt\/lv\/wp-json\/wp\/v2\/media?parent=36200"}],"wp:term":[{"taxonomy":"product_brand","embeddable":true,"href":"https:\/\/purama.lt\/lv\/wp-json\/wp\/v2\/product_brand?post=36200"},{"taxonomy":"product_cat","embeddable":true,"href":"https:\/\/purama.lt\/lv\/wp-json\/wp\/v2\/product_cat?post=36200"},{"taxonomy":"product_tag","embeddable":true,"href":"https:\/\/purama.lt\/lv\/wp-json\/wp\/v2\/product_tag?post=36200"}],"curies":[{"name":"wp","href":"https:\/\/api.w.org\/{rel}","templated":true}]}}