{"id":36199,"date":"2025-06-18T06:31:49","date_gmt":"2025-06-18T06:31:49","guid":{"rendered":"https:\/\/purama.lt\/produktas\/pusu-spygliu-milteliai\/"},"modified":"2026-03-24T17:04:32","modified_gmt":"2026-03-24T15:04:32","slug":"puskujkoku-pulveris","status":"publish","type":"product","link":"https:\/\/purama.lt\/lv\/produktas\/pusu-spygliu-milteliai\/","title":{"rendered":"Sveiki Prie\u017eu adatu pulveris"},"content":{"rendered":"","protected":false},"excerpt":{"rendered":"<p><strong>Sveiki Priedes adatu pulveris:<\/strong> ir koncentr\u0113ts dabisks l\u012bdzeklis t\u0113jas vai uztura bag\u0101tin\u0101t\u0101ju pagatavo\u0161anai. Tradicion\u0101li tiek lietots elpo\u0161anas funkciju atbalstam un organisma pretest\u012bbas stiprin\u0101\u0161anai.<\/p>\n<p><strong>K\u0101p\u0113c izv\u0113l\u0113ties:<\/strong><br \/>\n\u2714 100 % Dabiski, smalki samalti muguri\u0146i<br \/>\n\u2714 Piem\u0113rots gan iek\u0161\u0113jai lieto\u0161anai, gan kosm\u0113tikas lietojumiem<br \/>\n\u2714 Nav sint\u0113tisko piedevu vai konservantu<\/p>","protected":false},"featured_media":36172,"comment_status":"open","ping_status":"closed","template":"","meta":{"_acf_changed":false},"product_brand":[458],"product_cat":[123,251,252,122,250,254],"product_tag":[],"class_list":{"0":"post-36199","1":"product","2":"type-product","3":"status-publish","4":"has-post-thumbnail","6":"product_brand-sveikadienis","7":"product_cat-papildai-ilgaamziskumui","8":"product_cat-antioksidantai","9":"product_cat-imunitetui","10":"product_cat-lasteliu-jaunystei","11":"product_cat-telomeru-ir-dnr-apsauga","12":"product_cat-uzdegimo-mazinimas","14":"first","15":"instock","16":"shipping-taxable","17":"purchasable","18":"product-type-simple"},"acf":[],"tiered_pricing_type":"fixed","tiered_pricing_fixed_rules":[],"tiered_pricing_product_settings":{"layout":"default","base_unit_name":{"singular":null,"plural":null},"default_variation":null},"tiered_pricing_minimum_quantity":null,"tiered_pricing_roles_data":[],"tiered_pricing_percentage_rules":[],"_links":{"self":[{"href":"https:\/\/purama.lt\/lv\/wp-json\/wp\/v2\/product\/36199","targetHints":{"allow":["GET"]}}],"collection":[{"href":"https:\/\/purama.lt\/lv\/wp-json\/wp\/v2\/product"}],"about":[{"href":"https:\/\/purama.lt\/lv\/wp-json\/wp\/v2\/types\/product"}],"replies":[{"embeddable":true,"href":"https:\/\/purama.lt\/lv\/wp-json\/wp\/v2\/comments?post=36199"}],"wp:featuredmedia":[{"embeddable":true,"href":"https:\/\/purama.lt\/lv\/wp-json\/wp\/v2\/media\/36172"}],"wp:attachment":[{"href":"https:\/\/purama.lt\/lv\/wp-json\/wp\/v2\/media?parent=36199"}],"wp:term":[{"taxonomy":"product_brand","embeddable":true,"href":"https:\/\/purama.lt\/lv\/wp-json\/wp\/v2\/product_brand?post=36199"},{"taxonomy":"product_cat","embeddable":true,"href":"https:\/\/purama.lt\/lv\/wp-json\/wp\/v2\/product_cat?post=36199"},{"taxonomy":"product_tag","embeddable":true,"href":"https:\/\/purama.lt\/lv\/wp-json\/wp\/v2\/product_tag?post=36199"}],"curies":[{"name":"wp","href":"https:\/\/api.w.org\/{rel}","templated":true}]}}