{"id":36197,"date":"2025-06-18T06:31:49","date_gmt":"2025-06-18T06:31:49","guid":{"rendered":"https:\/\/purama.lt\/produktas\/chaga-grybu-milteliai\/"},"modified":"2026-04-21T08:31:07","modified_gmt":"2026-04-21T06:31:07","slug":"caga-senu-pulveris","status":"publish","type":"product","link":"https:\/\/purama.lt\/lv\/produktas\/chaga-grybu-milteliai\/","title":{"rendered":"Vesel\u012bbas diena Chaga s\u0113\u0146u pulveris"},"content":{"rendered":"","protected":false},"excerpt":{"rendered":"<p><strong>Sveikadienis \u010caga s\u0113\u0146u pulveris:<\/strong> 100 % t\u012bra d\u016bmu s\u0113\u0146u pulveris bez piedev\u0101m ir dabisks veids, k\u0101 atbalst\u012bt organisma iztur\u012bbu un ener\u0123iju. Pulveris ir lieliski piem\u0113rots t\u0113jas, koktei\u013cu vai citu dz\u0113rienu pagatavo\u0161anai. S\u0113ne ir paz\u012bstama k\u0101 \u201eme\u017ea zelts\u201d ar sav\u0101m adaptog\u0113naj\u0101m un aizsarg\u0101jo\u0161aj\u0101m \u012bpa\u0161\u012bb\u0101m.<\/p>\n<p><strong>K\u0101p\u0113c izv\u0113l\u0113ties:<\/strong><br \/>\n\u2714 100 % dabisks, bez piedev\u0101m<br \/>\n\u2714 T\u0113jai, koktei\u013ciem vai ekstraktiem<br \/>\n\u2714 Atbalsta im\u016bnsist\u0113mu un organisma iztur\u012bbu<br \/>\n\u2714 Piem\u0113rots ve\u0123et\u0101rie\u0161iem un veg\u0101niem<\/p>","protected":false},"featured_media":36173,"comment_status":"open","ping_status":"closed","template":"","meta":{"_acf_changed":false},"product_brand":[458],"product_cat":[123,251,252,122,255,249],"product_tag":[],"class_list":{"0":"post-36197","1":"product","2":"type-product","3":"status-publish","4":"has-post-thumbnail","6":"product_brand-sveikadienis","7":"product_cat-papildai-ilgaamziskumui","8":"product_cat-antioksidantai","9":"product_cat-imunitetui","10":"product_cat-lasteliu-jaunystei","11":"product_cat-oksidacinio-streso-mazinimas","12":"product_cat-senolitikai","14":"first","15":"instock","16":"shipping-taxable","17":"purchasable","18":"product-type-simple"},"acf":[],"tiered_pricing_type":"fixed","tiered_pricing_fixed_rules":[],"tiered_pricing_product_settings":{"layout":"default","base_unit_name":{"singular":null,"plural":null},"default_variation":null},"tiered_pricing_minimum_quantity":null,"tiered_pricing_roles_data":[],"tiered_pricing_percentage_rules":[],"_links":{"self":[{"href":"https:\/\/purama.lt\/lv\/wp-json\/wp\/v2\/product\/36197","targetHints":{"allow":["GET"]}}],"collection":[{"href":"https:\/\/purama.lt\/lv\/wp-json\/wp\/v2\/product"}],"about":[{"href":"https:\/\/purama.lt\/lv\/wp-json\/wp\/v2\/types\/product"}],"replies":[{"embeddable":true,"href":"https:\/\/purama.lt\/lv\/wp-json\/wp\/v2\/comments?post=36197"}],"wp:featuredmedia":[{"embeddable":true,"href":"https:\/\/purama.lt\/lv\/wp-json\/wp\/v2\/media\/36173"}],"wp:attachment":[{"href":"https:\/\/purama.lt\/lv\/wp-json\/wp\/v2\/media?parent=36197"}],"wp:term":[{"taxonomy":"product_brand","embeddable":true,"href":"https:\/\/purama.lt\/lv\/wp-json\/wp\/v2\/product_brand?post=36197"},{"taxonomy":"product_cat","embeddable":true,"href":"https:\/\/purama.lt\/lv\/wp-json\/wp\/v2\/product_cat?post=36197"},{"taxonomy":"product_tag","embeddable":true,"href":"https:\/\/purama.lt\/lv\/wp-json\/wp\/v2\/product_tag?post=36197"}],"curies":[{"name":"wp","href":"https:\/\/api.w.org\/{rel}","templated":true}]}}